{"id":4679,"date":"2022-11-14T14:41:41","date_gmt":"2022-11-14T13:41:41","guid":{"rendered":"https:\/\/antcube.shop\/produkt\/lehmfarbe-beige-100ml\/"},"modified":"2026-03-23T12:06:53","modified_gmt":"2026-03-23T11:06:53","slug":"vopsea-de-lut-bej-100ml","status":"publish","type":"product","link":"https:\/\/antcube.shop\/ro\/produs\/vopsea-de-lut-bej-100ml\/","title":{"rendered":"Vopsea de argil\u0103 - bej - 100ml"},"content":{"rendered":"<p><strong>Cantitate:<\/strong> 100ml<\/p>\n<p><strong>Descriere:<\/strong> Acest amestec nu este toxic \u0219i este relativ rezistent la ap\u0103 pe tencuial\u0103 \u0219i beton, dar \u00een rest este solubil \u00een ap\u0103.<\/p>\n<p><strong>Mod de utilizare:\u00a0<\/strong><br \/>\nAcest amestec este gata de utilizare \u0219i poate fi aplicat imediat cu o pensul\u0103 pe tencuial\u0103 sau pe beton celular.<br \/>\n100 ml sunt suficien\u021bi pentru aproximativ 1\/4m\u00b2 de beton celular sau 1\/2m\u00b2 de tencuial\u0103.<br \/>\nC\u00e2nd este umed\u0103, suprafa\u021ba poate fi pres\u0103rat\u0103 cu nisip, de exemplu, pentru a ob\u021bine un aspect \u0219i mai natural.<\/p>\n<p>&nbsp;<\/p>\n<p>&nbsp;<\/p>","protected":false},"excerpt":{"rendered":"<p>Cantitate: 100ml Descriere: Acest amestec este netoxic \u0219i relativ rezistent la ap\u0103 pe tencuial\u0103 \u0219i beton, dar \u00een rest este solubil \u00een ap\u0103. Mod de utilizare: Acest amestec este gata de utilizare \u0219i poate fi aplicat imediat pe tencuial\u0103 sau beton celular cu ajutorul unei pensule. 100ml sunt suficien\u021bi pentru aproximativ 1\/4m\u00b2 de beton celular sau 1\/2m\u00b2 de tencuial\u0103. C\u00e2nd","protected":false},"featured_media":5004,"comment_status":"open","ping_status":"closed","template":"","meta":{"_acf_changed":false,"content-type":"","_monsterinsights_skip_tracking":false,"_monsterinsights_sitenote_active":false,"_monsterinsights_sitenote_note":"","_monsterinsights_sitenote_category":0},"product_brand":[],"product_cat":[237],"product_tag":[],"class_list":{"0":"post-4679","1":"product","2":"type-product","3":"status-publish","4":"has-post-thumbnail","6":"product_cat-tools","8":"first","9":"instock","10":"taxable","11":"shipping-taxable","12":"purchasable","13":"product-type-simple"},"acf":[],"aioseo_notices":[],"jetpack_sharing_enabled":true,"_links":{"self":[{"href":"https:\/\/antcube.shop\/ro\/wp-json\/wp\/v2\/product\/4679","targetHints":{"allow":["GET"]}}],"collection":[{"href":"https:\/\/antcube.shop\/ro\/wp-json\/wp\/v2\/product"}],"about":[{"href":"https:\/\/antcube.shop\/ro\/wp-json\/wp\/v2\/types\/product"}],"replies":[{"embeddable":true,"href":"https:\/\/antcube.shop\/ro\/wp-json\/wp\/v2\/comments?post=4679"}],"wp:featuredmedia":[{"embeddable":true,"href":"https:\/\/antcube.shop\/ro\/wp-json\/wp\/v2\/media\/5004"}],"wp:attachment":[{"href":"https:\/\/antcube.shop\/ro\/wp-json\/wp\/v2\/media?parent=4679"}],"wp:term":[{"taxonomy":"product_brand","embeddable":true,"href":"https:\/\/antcube.shop\/ro\/wp-json\/wp\/v2\/product_brand?post=4679"},{"taxonomy":"product_cat","embeddable":true,"href":"https:\/\/antcube.shop\/ro\/wp-json\/wp\/v2\/product_cat?post=4679"},{"taxonomy":"product_tag","embeddable":true,"href":"https:\/\/antcube.shop\/ro\/wp-json\/wp\/v2\/product_tag?post=4679"}],"curies":[{"name":"wp","href":"https:\/\/api.w.org\/{rel}","templated":true}]}}