{"id":4678,"date":"2022-11-14T14:41:24","date_gmt":"2022-11-14T13:41:24","guid":{"rendered":"https:\/\/antcube.shop\/produkt\/klebefilm-glasklar\/"},"modified":"2026-04-03T22:49:17","modified_gmt":"2026-04-03T20:49:17","slug":"folie-adeziva-crystal-clear","status":"publish","type":"product","link":"https:\/\/antcube.shop\/ro\/produs\/folie-adeziva-crystal-clear\/","title":{"rendered":"Pelicul\u0103 adeziv\u0103 cristalin\u0103"},"content":{"rendered":"<p><strong>Dimensiuni (LxLxA):<\/strong> 10m x19 mm<\/p>\n<p><strong>Material:<\/strong> polipropilen\u0103<\/p>\n<p><strong>Culoare:<\/strong> cristalin \/ transparent<\/p>\n<p><strong>Con\u021binut:<\/strong><br \/>\n1x rol\u0103 de film adeziv<\/p>\n<p><strong>Descriere:<\/strong><br \/>\nIdeal pentru a ata\u0219a o folie de acoperire ro\u0219ie sau un perete spate foto la formicarium.<br \/>\nAre o rezisten\u021b\u0103 ridicat\u0103 la \u00eemb\u0103tr\u00e2nire, este foarte rezistent la rupere \u0219i are o for\u021b\u0103 adeziv\u0103 puternic\u0103.<br \/>\nDe asemenea, este potrivit pentru a lipi geamurile de sticl\u0103 \u00eentre ele.<\/p>\n<p><strong>Cerere:<\/strong><br \/>\nBanda adeziv\u0103 poate fi t\u0103iat\u0103 cu o foarfec\u0103 sau cu un cutter.<br \/>\nFixa\u021bi folia de acoperire sau fotografia \u00eenapoi pe geamul formicariumului, apoi fixa\u021bi-o cu ajutorul benzii adezive.<\/p>","protected":false},"excerpt":{"rendered":"<p>Dimensiuni (LxLxH): 10m x19 mm Material: polipropilen\u0103 Culoare: cristalin \/ transparent Con\u021binut:: 1x rol\u0103 de folie adeziv\u0103 Descriere: Ideal\u0103 pentru a ata\u0219a la formicarium o folie de acoperire ro\u0219ie sau un perete spate foto. Are o rezisten\u021b\u0103 ridicat\u0103 la \u00eemb\u0103tr\u00e2nire, este foarte rezistent la rupere \u0219i are o for\u021b\u0103 adeziv\u0103 puternic\u0103. De asemenea, este potrivit\u0103 pentru a lipi geamurile de sticl\u0103 \u00eentre ele. Aplica\u021bie: Se poate folosi pentru a acoperi o parte din suprafa\u021ba de sticl\u0103:","protected":false},"featured_media":5007,"comment_status":"open","ping_status":"closed","template":"","meta":{"_acf_changed":false,"content-type":"","_monsterinsights_skip_tracking":false,"_monsterinsights_sitenote_active":false,"_monsterinsights_sitenote_note":"","_monsterinsights_sitenote_category":0},"product_brand":[],"product_cat":[237],"product_tag":[],"class_list":{"0":"post-4678","1":"product","2":"type-product","3":"status-publish","4":"has-post-thumbnail","6":"product_cat-tools","8":"first","9":"instock","10":"taxable","11":"shipping-taxable","12":"purchasable","13":"product-type-simple"},"acf":[],"aioseo_notices":[],"jetpack_sharing_enabled":true,"_links":{"self":[{"href":"https:\/\/antcube.shop\/ro\/wp-json\/wp\/v2\/product\/4678","targetHints":{"allow":["GET"]}}],"collection":[{"href":"https:\/\/antcube.shop\/ro\/wp-json\/wp\/v2\/product"}],"about":[{"href":"https:\/\/antcube.shop\/ro\/wp-json\/wp\/v2\/types\/product"}],"replies":[{"embeddable":true,"href":"https:\/\/antcube.shop\/ro\/wp-json\/wp\/v2\/comments?post=4678"}],"wp:featuredmedia":[{"embeddable":true,"href":"https:\/\/antcube.shop\/ro\/wp-json\/wp\/v2\/media\/5007"}],"wp:attachment":[{"href":"https:\/\/antcube.shop\/ro\/wp-json\/wp\/v2\/media?parent=4678"}],"wp:term":[{"taxonomy":"product_brand","embeddable":true,"href":"https:\/\/antcube.shop\/ro\/wp-json\/wp\/v2\/product_brand?post=4678"},{"taxonomy":"product_cat","embeddable":true,"href":"https:\/\/antcube.shop\/ro\/wp-json\/wp\/v2\/product_cat?post=4678"},{"taxonomy":"product_tag","embeddable":true,"href":"https:\/\/antcube.shop\/ro\/wp-json\/wp\/v2\/product_tag?post=4678"}],"curies":[{"name":"wp","href":"https:\/\/api.w.org\/{rel}","templated":true}]}}