{"id":4660,"date":"2022-11-14T14:36:25","date_gmt":"2022-11-14T13:36:25","guid":{"rendered":"https:\/\/antcube.shop\/produkt\/wassergel-500ml-gebrauchsfertig\/"},"modified":"2026-04-07T13:50:35","modified_gmt":"2026-04-07T11:50:35","slug":"wassergel-500ml-gebrauchsfertig","status":"publish","type":"product","link":"https:\/\/antcube.shop\/ro\/produs\/wassergel-500ml-gebrauchsfertig\/","title":{"rendered":"Gel de ap\u0103 500ml - gata de utilizare"},"content":{"rendered":"<p><strong>Con\u021binut:<\/strong> 500 ml<\/p>\n<p><strong>Descriere:<\/strong> Con\u021binut: 500 ml\r\n\r\nDescriere: Gelul de ap\u0103 este ap\u0103 sub form\u0103 de gel \u0219i, prin urmare, este foarte u\u0219or \u0219i flexibil de utilizat. Nu ave\u021bi nevoie de un castron de ap\u0103, pe care animalele \u00eel pot murd\u0103ri \u0219i \u00een care se pot \u00eeneca, dar tot le pute\u021bi oferi suficient\u0103 umiditate cu acest gel. Gelul de ap\u0103 poate fi folosit \u0219i pentru a hr\u0103ni animalele, ceea ce le va men\u021bine \u00een via\u021b\u0103 mai mult timp.<\/p>","protected":false},"excerpt":{"rendered":"<p>Con\u021binut: 500 ml Descriere: Gelul de ap\u0103 este ap\u0103 sub form\u0103 de gel \u0219i, prin urmare, este foarte u\u0219or \u0219i flexibil de utilizat. Nu ave\u021bi nevoie de un castron de ap\u0103, pe care animalele \u00eel pot murd\u0103ri \u0219i \u00een care se pot \u00eeneca, dar tot le pute\u021bi oferi suficient\u0103 umiditate cu acest gel. Gelul de ap\u0103 poate fi folosit \u0219i pentru hr\u0103nirea animalelor,","protected":false},"featured_media":5038,"comment_status":"open","ping_status":"closed","template":"","meta":{"_acf_changed":false,"content-type":"","_monsterinsights_skip_tracking":false,"_monsterinsights_sitenote_active":false,"_monsterinsights_sitenote_note":"","_monsterinsights_sitenote_category":0},"product_brand":[],"product_cat":[115,116],"product_tag":[],"class_list":{"0":"post-4660","1":"product","2":"type-product","3":"status-publish","4":"has-post-thumbnail","6":"product_cat-food-and-feeding","7":"product_cat-food","9":"first","10":"instock","11":"taxable","12":"shipping-taxable","13":"purchasable","14":"product-type-simple"},"acf":[],"aioseo_notices":[],"jetpack_sharing_enabled":true,"_links":{"self":[{"href":"https:\/\/antcube.shop\/ro\/wp-json\/wp\/v2\/product\/4660","targetHints":{"allow":["GET"]}}],"collection":[{"href":"https:\/\/antcube.shop\/ro\/wp-json\/wp\/v2\/product"}],"about":[{"href":"https:\/\/antcube.shop\/ro\/wp-json\/wp\/v2\/types\/product"}],"replies":[{"embeddable":true,"href":"https:\/\/antcube.shop\/ro\/wp-json\/wp\/v2\/comments?post=4660"}],"wp:featuredmedia":[{"embeddable":true,"href":"https:\/\/antcube.shop\/ro\/wp-json\/wp\/v2\/media\/5038"}],"wp:attachment":[{"href":"https:\/\/antcube.shop\/ro\/wp-json\/wp\/v2\/media?parent=4660"}],"wp:term":[{"taxonomy":"product_brand","embeddable":true,"href":"https:\/\/antcube.shop\/ro\/wp-json\/wp\/v2\/product_brand?post=4660"},{"taxonomy":"product_cat","embeddable":true,"href":"https:\/\/antcube.shop\/ro\/wp-json\/wp\/v2\/product_cat?post=4660"},{"taxonomy":"product_tag","embeddable":true,"href":"https:\/\/antcube.shop\/ro\/wp-json\/wp\/v2\/product_tag?post=4660"}],"curies":[{"name":"wp","href":"https:\/\/api.w.org\/{rel}","templated":true}]}}