{"id":4656,"date":"2022-11-14T14:35:20","date_gmt":"2022-11-14T13:35:20","guid":{"rendered":"https:\/\/antcube.shop\/produkt\/regenwaldhonig-re-nachfullpack-10ml\/"},"modified":"2026-04-05T11:59:16","modified_gmt":"2026-04-05T09:59:16","slug":"rainforest-honey-refill-pack-10ml","status":"publish","type":"product","link":"https:\/\/antcube.shop\/ro\/produs\/rainforest-honey-refill-pack-10ml\/","title":{"rendered":"Miere din p\u0103durea tropical\u0103 (Re) - pachet de reumplere 10ml"},"content":{"rendered":"<p><strong>Con\u021binut:<\/strong> 10 ml<\/p>\n<p><strong>Descriere:<\/strong> Acesta este un produs pur natural. Mierea provine din p\u0103durile tropicale \u0219i, prin urmare, este ideal\u0103 pentru speciile de furnici originare din p\u0103durile tropicale.<\/p>\n<p><strong>Cerere:<\/strong> Tubul de hr\u0103nire poate fi plasat ca un \u00eentreg \u00een formicariu; alternativ, se pot ad\u0103uga cantit\u0103\u021bi mai mici \u00eentr-un bol de hr\u0103nire, \u00een func\u021bie de necesit\u0103\u021bi\/\u00een func\u021bie de m\u0103rimea coloniei. Cantitatea de hran\u0103 trebuie folosit\u0103 \u00een aproximativ 3 zile, altfel exist\u0103 riscul apari\u021biei mucegaiului \u0219i, din acela\u0219i motiv, cur\u0103\u021ba\u021bi bolul de hran\u0103 \u00eenainte de a-l umple din nou.<\/p>\n<p><strong>Utilizare:<\/strong><br \/>\nMierea din de\u0219ert = pentru speciile de furnici melifere (Meliphagidae).<br \/>\nEste un furaj suplimentar (furaj unic)<br \/>\nAcesta poate fi oferit animalelor \u00een stare de livrare. Deoarece umiditatea reduce concentra\u021bia de zah\u0103r \u0219i \u00eencepe un proces de fermentare, hrana trebuie \u00eenlocuit\u0103 la fiecare 3 zile. Cur\u0103\u021ba\u021bi temeinic bolul\/tubul de hran\u0103 \u00eenainte de reutilizare.<br \/>\nUn ambalaj deschis trebuie folosit bine \u00eenchis p\u00e2n\u0103 la data indicat\u0103 (data limit\u0103 de consum).<\/p>\n<p><strong>Con\u021bine:<\/strong> Ingredientele din miere \u00een general, propor\u021biile variaz\u0103 \u00een func\u021bie de tipul de miere.<br \/>\n- aprox. 38 % zah\u0103r din fructe (fructoz\u0103)<br \/>\n- aprox. 32 % dextroz\u0103 (glucoz\u0103)<br \/>\n- aprox. 20 % ap\u0103<br \/>\n- aprox. 5 % zaharuri multiple %<br \/>\n- aprox. 5 vitamine % (B1, B2, B6, C, H)<br \/>\nMinerale (potasiu, calciu, cupru, fier, fier, sodiu, magneziu, fosfor, zinc \u0219i alte oligoelemente) Aminoacizi (prolin\u0103, leucin\u0103, fenilalanin\u0103, alanin\u0103, histidin\u0103, izoleucin\u0103, acid glutamic, arginin\u0103, acid aspartic etc.) Acizi organici Enzime (fermen\u021bi)Arome Inhibitori (substan\u021be antibacteriene) Flori Polen<\/p>\n<p><strong>Depozitare:<\/strong> pentru a asigura calitatea furajelor, acestea trebuie depozitate \u00eentr-un loc \u00eentunecos \u0219i uscat.<\/p>\n<p><strong>Aviz:<\/strong><br \/>\nInforma\u021bii privind modul de utilizare a tuburilor de alimentare pot fi g\u0103site aici: Link<br \/>\nHran\u0103 suplimentar\u0103 pentru furnicile m\u00e2nc\u0103toare de miere.<br \/>\nV\u0103 rug\u0103m s\u0103 consulta\u021bi prospectul pentru compozi\u021bia, componentele analitice, data limit\u0103 de consum \u0219i num\u0103rul de lot.<\/p>\n<p>Linia telefonic\u0103 pentru informa\u021bii +49 30 439703870<\/p>\n<p>Autoritatea veterinar\u0103 \u0219i de supraveghere alimentar\u0103 responsabil\u0103:<br \/>\nCabinet veterinar Steglitz<br \/>\nK\u00f6nigin-Luise-Str. 92<br \/>\n14195 Berlin<\/p>","protected":false},"excerpt":{"rendered":"<p>Alimente suplimentare<\/p>","protected":false},"featured_media":5055,"comment_status":"open","ping_status":"closed","template":"","meta":{"_acf_changed":false,"content-type":"","_monsterinsights_skip_tracking":false,"_monsterinsights_sitenote_active":false,"_monsterinsights_sitenote_note":"","_monsterinsights_sitenote_category":0},"product_brand":[],"product_cat":[115,116],"product_tag":[],"class_list":{"0":"post-4656","1":"product","2":"type-product","3":"status-publish","4":"has-post-thumbnail","6":"product_cat-food-and-feeding","7":"product_cat-food","9":"first","10":"instock","11":"taxable","12":"shipping-taxable","13":"purchasable","14":"product-type-simple"},"acf":[],"aioseo_notices":[],"jetpack_sharing_enabled":true,"_links":{"self":[{"href":"https:\/\/antcube.shop\/ro\/wp-json\/wp\/v2\/product\/4656","targetHints":{"allow":["GET"]}}],"collection":[{"href":"https:\/\/antcube.shop\/ro\/wp-json\/wp\/v2\/product"}],"about":[{"href":"https:\/\/antcube.shop\/ro\/wp-json\/wp\/v2\/types\/product"}],"replies":[{"embeddable":true,"href":"https:\/\/antcube.shop\/ro\/wp-json\/wp\/v2\/comments?post=4656"}],"wp:featuredmedia":[{"embeddable":true,"href":"https:\/\/antcube.shop\/ro\/wp-json\/wp\/v2\/media\/5055"}],"wp:attachment":[{"href":"https:\/\/antcube.shop\/ro\/wp-json\/wp\/v2\/media?parent=4656"}],"wp:term":[{"taxonomy":"product_brand","embeddable":true,"href":"https:\/\/antcube.shop\/ro\/wp-json\/wp\/v2\/product_brand?post=4656"},{"taxonomy":"product_cat","embeddable":true,"href":"https:\/\/antcube.shop\/ro\/wp-json\/wp\/v2\/product_cat?post=4656"},{"taxonomy":"product_tag","embeddable":true,"href":"https:\/\/antcube.shop\/ro\/wp-json\/wp\/v2\/product_tag?post=4656"}],"curies":[{"name":"wp","href":"https:\/\/api.w.org\/{rel}","templated":true}]}}