{"id":4655,"date":"2022-11-14T14:35:04","date_gmt":"2022-11-14T13:35:04","guid":{"rendered":"https:\/\/antcube.shop\/produkt\/zucker-honiglosung-zh-nachfullpack-10ml\/"},"modified":"2026-04-20T09:56:27","modified_gmt":"2026-04-20T07:56:27","slug":"sugar-honey-solution-refill-pack-10ml","status":"publish","type":"product","link":"https:\/\/antcube.shop\/ro\/produs\/sugar-honey-solution-refill-pack-10ml\/","title":{"rendered":"Solu\u021bie de miere de zah\u0103r (ZH) - pachet de reumplere 10ml"},"content":{"rendered":"<p><strong>Con\u021binut:<\/strong> 10 ml<\/p>\n<p><strong>Descriere:<\/strong> Acesta este un produs format din diver\u0219i carbohidra\u021bi (cum ar fi mierea \u0219i zah\u0103rul).<\/p>\n<p><strong>Cerere:<\/strong> Tubul de hr\u0103nire poate fi plasat ca un \u00eentreg \u00een formicariu; alternativ, se pot ad\u0103uga cantit\u0103\u021bi mai mici \u00eentr-un bol de hr\u0103nire, \u00een func\u021bie de necesit\u0103\u021bi\/\u00een func\u021bie de m\u0103rimea coloniei. Cantitatea de hran\u0103 trebuie folosit\u0103 \u00een aproximativ 3 zile, altfel exist\u0103 riscul apari\u021biei mucegaiului \u0219i, din acela\u0219i motiv, cur\u0103\u021ba\u021bi bolul de hran\u0103 \u00eenainte de a-l umple din nou.<\/p>\n<p><strong>Utilizare:<\/strong><br \/>\nHran\u0103 cu carbohidra\u021bi = pentru speciile de furnici consumatoare de zah\u0103r\/miere<br \/>\nEste un furaj suplimentar (furaj mixt)<br \/>\nPoate fi amestecat cu o pic\u0103tur\u0103 de ap\u0103 \u0219i se p\u0103streaz\u0103 timp de 3 zile c\u00e2nd este umed. Cur\u0103\u021ba\u021bi temeinic bolul\/tubul de hr\u0103nire \u00eenainte de reutilizare.<br \/>\nUn ambalaj deschis trebuie utilizat bine \u00eenchis (dac\u0103 este p\u0103strat la uscat) p\u00e2n\u0103 la data indicat\u0103 (data limit\u0103 de consum).<\/p>\n<p><strong>Con\u021bine:<\/strong><br \/>\nFructoz\u0103 27 la 44%,<br \/>\nGlucoz\u0103 22 la 41%,<br \/>\nZaharoz\u0103 p\u00e2n\u0103 la 5%,<br \/>\nmaltoz\u0103 4 la 14%,<br \/>\nalte zaharuri multiple de la 1 la 14%.<br \/>\n<strong>Gr\u0103sime:<\/strong> 0g<br \/>\n<strong>Carbohidra\u021bi:<\/strong> 92g<br \/>\n<strong>Proteine:<\/strong> 0g<br \/>\n<strong>Sare:<\/strong> 0g<\/p>\n<p>Depozitare: pentru a asigura calitatea hranei pentru animale, aceasta trebuie depozitat\u0103 \u00eentr-un loc \u00eentunecos \u0219i uscat.<\/p>\n<p><strong>Aviz:<\/strong><br \/>\nInforma\u021bii privind modul de utilizare a tuburilor de alimentare pot fi g\u0103site aici: Link<br \/>\nV\u0103 rug\u0103m s\u0103 consulta\u021bi prospectul pentru compozi\u021bie, ingrediente analitice, data limit\u0103 de consum \u0219i num\u0103rul de lot.<\/p>\n<p>Linia telefonic\u0103 pentru informa\u021bii +49 30 439703870<\/p>\n<p>Autoritatea veterinar\u0103 \u0219i de supraveghere alimentar\u0103 responsabil\u0103:<br \/>\nCabinet veterinar Steglitz<br \/>\nK\u00f6nigin-Luise-Str. 92<br \/>\n14195 Berlin<\/p>","protected":false},"excerpt":{"rendered":"<p>Alimente suplimentare<\/p>","protected":false},"featured_media":5058,"comment_status":"open","ping_status":"closed","template":"","meta":{"_acf_changed":false,"content-type":"","_monsterinsights_skip_tracking":false,"_monsterinsights_sitenote_active":false,"_monsterinsights_sitenote_note":"","_monsterinsights_sitenote_category":0},"product_brand":[],"product_cat":[115,116],"product_tag":[],"class_list":{"0":"post-4655","1":"product","2":"type-product","3":"status-publish","4":"has-post-thumbnail","6":"product_cat-food-and-feeding","7":"product_cat-food","9":"first","10":"outofstock","11":"taxable","12":"shipping-taxable","13":"purchasable","14":"product-type-simple"},"acf":[],"aioseo_notices":[],"jetpack_sharing_enabled":true,"_links":{"self":[{"href":"https:\/\/antcube.shop\/ro\/wp-json\/wp\/v2\/product\/4655","targetHints":{"allow":["GET"]}}],"collection":[{"href":"https:\/\/antcube.shop\/ro\/wp-json\/wp\/v2\/product"}],"about":[{"href":"https:\/\/antcube.shop\/ro\/wp-json\/wp\/v2\/types\/product"}],"replies":[{"embeddable":true,"href":"https:\/\/antcube.shop\/ro\/wp-json\/wp\/v2\/comments?post=4655"}],"wp:featuredmedia":[{"embeddable":true,"href":"https:\/\/antcube.shop\/ro\/wp-json\/wp\/v2\/media\/5058"}],"wp:attachment":[{"href":"https:\/\/antcube.shop\/ro\/wp-json\/wp\/v2\/media?parent=4655"}],"wp:term":[{"taxonomy":"product_brand","embeddable":true,"href":"https:\/\/antcube.shop\/ro\/wp-json\/wp\/v2\/product_brand?post=4655"},{"taxonomy":"product_cat","embeddable":true,"href":"https:\/\/antcube.shop\/ro\/wp-json\/wp\/v2\/product_cat?post=4655"},{"taxonomy":"product_tag","embeddable":true,"href":"https:\/\/antcube.shop\/ro\/wp-json\/wp\/v2\/product_tag?post=4655"}],"curies":[{"name":"wp","href":"https:\/\/api.w.org\/{rel}","templated":true}]}}