{"id":4654,"date":"2022-11-14T14:34:48","date_gmt":"2022-11-14T13:34:48","guid":{"rendered":"https:\/\/antcube.shop\/produkt\/zuckerlosung-z-nachfullpack-10ml\/"},"modified":"2026-04-16T15:56:26","modified_gmt":"2026-04-16T13:56:26","slug":"zahar-solutie-de-reumplere-10ml","status":"publish","type":"product","link":"https:\/\/antcube.shop\/ro\/produs\/zahar-solutie-de-reumplere-10ml\/","title":{"rendered":"Solu\u021bie de zah\u0103r (Z) - pachet de reumplere 10ml"},"content":{"rendered":"<p><strong>Con\u021binut:<\/strong> 10ml<\/p>\n<p><strong>Descriere:<\/strong> Solu\u021bia de zah\u0103r este o hran\u0103 suplimentar\u0103 la alte furaje.<\/p>\n<p><strong>Utilizare:<\/strong><br \/>\nSolu\u021bie de zah\u0103r = pentru speciile de furnici consumatoare de zah\u0103r.<br \/>\nEste un furaj suplimentar (furaj unic)<br \/>\nAcesta poate fi oferit animalelor \u00een stare de livrare. Poate fi folosit p\u00e2n\u0103 c\u00e2nd zah\u0103rul se usuc\u0103. Cur\u0103\u021ba\u021bi temeinic bolul\/tubul de hr\u0103nire \u00eenainte de reutilizare.<br \/>\nUn ambalaj deschis trebuie folosit bine \u00eenchis p\u00e2n\u0103 la data indicat\u0103 (data limit\u0103 de consum).<\/p>\n<p><strong>Con\u021bine:<\/strong><br \/>\nZah\u0103r invertit 55%<br \/>\nZaharoz\u0103 45%<\/p>\n<p><strong>Depozitare:<\/strong> pentru a asigura calitatea furajelor, acestea trebuie depozitate \u00eentr-un loc \u00eentunecos \u0219i uscat.<\/p>\n<p><strong>Aviz:<\/strong><br \/>\nInforma\u021bii privind modul de utilizare a tuburilor de alimentare pot fi g\u0103site aici: Link<br \/>\nV\u0103 rug\u0103m s\u0103 consulta\u021bi prospectul pentru compozi\u021bie, ingrediente analitice, data limit\u0103 de consum \u0219i num\u0103rul de lot.<\/p>\n<p>Linia telefonic\u0103 pentru informa\u021bii +49 30 439703870<\/p>\n<p>Autoritatea veterinar\u0103 \u0219i de supraveghere alimentar\u0103 responsabil\u0103:<br \/>\nCabinet veterinar Steglitz<br \/>\nK\u00f6nigin-Luise-Str. 92<br \/>\n14195 Berlin<\/p>","protected":false},"excerpt":{"rendered":"<p>Alimente suplimentare<\/p>","protected":false},"featured_media":5063,"comment_status":"open","ping_status":"closed","template":"","meta":{"_acf_changed":false,"content-type":"","_monsterinsights_skip_tracking":false,"_monsterinsights_sitenote_active":false,"_monsterinsights_sitenote_note":"","_monsterinsights_sitenote_category":0},"product_brand":[],"product_cat":[115,116],"product_tag":[],"class_list":{"0":"post-4654","1":"product","2":"type-product","3":"status-publish","4":"has-post-thumbnail","6":"product_cat-food-and-feeding","7":"product_cat-food","9":"first","10":"instock","11":"taxable","12":"shipping-taxable","13":"purchasable","14":"product-type-simple"},"acf":[],"aioseo_notices":[],"jetpack_sharing_enabled":true,"_links":{"self":[{"href":"https:\/\/antcube.shop\/ro\/wp-json\/wp\/v2\/product\/4654","targetHints":{"allow":["GET"]}}],"collection":[{"href":"https:\/\/antcube.shop\/ro\/wp-json\/wp\/v2\/product"}],"about":[{"href":"https:\/\/antcube.shop\/ro\/wp-json\/wp\/v2\/types\/product"}],"replies":[{"embeddable":true,"href":"https:\/\/antcube.shop\/ro\/wp-json\/wp\/v2\/comments?post=4654"}],"wp:featuredmedia":[{"embeddable":true,"href":"https:\/\/antcube.shop\/ro\/wp-json\/wp\/v2\/media\/5063"}],"wp:attachment":[{"href":"https:\/\/antcube.shop\/ro\/wp-json\/wp\/v2\/media?parent=4654"}],"wp:term":[{"taxonomy":"product_brand","embeddable":true,"href":"https:\/\/antcube.shop\/ro\/wp-json\/wp\/v2\/product_brand?post=4654"},{"taxonomy":"product_cat","embeddable":true,"href":"https:\/\/antcube.shop\/ro\/wp-json\/wp\/v2\/product_cat?post=4654"},{"taxonomy":"product_tag","embeddable":true,"href":"https:\/\/antcube.shop\/ro\/wp-json\/wp\/v2\/product_tag?post=4654"}],"curies":[{"name":"wp","href":"https:\/\/api.w.org\/{rel}","templated":true}]}}