{"id":4648,"date":"2022-11-14T14:33:14","date_gmt":"2022-11-14T13:33:14","guid":{"rendered":"https:\/\/antcube.shop\/produkt\/himbeerblatter-100g-getrocknet\/"},"modified":"2026-04-07T13:12:14","modified_gmt":"2026-04-07T11:12:14","slug":"frunze-de-zmeura-100g-uscate","status":"publish","type":"product","link":"https:\/\/antcube.shop\/ro\/produs\/frunze-de-zmeura-100g-uscate\/","title":{"rendered":"Frunze de zmeur 100g - uscate"},"content":{"rendered":"<p><strong>Cuprins:<\/strong><br \/>\n100 g de frunze uscate de zmeur\u0103<\/p>\n<p><strong>Descriere:<\/strong><br \/>\nFrunzele de zmeur ca un teren de reproducere pentru speciile de furnici care cresc ciuperci. Este un produs pur natural.<\/p>\n<p><strong>Utilizare:<\/strong><br \/>\nFrunze de zmeur = pentru speciile de furnici care se \u00eenmul\u021besc cu ciuperci.<br \/>\nFrunzele uscate servesc doar ca teren de reproducere pentru ciuperca furnicilor t\u0103ietori de frunze (este recomandabil s\u0103 se ofere \u00een acela\u0219i timp lichide zaharoase pentru a \u00eenlocui sucurile vegetale lips\u0103). Pur \u0219i simplu pune\u021bi frunzele care urmeaz\u0103 s\u0103 fie hr\u0103nite \u00eentr-o camer\u0103 de hran\u0103 uscat\u0103. Cu toate acestea, frunzele proaspete sunt preferate de animale. Prin urmare, frunzele uscate sunt cele mai potrivite pentru perioadele de tranzi\u021bie, atunci c\u00e2nd nu se poate oferi nimic.<\/p>\n<p><strong>Depozitare:<\/strong><br \/>\n\u00cen mediu uscat<\/p>\n<p><strong>Con\u021bine:<\/strong><br \/>\n100% frunze uscate de zmeur\u0103<\/p>","protected":false},"excerpt":{"rendered":"<p>Alimente suplimentare<\/p>","protected":false},"featured_media":5115,"comment_status":"open","ping_status":"closed","template":"","meta":{"_acf_changed":false,"content-type":"","_monsterinsights_skip_tracking":false,"_monsterinsights_sitenote_active":false,"_monsterinsights_sitenote_note":"","_monsterinsights_sitenote_category":0},"product_brand":[],"product_cat":[115,116],"product_tag":[],"class_list":{"0":"post-4648","1":"product","2":"type-product","3":"status-publish","4":"has-post-thumbnail","6":"product_cat-food-and-feeding","7":"product_cat-food","9":"first","10":"instock","11":"taxable","12":"shipping-taxable","13":"purchasable","14":"product-type-simple"},"acf":[],"aioseo_notices":[],"jetpack_sharing_enabled":true,"_links":{"self":[{"href":"https:\/\/antcube.shop\/ro\/wp-json\/wp\/v2\/product\/4648","targetHints":{"allow":["GET"]}}],"collection":[{"href":"https:\/\/antcube.shop\/ro\/wp-json\/wp\/v2\/product"}],"about":[{"href":"https:\/\/antcube.shop\/ro\/wp-json\/wp\/v2\/types\/product"}],"replies":[{"embeddable":true,"href":"https:\/\/antcube.shop\/ro\/wp-json\/wp\/v2\/comments?post=4648"}],"wp:featuredmedia":[{"embeddable":true,"href":"https:\/\/antcube.shop\/ro\/wp-json\/wp\/v2\/media\/5115"}],"wp:attachment":[{"href":"https:\/\/antcube.shop\/ro\/wp-json\/wp\/v2\/media?parent=4648"}],"wp:term":[{"taxonomy":"product_brand","embeddable":true,"href":"https:\/\/antcube.shop\/ro\/wp-json\/wp\/v2\/product_brand?post=4648"},{"taxonomy":"product_cat","embeddable":true,"href":"https:\/\/antcube.shop\/ro\/wp-json\/wp\/v2\/product_cat?post=4648"},{"taxonomy":"product_tag","embeddable":true,"href":"https:\/\/antcube.shop\/ro\/wp-json\/wp\/v2\/product_tag?post=4648"}],"curies":[{"name":"wp","href":"https:\/\/api.w.org\/{rel}","templated":true}]}}