{"id":4647,"date":"2022-11-14T14:32:59","date_gmt":"2022-11-14T13:32:59","guid":{"rendered":"https:\/\/antcube.shop\/produkt\/jelly-food-weises-protein-16g\/"},"modified":"2025-10-19T14:34:34","modified_gmt":"2025-10-19T12:34:34","slug":"jeleu-alimente-alb-proteine-16g","status":"publish","type":"product","link":"https:\/\/antcube.shop\/ro\/produs\/jeleu-alimente-alb-proteine-16g\/","title":{"rendered":"Jelly Food proteine albe 16g"},"content":{"rendered":"<p><strong>Cantitate:<\/strong> 16g<\/p>\n<p><strong>Ingrediente:<\/strong><br \/>\nCompozi\u021bie: ap\u0103, sirop de fructoz\u0103, zah\u0103r<br \/>\nConstituen\u021bi analitici: Umiditate 65%<\/p>\n<p><strong>Utilizare:<\/strong><br \/>\nPentru speciile de furnici consumatoare de fructe.<br \/>\nFuraje compuse ca furaje suplimentare<br \/>\nAr trebui oferit de 2-3 ori pe s\u0103pt\u0103m\u00e2n\u0103 speciilor de furnici consumatoare de fructe.<br \/>\nAcesta poate fi oferit animalelor \u00een stare de livrare. La temperatura camerei, jeleul poate muceg\u0103i rapid. Prin urmare, hrana trebuie \u00eenlocuit\u0103 cel pu\u021bin o dat\u0103 la 3 zile. Cur\u0103\u021ba\u021bi bine bolul de hran\u0103 \u00eenainte de reutilizare.<\/p>\n<p><strong>Perioada de valabilitate:<\/strong><br \/>\nC\u00e2nd este \u00eenchis, jeleul are un termen de valabilitate de cel pu\u021bin 1 an (a se vedea data limit\u0103 de consum de pe ambalaj); c\u00e2nd este deschis, trebuie p\u0103strat \u00een frigider \u0219i utilizat \u00een termen de 5-7 zile. De asemenea, \u00eel pute\u021bi congela \u00een congelator \u0219i dezghe\u021ba cantit\u0103\u021bi mici, dup\u0103 cum este necesar.<\/p>\n<p><strong>Aviz:<\/strong><br \/>\nV\u0103 rug\u0103m s\u0103 consulta\u021bi prospectul pentru compozi\u021bie, constituen\u021bii analitici, num\u0103rul de identificare a lotului \u0219i data limit\u0103 de consum (BBD).<\/p>\n<p>Linie telefonic\u0103 de informare (fax): +49 2065-67290<\/p>\n<p>Inspectoratul veterinar \u0219i alimentar responsabil:<br \/>\nMedic veterinar oficial \/ expert veterinar.<br \/>\nLa Schnabelhuck 6<br \/>\n47049 Duisburg<\/p>","protected":false},"excerpt":{"rendered":"<p>Alimente suplimentare<\/p>","protected":false},"featured_media":5081,"comment_status":"open","ping_status":"closed","template":"","meta":{"_acf_changed":false,"content-type":"","_monsterinsights_skip_tracking":false,"_monsterinsights_sitenote_active":false,"_monsterinsights_sitenote_note":"","_monsterinsights_sitenote_category":0},"product_brand":[],"product_cat":[115,116],"product_tag":[],"class_list":{"0":"post-4647","1":"product","2":"type-product","3":"status-publish","4":"has-post-thumbnail","6":"product_cat-food-and-feeding","7":"product_cat-food","9":"first","10":"outofstock","11":"taxable","12":"shipping-taxable","13":"purchasable","14":"product-type-simple"},"acf":[],"aioseo_notices":[],"jetpack_sharing_enabled":true,"_links":{"self":[{"href":"https:\/\/antcube.shop\/ro\/wp-json\/wp\/v2\/product\/4647","targetHints":{"allow":["GET"]}}],"collection":[{"href":"https:\/\/antcube.shop\/ro\/wp-json\/wp\/v2\/product"}],"about":[{"href":"https:\/\/antcube.shop\/ro\/wp-json\/wp\/v2\/types\/product"}],"replies":[{"embeddable":true,"href":"https:\/\/antcube.shop\/ro\/wp-json\/wp\/v2\/comments?post=4647"}],"wp:featuredmedia":[{"embeddable":true,"href":"https:\/\/antcube.shop\/ro\/wp-json\/wp\/v2\/media\/5081"}],"wp:attachment":[{"href":"https:\/\/antcube.shop\/ro\/wp-json\/wp\/v2\/media?parent=4647"}],"wp:term":[{"taxonomy":"product_brand","embeddable":true,"href":"https:\/\/antcube.shop\/ro\/wp-json\/wp\/v2\/product_brand?post=4647"},{"taxonomy":"product_cat","embeddable":true,"href":"https:\/\/antcube.shop\/ro\/wp-json\/wp\/v2\/product_cat?post=4647"},{"taxonomy":"product_tag","embeddable":true,"href":"https:\/\/antcube.shop\/ro\/wp-json\/wp\/v2\/product_tag?post=4647"}],"curies":[{"name":"wp","href":"https:\/\/api.w.org\/{rel}","templated":true}]}}