{"id":4638,"date":"2022-11-14T14:30:39","date_gmt":"2022-11-14T13:30:39","guid":{"rendered":"https:\/\/antcube.shop\/produkt\/durchgangsschieber-m\/"},"modified":"2026-04-13T09:32:07","modified_gmt":"2026-04-13T07:32:07","slug":"supapa-de-trecere-m","status":"publish","type":"product","link":"https:\/\/antcube.shop\/ro\/produs\/supapa-de-trecere-m\/","title":{"rendered":"Robinet de trecere - M"},"content":{"rendered":"<p><strong>Dimensiuni:<\/strong> 78 x 17 x 53 mm pentru tuburi de 14\/10 mm sau pentru dimensiunea unei ferme de furnici M<\/p>\n<p><strong>Material:<\/strong> PMMA<\/p>\n<p><strong>Culori:<\/strong> transparent, gri<\/p>\n<p><strong>Con\u021binut:<\/strong> 1x cursor de trecere<\/p>\n<p><strong>Descriere:<\/strong> Glisorul de trecere \u00eenchide sau deschide trecerea furnicilor \u00eentr-un tub sau \u00eentre dou\u0103 formicarii.<br \/>\nEste transparent, astfel \u00eenc\u00e2t pute\u021bi verifica dac\u0103 exist\u0103 furnici \u00eentre ele atunci c\u00e2nd \"\u00eenchide\u021bi\". Supapa de poart\u0103 este, de asemenea, utilizat\u0103 pentru a controla \u0219i regla fluxul de furnici \u00een tuburi.<\/p>\n<p><strong>Not\u0103 privind aplicarea<\/strong><br \/>\nDatorit\u0103 construc\u021biei filigranate, trebuie respectate urm\u0103toarele indica\u021bii atunci c\u00e2nd se ata\u0219eaz\u0103 sau se deta\u0219eaz\u0103 furtunurile:<br \/>\n\u00cen cazul \u00een care tubulatura se potrive\u0219te foarte greu pe buc\u0219a conectorului, buc\u0219a trebuie s\u0103 fie frecat\u0103 u\u0219or cu o pic\u0103tur\u0103 din uleiul sau pulberea noastr\u0103 de protec\u021bie \u00eempotriva spargerii. Furtunul trebuie apoi \u00eempins pe buc\u0219\u0103 prin mi\u0219c\u0103ri de r\u0103sucire sau \u00een\u0219urubare, f\u0103r\u0103 a solicita buc\u0219a cu mi\u0219c\u0103ri de sus \u00een jos. Acela\u0219i lucru este valabil \u0219i pentru \u00eendep\u0103rtarea furtunurilor de pe buc\u0219a de conectare. V\u0103 rug\u0103m s\u0103 nu trage\u021bi pur \u0219i simplu!<\/p>\n<p><strong>Informa\u021bii de actualizare:<\/strong><br \/>\n15.12.2020 \u00cembun\u0103t\u0103\u021birea produselor: Tijele au fost \u00eent\u0103rite cu 3 mm.<\/p>","protected":false},"excerpt":{"rendered":"<p>Dimensiuni: 78 x 17 x 53 mm pentru tuburi de 14\/10 mm sau pentru furnicarul M Material: PMMA Culori: transparent, gri Con\u021binut: transparent, gri: 1x cursor de trecere Descriere: Glisorul de trecere \u00eenchide sau deschide trecerea furnicilor \u00eentr-un tub sau \u00eentre dou\u0103 formicarii. Este transparent, astfel \u00eenc\u00e2t pute\u021bi verifica dac\u0103 exist\u0103 furnici \u00eentre ele","protected":false},"featured_media":5172,"comment_status":"open","ping_status":"closed","template":"","meta":{"_acf_changed":false,"content-type":"","_monsterinsights_skip_tracking":false,"_monsterinsights_sitenote_active":false,"_monsterinsights_sitenote_note":"","_monsterinsights_sitenote_category":0},"product_brand":[],"product_cat":[121],"product_tag":[],"class_list":{"0":"post-4638","1":"product","2":"type-product","3":"status-publish","4":"has-post-thumbnail","6":"product_cat-connectors","8":"first","9":"instock","10":"taxable","11":"shipping-taxable","12":"purchasable","13":"product-type-simple"},"acf":[],"aioseo_notices":[],"jetpack_sharing_enabled":true,"_links":{"self":[{"href":"https:\/\/antcube.shop\/ro\/wp-json\/wp\/v2\/product\/4638","targetHints":{"allow":["GET"]}}],"collection":[{"href":"https:\/\/antcube.shop\/ro\/wp-json\/wp\/v2\/product"}],"about":[{"href":"https:\/\/antcube.shop\/ro\/wp-json\/wp\/v2\/types\/product"}],"replies":[{"embeddable":true,"href":"https:\/\/antcube.shop\/ro\/wp-json\/wp\/v2\/comments?post=4638"}],"wp:featuredmedia":[{"embeddable":true,"href":"https:\/\/antcube.shop\/ro\/wp-json\/wp\/v2\/media\/5172"}],"wp:attachment":[{"href":"https:\/\/antcube.shop\/ro\/wp-json\/wp\/v2\/media?parent=4638"}],"wp:term":[{"taxonomy":"product_brand","embeddable":true,"href":"https:\/\/antcube.shop\/ro\/wp-json\/wp\/v2\/product_brand?post=4638"},{"taxonomy":"product_cat","embeddable":true,"href":"https:\/\/antcube.shop\/ro\/wp-json\/wp\/v2\/product_cat?post=4638"},{"taxonomy":"product_tag","embeddable":true,"href":"https:\/\/antcube.shop\/ro\/wp-json\/wp\/v2\/product_tag?post=4638"}],"curies":[{"name":"wp","href":"https:\/\/api.w.org\/{rel}","templated":true}]}}