{"id":4632,"date":"2022-11-14T14:29:05","date_gmt":"2022-11-14T13:29:05","guid":{"rendered":"https:\/\/antcube.shop\/produkt\/antcube-ameisenfarm-m-30x30-stehend\/"},"modified":"2026-04-02T09:54:54","modified_gmt":"2026-04-02T07:54:54","slug":"antcube-ant-farm-m-30x30-standing","status":"publish","type":"product","link":"https:\/\/antcube.shop\/ro\/produs\/antcube-ant-farm-m-30x30-standing\/","title":{"rendered":"ANTCUBE - Furnicarul - M - 30\u00d730 - \u00een picioare"},"content":{"rendered":"<p><strong>Dimensiuni (LxLxA):\u00a0<\/strong><br \/>\nexterior: 332x58x299 mm<br \/>\ninterior: 284x10x290 mm<\/p>\n<p><strong>Material:<\/strong><br \/>\nSticl\u0103 flotant\u0103, plastic<\/p>\n<p><strong>Culoare:<\/strong><br \/>\nfoarte clar<\/p>\n<p><strong>Con\u021binut:<\/strong><br \/>\n1x ANTCUBE furnicar de furnici - distan\u021ba dintre pl\u0103ci de 10 mm.<br \/>\n1x capac pentru furnici M 30\u00d72<br \/>\n2x fi\u0219\u0103 4mm<\/p>\n<p><strong>conexiune:<\/strong><br \/>\n2 x 8\/10 x 10 mm<br \/>\n2x g\u0103uri de 4 mm cu dopuri de 4 mm<\/p>\n<p><strong>Descriere:<\/strong><br \/>\nAceast\u0103 ferm\u0103 de furnici complet transparent\u0103 este potrivit\u0103 pentru specii de furnici de m\u0103rime M.<\/p>\n<p><strong>Note privind produc\u021bia<\/strong><br \/>\nSticla este t\u0103iat\u0103 \u00een conformitate cu DIN 1249 cu o toleran\u021b\u0103 de +\/- 1 mm. Pentru speciile de furnici extrem de mici este esen\u021bial\u0103 o protec\u021bie suplimentar\u0103 \u00eempotriva spargerii.<\/p>\n<p><strong>Not\u0103 privind ferma<\/strong><br \/>\nAtunci c\u00e2nd ata\u0219a\u021bi sau deta\u0219a\u021bi furtunurile, v\u0103 rug\u0103m s\u0103 re\u021bine\u021bi urm\u0103toarele:<br \/>\n\u00cen cazul \u00een care tubulatura se potrive\u0219te foarte greu pe buc\u0219a conectorului, aceasta trebuie frecat\u0103 u\u0219or cu o pic\u0103tur\u0103 din uleiul sau pulberea noastr\u0103 de protec\u021bie \u00eempotriva spargerii. Furtunul trebuie apoi \u00eempins pe buc\u0219\u0103 prin mi\u0219c\u0103ri de r\u0103sucire sau \u00een\u0219urubare, f\u0103r\u0103 a solicita buc\u0219a cu mi\u0219c\u0103ri de sus \u00een jos. Acela\u0219i lucru este valabil \u0219i atunci c\u00e2nd scoate\u021bi furtunurile din buc\u0219a de conectare a fermei. V\u0103 rug\u0103m s\u0103 nu trage\u021bi pur \u0219i simplu!<\/p>","protected":false},"excerpt":{"rendered":"<p><strong>Conexiune:<\/strong> Soclu 2x 8\/10 mm + capac <strong>Distan\u021ba dintre pl\u0103ci:<\/strong> Interior 10 mm \/ Exterior 18 mm<br \/>\n<strong>Dimensiune:<\/strong> <strong><span style=\"color: #339966;\">M<\/span><\/strong><\/p>","protected":false},"featured_media":5182,"comment_status":"open","ping_status":"closed","template":"","meta":{"_acf_changed":false,"content-type":"","_monsterinsights_skip_tracking":false,"_monsterinsights_sitenote_active":false,"_monsterinsights_sitenote_note":"","_monsterinsights_sitenote_category":0},"product_brand":[],"product_cat":[80,82],"product_tag":[],"class_list":{"0":"post-4632","1":"product","2":"type-product","3":"status-publish","4":"has-post-thumbnail","6":"product_cat-antfarms","7":"product_cat-antfarms-m","9":"first","10":"instock","11":"taxable","12":"shipping-taxable","13":"purchasable","14":"product-type-simple"},"acf":[],"aioseo_notices":[],"jetpack_sharing_enabled":true,"_links":{"self":[{"href":"https:\/\/antcube.shop\/ro\/wp-json\/wp\/v2\/product\/4632","targetHints":{"allow":["GET"]}}],"collection":[{"href":"https:\/\/antcube.shop\/ro\/wp-json\/wp\/v2\/product"}],"about":[{"href":"https:\/\/antcube.shop\/ro\/wp-json\/wp\/v2\/types\/product"}],"replies":[{"embeddable":true,"href":"https:\/\/antcube.shop\/ro\/wp-json\/wp\/v2\/comments?post=4632"}],"wp:featuredmedia":[{"embeddable":true,"href":"https:\/\/antcube.shop\/ro\/wp-json\/wp\/v2\/media\/5182"}],"wp:attachment":[{"href":"https:\/\/antcube.shop\/ro\/wp-json\/wp\/v2\/media?parent=4632"}],"wp:term":[{"taxonomy":"product_brand","embeddable":true,"href":"https:\/\/antcube.shop\/ro\/wp-json\/wp\/v2\/product_brand?post=4632"},{"taxonomy":"product_cat","embeddable":true,"href":"https:\/\/antcube.shop\/ro\/wp-json\/wp\/v2\/product_cat?post=4632"},{"taxonomy":"product_tag","embeddable":true,"href":"https:\/\/antcube.shop\/ro\/wp-json\/wp\/v2\/product_tag?post=4632"}],"curies":[{"name":"wp","href":"https:\/\/api.w.org\/{rel}","templated":true}]}}