{"id":4630,"date":"2022-11-14T14:28:33","date_gmt":"2022-11-14T13:28:33","guid":{"rendered":"https:\/\/antcube.shop\/produkt\/ameisenarena-rahmen-40x20\/"},"modified":"2026-04-21T13:45:12","modified_gmt":"2026-04-21T11:45:12","slug":"ant-arena-frame-40x20","status":"publish","type":"product","link":"https:\/\/antcube.shop\/ro\/produs\/ant-arena-frame-40x20\/","title":{"rendered":"Cadru pentru arena de furnici 40\u00d720"},"content":{"rendered":"<p><strong>Dimensiuni (LxLxA):<\/strong> 40x20x0,4 cm<\/p>\n<p><strong>Material:<\/strong> sticl\u0103 float<\/p>\n<p><strong>Culoare:<\/strong> cristalin \/ transparent<\/p>\n<p><strong>Cuprins:<\/strong><br \/>\n1x cadru pentru arena de furnici<\/p>\n<p><strong>Descriere:<\/strong><br \/>\nCadru din sticl\u0103 pentru arena pentru furnici ca protec\u021bie \u00eempotriva evad\u0103rii.<\/p>\n<p><strong>Cerere:<\/strong><br \/>\nCadrul pentru arena pentru furnici este un cadru din sticl\u0103, care este plasat pe o aren\u0103 pentru furnici \u0219i este prev\u0103zut cu o protec\u021bie anti-e\u0219ec (ulei, pudr\u0103 sau lac) pe partea inferioar\u0103, \u00eempiedic\u00e2nd astfel furnicile s\u0103 evadeze.<\/p>\n<p><strong>Aviz:<\/strong><br \/>\nDeoarece articolul este fabricat din sticl\u0103 \u0219i, prin urmare, este sensibil, trebuie manipulat cu mare aten\u021bie. Sticla este t\u0103iat\u0103 \u00een conformitate cu DIN 1249 cu o toleran\u021b\u0103 de +\/- 1 mm. Pentru speciile de furnici extrem de mici, este esen\u021bial\u0103 o protec\u021bie suplimentar\u0103 \u00eempotriva spargerii.<\/p>\n<p>&nbsp;<\/p>\n<p>&nbsp;<\/p>","protected":false},"excerpt":{"rendered":"<p>Dimensiuni (LxLxA): 30x30x0,4 cm Material: sticl\u0103 float Culoare: cristalin\u0103 \/ transparent\u0103 Con\u021bine: 1x ram\u0103 de aren\u0103 pentru furnici Descriere: 1 x cadru de aren\u0103 pentru furnici: Cadru din sticl\u0103 pentru arena pentru furnici ca protec\u021bie \u00eempotriva evad\u0103rii. Aplicare: Se aplic\u0103: Rama pentru arena pentru furnici este o ram\u0103 din sticl\u0103, care se plaseaz\u0103 pe o aren\u0103 pentru furnici \u0219i este prev\u0103zut\u0103 cu o protec\u021bie anti-e\u0219apament","protected":false},"featured_media":5119,"comment_status":"open","ping_status":"closed","template":"","meta":{"_acf_changed":false,"content-type":"","_monsterinsights_skip_tracking":false,"_monsterinsights_sitenote_active":false,"_monsterinsights_sitenote_note":"","_monsterinsights_sitenote_category":0},"product_brand":[],"product_cat":[119,239,91,93],"product_tag":[],"class_list":{"0":"post-4630","1":"product","2":"type-product","3":"status-publish","4":"has-post-thumbnail","6":"product_cat-formicarium-components","7":"product_cat-useful-additions","8":"product_cat-formicarium-modules","9":"product_cat-arena-frame","11":"first","12":"instock","13":"taxable","14":"shipping-taxable","15":"purchasable","16":"product-type-simple"},"acf":[],"aioseo_notices":[],"jetpack_sharing_enabled":true,"_links":{"self":[{"href":"https:\/\/antcube.shop\/ro\/wp-json\/wp\/v2\/product\/4630","targetHints":{"allow":["GET"]}}],"collection":[{"href":"https:\/\/antcube.shop\/ro\/wp-json\/wp\/v2\/product"}],"about":[{"href":"https:\/\/antcube.shop\/ro\/wp-json\/wp\/v2\/types\/product"}],"replies":[{"embeddable":true,"href":"https:\/\/antcube.shop\/ro\/wp-json\/wp\/v2\/comments?post=4630"}],"wp:featuredmedia":[{"embeddable":true,"href":"https:\/\/antcube.shop\/ro\/wp-json\/wp\/v2\/media\/5119"}],"wp:attachment":[{"href":"https:\/\/antcube.shop\/ro\/wp-json\/wp\/v2\/media?parent=4630"}],"wp:term":[{"taxonomy":"product_brand","embeddable":true,"href":"https:\/\/antcube.shop\/ro\/wp-json\/wp\/v2\/product_brand?post=4630"},{"taxonomy":"product_cat","embeddable":true,"href":"https:\/\/antcube.shop\/ro\/wp-json\/wp\/v2\/product_cat?post=4630"},{"taxonomy":"product_tag","embeddable":true,"href":"https:\/\/antcube.shop\/ro\/wp-json\/wp\/v2\/product_tag?post=4630"}],"curies":[{"name":"wp","href":"https:\/\/api.w.org\/{rel}","templated":true}]}}