{"id":4629,"date":"2022-11-14T14:28:18","date_gmt":"2022-11-14T13:28:18","guid":{"rendered":"https:\/\/antcube.shop\/produkt\/antcube-ameisenfarm-l-30x30-wand\/"},"modified":"2026-03-23T17:45:00","modified_gmt":"2026-03-23T16:45:00","slug":"antcube-ameisenfarm-l-30x30-wand","status":"publish","type":"product","link":"https:\/\/antcube.shop\/ro\/produs\/antcube-ameisenfarm-l-30x30-wand\/","title":{"rendered":"ANTCUBE - Furnicarul - L - 30\u00d730 - perete"},"content":{"rendered":"<p><strong>Afar\u0103:<\/strong> 32,5 x 32,5 cm \/ Interior: 29,2 x 29,2 cm<\/p>\n<p><strong>Material:<\/strong><br \/>\nSticl\u0103 flotant\u0103, lemn, PMMA<\/p>\n<p><strong>Culoare:<\/strong><br \/>\ncristalin, alb<\/p>\n<p><strong>Con\u021binut:<\/strong><br \/>\n1x Ferm\u0103 de furnici cu distan\u021ba de 10 mm \u00eentre pl\u0103ci, cu montare pe perete.<br \/>\n1x capac<br \/>\n1x cadru din lemn vopsit alb cu blocare cu magnet<br \/>\n2 x bare de distan\u021bare pentru inser\u021biile de cuib<br \/>\n6x \u0219uruburi \u0219i dibluri (pentru pere\u021bi din lemn \/ piatr\u0103)<\/p>\n<p><strong>conexiune:<\/strong><br \/>\n2 x 14\/16\/18\/20 x 20mm soclu<\/p>\n<p>Furtunul de 14\/10 se introduce \u00een mufa de 14 mm cu o fixare str\u00e2ns\u0103.<br \/>\nFurtunul de 20\/16 este conectat str\u00e2ns la prima treapt\u0103 de 16 mm.<\/p>\n<p><strong>Descriere:<\/strong><br \/>\nAceste ferme de furnici sunt proiectate pentru montare pe perete \u0219i pot fi montate cu u\u0219urin\u021b\u0103 pe pere\u021bi din lemn \u0219i piatr\u0103.<br \/>\nRama este realizat\u0103 din lemn natural adev\u0103rat, cu un finisaj din vopsea alb\u0103, \u00eentr-un design modern \u0219i atemporal.<br \/>\nAcest cadru poate fi \u00eendep\u0103rtat pentru a deschide ferma \u0219i poate fi ata\u0219at din nou la ferm\u0103 prin intermediul unui suport magnetic.<\/p>\n<p><strong>Instruc\u021biuni de montaj:<\/strong><br \/>\nPentru a ata\u0219a cele 6 dibluri \"S6\" \u00een perete ave\u021bi nevoie de un burghiu cu un burghiu de 6 mm (lemn sau piatr\u0103, \u00een func\u021bie de material).<br \/>\nTrebuie s\u0103 se fac\u0103 g\u0103uri de 40 mm ad\u00e2ncime \u00een perete pentru a putea s\u0103 se \u00eenfileteze diblurile cu \u0219uruburile de 4x30 mm.<\/p>\n<p><strong>Note privind produc\u021bia<\/strong><br \/>\nSticla este t\u0103iat\u0103 \u00een conformitate cu DIN 1249 cu o toleran\u021b\u0103 de +\/- 1 mm. Pentru speciile de furnici extrem de mici este esen\u021bial\u0103 o protec\u021bie suplimentar\u0103 \u00eempotriva spargerii.<\/p>\n<p><strong>Not\u0103 privind ferma<\/strong><br \/>\nC\u00e2nd ata\u0219a\u021bi sau scoate\u021bi furtunurile, v\u0103 rug\u0103m s\u0103 \u021bine\u021bi cont de urm\u0103toarele:<br \/>\n\u00cen cazul \u00een care tubulatura se potrive\u0219te foarte greu pe buc\u0219a conectorului, aceasta trebuie frecat\u0103 u\u0219or cu o pic\u0103tur\u0103 din uleiul sau pulberea noastr\u0103 de protec\u021bie \u00eempotriva spargerii. Furtunul trebuie apoi \u00eempins pe buc\u0219\u0103 prin mi\u0219c\u0103ri de r\u0103sucire sau \u00een\u0219urubare, f\u0103r\u0103 a solicita buc\u0219a cu mi\u0219c\u0103ri de sus \u00een jos. Acela\u0219i lucru este valabil \u0219i atunci c\u00e2nd scoate\u021bi furtunurile din buc\u0219a de conectare a fermei. V\u0103 rug\u0103m s\u0103 nu trage\u021bi pur \u0219i simplu!<\/p>","protected":false},"excerpt":{"rendered":"<p><strong>Conexiune:<\/strong> priz\u0103 2x 14\/16 x 20mm; <strong>distan\u021ba dintre pl\u0103ci:<\/strong> interior 20mm<br \/>\n<strong>Dimensiune:<\/strong> <span style=\"color: #0000ff;\"><strong>L<\/strong> <\/span><\/p>","protected":false},"featured_media":5188,"comment_status":"open","ping_status":"closed","template":"","meta":{"_acf_changed":false,"content-type":"","_monsterinsights_skip_tracking":false,"_monsterinsights_sitenote_active":false,"_monsterinsights_sitenote_note":"","_monsterinsights_sitenote_category":0},"product_brand":[],"product_cat":[80,83],"product_tag":[],"class_list":{"0":"post-4629","1":"product","2":"type-product","3":"status-publish","4":"has-post-thumbnail","6":"product_cat-antfarms","7":"product_cat-antfarms-l","9":"first","10":"instock","11":"taxable","12":"shipping-taxable","13":"purchasable","14":"product-type-simple"},"acf":[],"aioseo_notices":[],"jetpack_sharing_enabled":true,"_links":{"self":[{"href":"https:\/\/antcube.shop\/ro\/wp-json\/wp\/v2\/product\/4629","targetHints":{"allow":["GET"]}}],"collection":[{"href":"https:\/\/antcube.shop\/ro\/wp-json\/wp\/v2\/product"}],"about":[{"href":"https:\/\/antcube.shop\/ro\/wp-json\/wp\/v2\/types\/product"}],"replies":[{"embeddable":true,"href":"https:\/\/antcube.shop\/ro\/wp-json\/wp\/v2\/comments?post=4629"}],"wp:featuredmedia":[{"embeddable":true,"href":"https:\/\/antcube.shop\/ro\/wp-json\/wp\/v2\/media\/5188"}],"wp:attachment":[{"href":"https:\/\/antcube.shop\/ro\/wp-json\/wp\/v2\/media?parent=4629"}],"wp:term":[{"taxonomy":"product_brand","embeddable":true,"href":"https:\/\/antcube.shop\/ro\/wp-json\/wp\/v2\/product_brand?post=4629"},{"taxonomy":"product_cat","embeddable":true,"href":"https:\/\/antcube.shop\/ro\/wp-json\/wp\/v2\/product_cat?post=4629"},{"taxonomy":"product_tag","embeddable":true,"href":"https:\/\/antcube.shop\/ro\/wp-json\/wp\/v2\/product_tag?post=4629"}],"curies":[{"name":"wp","href":"https:\/\/api.w.org\/{rel}","templated":true}]}}