{"id":4626,"date":"2022-11-14T14:27:28","date_gmt":"2022-11-14T13:27:28","guid":{"rendered":"https:\/\/antcube.shop\/produkt\/bundle-offer-starter-set-kork-camponotus-nicobarensis-cricket-jam\/"},"modified":"2026-04-15T09:42:40","modified_gmt":"2026-04-15T07:42:40","slug":"bundle-oferta-starter-set-kork-camponotus-nicobarensis-cricket-jam","status":"publish","type":"product","link":"https:\/\/antcube.shop\/ro\/produs\/bundle-oferta-starter-set-kork-camponotus-nicobarensis-cricket-jam\/","title":{"rendered":"Ofert\u0103 pachet - Camponotus nicobarensis"},"content":{"rendered":"<p><span data-text-color=\"secondary\"><strong>Ofert\u0103 pachet cu o colonie de furnici Camponotus nicobarensis (regin\u0103 + 5-10 lucr\u0103toare + puiet), un set de pornire din plut\u0103, 2 tampoane pentru formicarium, un pachet de reumplere cu amestec de miere de 10 ml \u0219i un borcan cu gemul nostru special de greieri de 25 g (proteine umede).<\/strong><\/span><\/p>\n<p><span data-text-color=\"alert\"><strong>Numai \u00een limita stocului disponibil.<\/strong><\/span><\/p>\n<p><strong>Tot ce ai nevoie pentru o colonie de furnici Camponotus nicobarensis<\/strong><br \/>\nAcest pachet con\u021bine tot ceea ce ave\u021bi nevoie pentru a reu\u0219i s\u0103 face\u021bi o colonie de Camponotus nicobarensis s\u0103 treac\u0103 cu succes de primele c\u00e2teva luni. Este extensibil \u00een mod flexibil \u0219i se potrive\u0219te \u00een mod explicit pentru \u00eencep\u0103torii \u00een cre\u0219terea furnicilor.<\/p>\n<p><strong>Specie de furnici Camponotus nicobarensis<\/strong><br \/>\nCamponotus nicobarensis este o specie relativ mare din genul Camponotus \u0219i, spre deosebire de alte specii de Camponotus, se dezvolt\u0103 destul de repede. Prin urmare, este foarte potrivit\u0103 pentru \u00eencep\u0103torii \u00een cre\u0219terea furnicilor. \u00cen plus, nu are nevoie s\u0103 hiberneze \u0219i, prin urmare, poate fi u\u0219or de observat acas\u0103 iarna. \u00cen s\u0103lb\u0103ticie, tr\u0103ie\u0219te, printre altele, \u00een semide\u0219erturile \u0219i stepele din Asia de Sud-Est, dar \u0219i \u00een regiuni mai umede. Datorit\u0103 ariei sale de r\u0103sp\u00e2ndire foarte mari, este tolerant\u0103 la temperatur\u0103 \u0219i umiditate.<\/p>\n<p><strong>Hran\u0103 pentru Camponotus nicobarensis<\/strong><br \/>\nCamponotus nicobarensis se hr\u0103ne\u0219te cu ap\u0103 de miere \u0219i insecte mici vii sau moarte, dar accept\u0103 cu u\u0219urin\u021b\u0103 \u0219i fructe. Hrana noastr\u0103 \u00eenlocuitoare de proteine poate fi oferit\u0103 \u0219i ca alternativ\u0103 la insecte. Cu toate acestea, proteinele \"proaspete\", cum ar fi gemul nostru de greieri, sunt mai bune pentru dezvoltarea coloniei. De asemenea, ar trebui s\u0103 se ofere ap\u0103 proasp\u0103t\u0103.<\/p>\n<p><strong>Formicarium pentru Camponotus nicobarensis<\/strong><br \/>\nCamponotus nicobarensis se p\u0103streaz\u0103 cel mai bine \u00een seturile noastre de pornire L cu inser\u021bie de plut\u0103 pentru cuib. Animalele tr\u0103iesc \u00een s\u0103lb\u0103ticie, de obicei \u00een lemn putrezit, dar sunt bucuroase s\u0103 foloseasc\u0103 orice form\u0103 de cavitate natural\u0103 pentru a-\u0219i construi cuibul. Inser\u021biile noastre de plut\u0103 pentru cuiburi sunt cele mai potrivite pentru a fi \u021binute \u00eentr-un formicarium datorit\u0103 asem\u0103n\u0103rii lor cu lemnul putred.<\/p>\n<p><strong>Cuprins:<\/strong><br \/>\n1x Camponotus nicobarensis (regin\u0103 + 5-10 lucr\u0103toare + puiet)<\/p>\n<div>1x Cricket Jam 25g<\/div>\n<div>1x Honeydew Mix (HT) - pachet de reumplere 10ml<\/div>\n<div>1x Formicarium baz\u0103 - 20x20cm<\/div>\n<div>1x Formicarium baz\u0103 - 20x6cm<\/div>\n<div><\/div>\n<div>1x ANTCUBE - Arena 20x20x10 - plat<\/div>\n<div>1x cadru pentru arena de furnici 20\u00d720<\/div>\n<div>1x capacul arenei pentru furnici 20\u00d720<\/div>\n<div>4x puncte de fixare pentru capacul arenei<\/div>\n<div>1x ANTCUBE - Ferm\u0103 de furnici - L - 20\u00d720 - vertical<\/div>\n<div><\/div>\n<div>1x ANTCUBE - cuib de plut\u0103 20\u00d720 - vertical<\/div>\n<div>1x furtun de 0,5 m transparent 20\/16 mm<\/div>\n<div>1x ANTCUBE - Folie ro\u0219ie 20\u00d720 - filtru<\/div>\n<div>1x cleme adezive - transparente 2 buc.<\/div>\n<div>1x substrat - nisip-argila bej - 1000g<\/div>\n<div><\/div>\n<div>2x Grid insert acrylic &#8211; 50 mm with sealing ring<\/div>\n<div>1x Grid insert acrylic &#8211; 27 mm with sealing ring<\/div>\n<div>1x Capac de gril\u0103 - 16mm - o\u021bel inoxidabil<\/div>\n<div><\/div>\n<div>1x conector pentru furtun rezervor 27-14,16,20 mm - transparent<\/div>\n<div>1x Foil thermometer &#8211; farm<\/div>\n<div>1x Foil thermometer Display<\/div>\n<div>1x drinking clear 5ml &#8211; sponge<\/div>\n<div>1x Feeding dish white rectangle &#8211; 3 compartments<\/div>\n<div>1x Drinking trough 2ml &#8211; 360 Degrees<\/div>\n<div>1x Ulei de protec\u021bie \u00eempotriva furnicilor 10ml<\/div>\n<div>1x Penset\u0103 din o\u021bel cu arc - larg\u0103 - moale<\/div>\n<div>1x Penset\u0103 de plastic transparent<\/div>\n<div>1x pipet\u0103 de plastic 3ml<\/div>\n<div>1x lup\u0103 de m\u00e2n\u0103 - 2x - 30mm<\/div>\n<div>1x \u0219terg\u0103tor de spum\u0103 150x18x2,5mm<\/div>\n<p><strong>Descriere Set pentru \u00eencep\u0103tori:<\/strong><br \/>\nAcest set de ini\u021biere din plut\u0103, cu coridoare \u0219i camere prefabricate, este potrivit pentru diferite specii de furnici, \u00een special pentru speciile care cuib\u0103resc \u00een lemn (mort).<\/p>\n<p>\"ANTCUBE - Cork Nest\" poate fi introdus \u00een ferma complet transparent\u0103. Alternativ, pute\u021bi utiliza \u0219i substratul \"Sand-clay beige\" pentru a umple ferma sau pentru a \u00eenchide unele dintre camerele cuibului de plut\u0103. Dac\u0103 este necesar, pot fi conectate module suplimentare prin intermediul g\u0103urilor de 50 mm din capac, de exemplu, nebulizatoarele, ventilatoarele sau luminile disponibile separat. Alternativ, inser\u021biile de gril\u0103 adecvate \u0219i dopurile de formicarium pentru \u00eenchiderea deschiderilor sunt incluse \u00een pachetul de livrare. Dac\u0103 se dore\u0219te, formicariul poate fi operat \u0219i deschis prin simpla plasare a cadrului deta\u0219abil deasupra \u0219i prin aplicarea pe margine a uleiului de protec\u021bie \u00eempotriva sc\u0103p\u0103rii furnicilor.<\/p>\n<p><strong>Important:<\/strong> V\u0103 rug\u0103m s\u0103 umezi\u021bi substratul \u00eenainte de utilizare, astfel \u00eenc\u00e2t amestecul s\u0103 se lege \u0219i s\u0103 se fixeze bine \u00een furnicar. \u00cen plus, dac\u0103 substratul este prea uscat \u0219i pr\u0103fuit, c\u0103ile respiratorii ale furnicilor pot fi blocate \u0219i, \u00een cel mai r\u0103u caz, animalele se pot sufoca.<\/p>\n<p><strong>Recomandare:<\/strong> Recomand\u0103m un strat de substrat cu o \u00een\u0103l\u021bime de 2 mm, astfel \u00eenc\u00e2t animalele s\u0103 nu poat\u0103 s\u0103pa \u00een aren\u0103 \u0219i s\u0103 foloseasc\u0103 \u00een schimb ferma prev\u0103zut\u0103 \u00een acest scop.<\/p>\n<p><strong>Note privind produc\u021bia de sticl\u0103<\/strong><br \/>\nSticla este t\u0103iat\u0103 la dimensiune \u00een conformitate cu DIN 1249 cu o toleran\u021b\u0103 de +\/- 1 mm. O protec\u021bie suplimentar\u0103 \u00eempotriva spargerii este esen\u021bial\u0103 pentru speciile de furnici extrem de mici.<\/p>\n<p><strong>Note despre ferm\u0103<\/strong><br \/>\nCuibul trebuie utilizat numai \u00eentr-un formicar uscat. Dac\u0103 cuibul este \u021binut permanent umed, materialul poate muceg\u0103i.<\/p>\n<p><strong>C\u00e2nd ata\u0219a\u021bi sau scoate\u021bi furtunurile, v\u0103 rug\u0103m s\u0103 \u021bine\u021bi cont de urm\u0103toarele:<\/strong><br \/>\n\u00cen cazul \u00een care tubulatura se potrive\u0219te foarte greu pe priza de conectare, aceasta trebuie frecat\u0103 u\u0219or cu o pic\u0103tur\u0103 din uleiul sau pulberea noastr\u0103 antiefrac\u021bie. Furtunul trebuie apoi \u00eempins pe priz\u0103 prin mi\u0219c\u0103ri de r\u0103sucire sau \u00een\u0219urubare, f\u0103r\u0103 a for\u021ba priza cu mi\u0219c\u0103ri de sus \u00een jos. Acela\u0219i lucru este valabil \u0219i atunci c\u00e2nd scoate\u021bi furtunurile din priza de conectare a fermei. V\u0103 rug\u0103m s\u0103 nu trage\u021bi pur \u0219i simplu de el!<\/p>\n<p><strong>Instruc\u021biuni: <\/strong>(Versiunea 2023, versiunea actualizat\u0103 pentru 2024 va fi disponibil\u0103 p\u00e2n\u0103 cel t\u00e2rziu \u00een 04\/2024)<br \/>\n<span data-sheets-root=\"1\" data-sheets-value=\"{&quot;1&quot;:2,&quot;2&quot;:&quot;DE Gebrauchsanweisung Starter Set Kork (PDF 3,80 MB)&quot;}\" data-sheets-userformat=\"{&quot;2&quot;:513,&quot;3&quot;:{&quot;1&quot;:0},&quot;12&quot;:0}\" data-sheets-hyperlink=\"https:\/\/www.antstore.net\/shop\/images\/info\/de\/Gebrauchsanweisung Starter Set Kork.pdf\" data-sheets-hyperlinkruns=\"{&quot;1&quot;:3,&quot;2&quot;:&quot;https:\/\/www.antstore.net\/shop\/images\/info\/de\/Gebrauchsanweisung Starter Set Kork.pdf&quot;}\uee10{&quot;1&quot;:38}\"><a class=\"in-cell-link\" href=\"https:\/\/www.antstore.net\/shop\/images\/info\/de\/Gebrauchsanweisung Starter Set Kork.pdf\" target=\"_blank\" rel=\"noopener\">- DE <\/a><a class=\"in-cell-link\" href=\"https:\/\/www.antstore.net\/shop\/images\/info\/de\/Gebrauchsanweisung Starter Set Kork.pdf\" target=\"_blank\" rel=\"noopener\">Gebrauchsanweisung Starter Set Kork<\/a><a class=\"in-cell-link\" href=\"https:\/\/www.antstore.net\/shop\/images\/info\/de\/Gebrauchsanweisung Starter Set Kork.pdf\" target=\"_blank\" rel=\"noopener\"> (PDF 3,80 MB)<\/a><\/span><br \/>\n<a href=\"https:\/\/www.antstore.net\/shop\/images\/info\/en\/Instructions%20for%20use%20-%20Starter%20Set%20Cork.pdf\">- RO Instruc\u021biuni de utilizare - Starter Set Cork (PDF 3,79 MB)<\/a><br \/>\n<a href=\"https:\/\/www.antstore.net\/shop\/images\/info\/es\/Manual%20de%20instrucciones%20-%20Set%20de%20inicio%20de%20corcho.pdf\">- ES Manual de instruc\u021biuni - Set de pornire de corcho (PDF 3,79 MB)<\/a><br \/>\n<a href=\"https:\/\/www.antstore.net\/shop\/images\/info\/fr\/Manuel%20d'instruction%20-%20Kit%20de%20d%C3%A9marrage%20en%20li%C3%A8ge.pdf\">- FR Manuel d'instruction - Kit de d\u00e9marrage en li\u00e8ge (PDF 3,79 MB)<\/a><\/p>\n<p><strong>Note despre Cricket Jam:<\/strong><br \/>\nGreierii no\u0219tri blan\u0219i sunt o modalitate u\u0219oar\u0103 de a oferi furnicilor o hran\u0103 proteic\u0103 proasp\u0103t conservat\u0103, f\u0103r\u0103 a fi nevoie s\u0103 le hr\u0103ni\u021bi cu insecte vii. Greierii con\u021binu\u021bi (Acheta domesticus) au fost blan\u0219ati u\u0219or pentru a se asigura c\u0103 valorile nutri\u021bionale, gustul \u0219i aroma sunt p\u0103strate. \u00cen plus, carapacea chitinoas\u0103 a insectelor este \u00eenmuiat\u0103 \u00een acest mod, astfel \u00eenc\u00e2t s\u0103 poat\u0103 fi digerat\u0103 mai u\u0219or. Leg\u0103turile proteinelor de colagen sunt rupte, astfel \u00eenc\u00e2t furnicile s\u0103 le poat\u0103 utiliza mai bine. Conservele de Acheta domesticus au aceea\u0219i valoare nutritiv\u0103 ca \u0219i greierii vii, dar sunt mai u\u0219or de digerat.<\/p>\n<p>Cricket Jam nu este potrivit pentru v\u00e2narea speciilor de furnici care necesit\u0103 hran\u0103 vie (de exemplu, ponarine (furnici mari), cum ar fi Harpegnathos sau Odontomachus).<\/p>\n<p><strong>Alte avantaje:<\/strong><br \/>\nGarantat f\u0103r\u0103 acarieni<br \/>\nPoate fi por\u021bionat \u0219i diluat cu ap\u0103<br \/>\nSterilizat \u0219i ambalat \u00een vid<br \/>\nF\u0103r\u0103 aditivi<br \/>\nGreieri proveni\u021bi din cre\u0219terea sustenabil\u0103 pur organic\u0103, hr\u0103ni\u021bi cu de\u0219euri organice<\/p>\n<p><strong>Not\u0103:<\/strong><br \/>\nPoate fi p\u0103strat la frigider timp de aproximativ patru zile dup\u0103 deschidere. Termen de valabilitate mai lung dac\u0103 este congelat.<br \/>\n<strong>Aten\u021bie:<\/strong> Mai \u00eent\u00e2i se por\u021bioneaz\u0103, apoi se congeleaz\u0103.<\/p>\n<p><strong>Not\u0103 privind mierea de albine:<\/strong><br \/>\nCon\u021binut: 10 ml<br \/>\nAcesta este un produs natural, pe care l-am rafinat \u00een urma unor teste extinse \u00een laboratorul nostru \u0219i l-am transformat \u00eentr-un aliment foarte bine acceptat de furnici. Motivul este c\u0103 mierea de miere de albine neprocesat\u0103 \u00een forma sa original\u0103 concentrat\u0103 nu este bine acceptat\u0103 de furnici \u0219i de metabolismul acestora.<br \/>\nMierea noastr\u0103 a fost colectat\u0103 \u00een p\u0103durile s\u0103lbatice \u0219i nepoluate de munte din Bulgaria. Mierea de albine este produs\u0103 doar pentru o perioad\u0103 foarte limitat\u0103 de timp, aproximativ dou\u0103 luni \u00een timpul verii. Prin urmare, este foarte rar\u0103. Datorit\u0103 caracteristicilor specifice ale solului din p\u0103duri \u0219i a climei, \u00een frunzele copacilor sunt stocate substan\u021be nutritive esen\u021biale, care sunt absorbite de afide. Aceasta este ceea ce face ca acest amestec de mierea de albine s\u0103 fie at\u00e2t de dorit de furnici.<\/p>\n<p><strong>Cerere:<\/strong><br \/>\nCantitatea de alimente trebuie consumat\u0103 \u00een aproximativ 3 zile.<\/p>\n<p><strong>Descriere:<\/strong><br \/>\nSpre deosebire de mierea de flori, mierea de miere este ob\u021binut\u0103 din secre\u021biile insectelor care sug plantele, cum ar fi afidele. Mierea de miere este o surs\u0103 popular\u0103 de hran\u0103 pentru multe insecte, cum ar fi furnicile, albinele \u0219i bondarii. Albinele \u0219i bondarii o ling de pe frunzele sau de pe ace de la diver\u0219i copaci. Furnicile, cum ar fi Lasius niger, \u021bin la propriu afidele. Ele chiar \u00eei ap\u0103r\u0103 de pr\u0103d\u0103tori \u0219i \u00eei transport\u0103 la l\u0103starii proaspe\u021bi.<\/p>\n<p>Mierea de albine este deosebit de popular\u0103 printre furnici datorit\u0103 componentelor sale oarecum diferite. Principalele zaharuri din mierea de albine sunt zaharoza \u0219i fructoza, dar se g\u0103sesc \u0219i cantit\u0103\u021bi mai mici de maltoz\u0103, trehaloz\u0103, melezitoz\u0103, rafinoz\u0103 \u0219i alte oligozaharide. Pe l\u00e2ng\u0103 zah\u0103r \u0219i ap\u0103, mierea de albine con\u021bine, de asemenea, aminoacizi esen\u021biali, minerale, oligoelemente, adenozine, fosfa\u021bi \u0219i alte ingrediente, cum ar fi vitaminele.<\/p>\n<p><strong>Utilizare:<\/strong><br \/>\nPentru speciile de furnici m\u00e2nc\u0103toare de miere (Meliphagidae)<br \/>\nAcesta este un furaj suplimentar<br \/>\nAcesta poate fi oferit animalelor sub form\u0103 de hran\u0103. Deoarece concentra\u021bia de zah\u0103r este redus\u0103 de umiditate \u0219i \u00eencepe un proces de fermentare, hrana trebuie \u00eenlocuit\u0103 la fiecare 3 zile. Cur\u0103\u021ba\u021bi bine bolul\/tubul de hr\u0103nire \u00eenainte de a-l reutiliza.<br \/>\nOdat\u0103 deschis, ambalajul trebuie p\u0103strat bine \u00eenchis p\u00e2n\u0103 la data de expirare.<\/p>\n<p><strong>Informa\u021bii nutri\u021bionale per 100 g:<\/strong><br \/>\naprox. 2,7 % gr\u0103simi<br \/>\ndin care saturate aprox. 0,45 %<br \/>\naprox. 95 % carbohidra\u021bi<br \/>\ndin care zah\u0103r aproximativ 71<br \/>\naproximativ 2,85% proteine<br \/>\nMinerale (potasiu, calciu, cupru, fier, fier, sodiu, magneziu, fosfor, zinc \u0219i alte oligoelemente) Aminoacizi (prolin\u0103, leucin\u0103, fenilalanin\u0103, alanin\u0103, histidin\u0103, izoleucin\u0103, acid glutamic, arginin\u0103, acid aspartic etc.) Acizi organici Enzime (fermen\u021bi)Arome Inhibitori (substan\u021be antibacteriene) Flori Polen<\/p>\n<p><strong>Depozitare:<\/strong><br \/>\nPentru a asigura calitatea furajelor, acestea trebuie depozitate \u00eentr-un loc \u00eentunecat \u0219i uscat.<\/p>\n<p><strong>Not\u0103:<\/strong><br \/>\nHran\u0103 suplimentar\u0103 pentru furnicile m\u00e2nc\u0103toare de miere.<br \/>\nV\u0103 rug\u0103m s\u0103 consulta\u021bi prospectul pentru compozi\u021bie, ingrediente analitice, data limit\u0103 de consum \u0219i num\u0103rul de lot.<\/p>\n<p>Linia telefonic\u0103 pentru informa\u021bii +49 30 439703870<\/p>\n<p>Inspectoratul veterinar \u0219i alimentar responsabil:<br \/>\nCabinet veterinar Steglitz<br \/>\nK\u00f6nigin-Luise-Str. 92<br \/>\n14195 Berlin<\/p>","protected":false},"excerpt":{"rendered":"<p>Setul este format din 33 de piese<br \/>\nDimensiune: <span style=\"color: #0000ff;\"><strong>L<\/strong><\/span><\/p>","protected":false},"featured_media":7121,"comment_status":"open","ping_status":"closed","template":"","meta":{"_acf_changed":false,"content-type":"","_monsterinsights_skip_tracking":false,"_monsterinsights_sitenote_active":false,"_monsterinsights_sitenote_note":"","_monsterinsights_sitenote_category":0},"product_brand":[],"product_cat":[355,73,76,89],"product_tag":[],"class_list":{"0":"post-4626","1":"product","2":"type-product","3":"status-publish","4":"has-post-thumbnail","6":"product_cat-bundle-offers","7":"product_cat-starter-sets","8":"product_cat-starter-sets-cork","9":"product_cat-cork","11":"first","12":"instock","13":"taxable","14":"shipping-taxable","15":"purchasable","16":"product-type-simple"},"acf":[],"aioseo_notices":[],"jetpack_sharing_enabled":true,"_links":{"self":[{"href":"https:\/\/antcube.shop\/ro\/wp-json\/wp\/v2\/product\/4626","targetHints":{"allow":["GET"]}}],"collection":[{"href":"https:\/\/antcube.shop\/ro\/wp-json\/wp\/v2\/product"}],"about":[{"href":"https:\/\/antcube.shop\/ro\/wp-json\/wp\/v2\/types\/product"}],"replies":[{"embeddable":true,"href":"https:\/\/antcube.shop\/ro\/wp-json\/wp\/v2\/comments?post=4626"}],"wp:featuredmedia":[{"embeddable":true,"href":"https:\/\/antcube.shop\/ro\/wp-json\/wp\/v2\/media\/7121"}],"wp:attachment":[{"href":"https:\/\/antcube.shop\/ro\/wp-json\/wp\/v2\/media?parent=4626"}],"wp:term":[{"taxonomy":"product_brand","embeddable":true,"href":"https:\/\/antcube.shop\/ro\/wp-json\/wp\/v2\/product_brand?post=4626"},{"taxonomy":"product_cat","embeddable":true,"href":"https:\/\/antcube.shop\/ro\/wp-json\/wp\/v2\/product_cat?post=4626"},{"taxonomy":"product_tag","embeddable":true,"href":"https:\/\/antcube.shop\/ro\/wp-json\/wp\/v2\/product_tag?post=4626"}],"curies":[{"name":"wp","href":"https:\/\/api.w.org\/{rel}","templated":true}]}}