{"id":4625,"date":"2022-11-14T14:21:09","date_gmt":"2022-11-14T13:21:09","guid":{"rendered":"https:\/\/antcube.shop\/produkt\/acrylglas-xt-rohr-50-46mm-1m\/"},"modified":"2026-03-26T18:04:53","modified_gmt":"2026-03-26T17:04:53","slug":"acrylic-xt-tube-50-46mm-1m","status":"publish","type":"product","link":"https:\/\/antcube.shop\/ro\/produs\/acrylic-xt-tube-50-46mm-1m\/","title":{"rendered":"\u021aeav\u0103 de furnic\u0103 - cristalin\u0103 - 50mm - 1m"},"content":{"rendered":"<p><strong>Dimensiuni:<\/strong> diametru exterior 50 mm, lungime: 1m<\/p>\n<p><strong>Material:<\/strong> sticl\u0103 acrilic\u0103<\/p>\n<p><strong>Culoare:<\/strong> transparent, clar<\/p>\n<p><strong>Descriere:<\/strong> Poate fi conectat la formicarium prin intermediul unor adaptoare sau poate fi conectat la mai multe formicarii \u00eempreun\u0103.<\/p>\n<p><strong>Not\u0103:<\/strong> Din motive de ambalare, tuburile de 1 metru pot fi t\u0103iate \u00een dou\u0103 \u0219i, op\u021bional, pot fi comandate cu o bucat\u0103 de tuburi corespunz\u0103toare. Dac\u0103 dori\u021bi ca tuburile s\u0103 fie livrate \u00een orice caz ca tuburi de 1 metru, acest lucru trebuie selectat ca supliment.<\/p>","protected":false},"excerpt":{"rendered":"<p>Dimensiuni: diametru exterior 50 mm, lungime: 1m Material: sticl\u0103 acrilic\u0103 Culoare: transparent, clar Descriere: Poate fi conectat la formicarium prin intermediul unor adaptoare sau poate fi conectat mai multe formicarii \u00eempreun\u0103. Not\u0103: Din motive de ambalare, tuburile de 1 metru pot fi t\u0103iate \u00een dou\u0103 \u0219i op\u021bional comandate cu o bucat\u0103 de tuburi potrivite. Dac\u0103 dori\u021bi s\u0103 ave\u021bi","protected":false},"featured_media":5122,"comment_status":"open","ping_status":"closed","template":"","meta":{"_acf_changed":false,"content-type":"","_monsterinsights_skip_tracking":false,"_monsterinsights_sitenote_active":false,"_monsterinsights_sitenote_note":"","_monsterinsights_sitenote_category":0},"product_brand":[],"product_cat":[119,120],"product_tag":[],"class_list":{"0":"post-4625","1":"product","2":"type-product","3":"status-publish","4":"has-post-thumbnail","6":"product_cat-formicarium-components","7":"product_cat-hoses","9":"first","10":"instock","11":"taxable","12":"shipping-taxable","13":"purchasable","14":"product-type-simple"},"acf":[],"aioseo_notices":[],"jetpack_sharing_enabled":true,"_links":{"self":[{"href":"https:\/\/antcube.shop\/ro\/wp-json\/wp\/v2\/product\/4625","targetHints":{"allow":["GET"]}}],"collection":[{"href":"https:\/\/antcube.shop\/ro\/wp-json\/wp\/v2\/product"}],"about":[{"href":"https:\/\/antcube.shop\/ro\/wp-json\/wp\/v2\/types\/product"}],"replies":[{"embeddable":true,"href":"https:\/\/antcube.shop\/ro\/wp-json\/wp\/v2\/comments?post=4625"}],"wp:featuredmedia":[{"embeddable":true,"href":"https:\/\/antcube.shop\/ro\/wp-json\/wp\/v2\/media\/5122"}],"wp:attachment":[{"href":"https:\/\/antcube.shop\/ro\/wp-json\/wp\/v2\/media?parent=4625"}],"wp:term":[{"taxonomy":"product_brand","embeddable":true,"href":"https:\/\/antcube.shop\/ro\/wp-json\/wp\/v2\/product_brand?post=4625"},{"taxonomy":"product_cat","embeddable":true,"href":"https:\/\/antcube.shop\/ro\/wp-json\/wp\/v2\/product_cat?post=4625"},{"taxonomy":"product_tag","embeddable":true,"href":"https:\/\/antcube.shop\/ro\/wp-json\/wp\/v2\/product_tag?post=4625"}],"curies":[{"name":"wp","href":"https:\/\/api.w.org\/{rel}","templated":true}]}}