{"id":4615,"date":"2022-11-01T18:09:59","date_gmt":"2022-11-01T17:09:59","guid":{"rendered":"https:\/\/antcube.shop\/produkt\/gittereinsatz-acryl-50-mm-klar\/"},"modified":"2026-04-15T09:42:31","modified_gmt":"2026-04-15T07:42:31","slug":"gittereinsatz-acryl-50-mm-klar","status":"publish","type":"product","link":"https:\/\/antcube.shop\/ro\/produs\/gittereinsatz-acryl-50-mm-klar\/","title":{"rendered":"Gril\u0103 acrilic\u0103 50 mm - transparent\u0103"},"content":{"rendered":"<p><strong>Cantitate:<\/strong> 1 bucat\u0103<\/p>\n<p><strong>Dimensiuni:<\/strong> 60x10mm<\/p>\n<p><strong>Culoare:<\/strong> clar<\/p>\n<p><strong>Material:<\/strong> plastic<\/p>\n<p><strong>Descriere:<\/strong> Gril\u0103 de ventila\u021bie cu diametrul de 50 mm pentru \u00eenchiderea deschiderilor cu diametrul de 50 mm. Fantele de ventila\u021bie au o l\u0103\u021bime de 1,5 mm.<\/p>","protected":false},"excerpt":{"rendered":"<p>Pentru g\u0103uri\/deschideri cu diametrul de 50 mm.<\/p>","protected":false},"featured_media":4829,"comment_status":"open","ping_status":"closed","template":"","meta":{"_acf_changed":false,"content-type":"","_monsterinsights_skip_tracking":false,"_monsterinsights_sitenote_active":false,"_monsterinsights_sitenote_note":"","_monsterinsights_sitenote_category":0},"product_brand":[],"product_cat":[238],"product_tag":[],"class_list":{"0":"post-4615","1":"product","2":"type-product","3":"status-publish","4":"has-post-thumbnail","6":"product_cat-grid-caps-plugs-and-inserts","8":"first","9":"instock","10":"taxable","11":"shipping-taxable","12":"purchasable","13":"product-type-simple"},"acf":[],"aioseo_notices":[],"jetpack_sharing_enabled":true,"_links":{"self":[{"href":"https:\/\/antcube.shop\/ro\/wp-json\/wp\/v2\/product\/4615","targetHints":{"allow":["GET"]}}],"collection":[{"href":"https:\/\/antcube.shop\/ro\/wp-json\/wp\/v2\/product"}],"about":[{"href":"https:\/\/antcube.shop\/ro\/wp-json\/wp\/v2\/types\/product"}],"replies":[{"embeddable":true,"href":"https:\/\/antcube.shop\/ro\/wp-json\/wp\/v2\/comments?post=4615"}],"wp:featuredmedia":[{"embeddable":true,"href":"https:\/\/antcube.shop\/ro\/wp-json\/wp\/v2\/media\/4829"}],"wp:attachment":[{"href":"https:\/\/antcube.shop\/ro\/wp-json\/wp\/v2\/media?parent=4615"}],"wp:term":[{"taxonomy":"product_brand","embeddable":true,"href":"https:\/\/antcube.shop\/ro\/wp-json\/wp\/v2\/product_brand?post=4615"},{"taxonomy":"product_cat","embeddable":true,"href":"https:\/\/antcube.shop\/ro\/wp-json\/wp\/v2\/product_cat?post=4615"},{"taxonomy":"product_tag","embeddable":true,"href":"https:\/\/antcube.shop\/ro\/wp-json\/wp\/v2\/product_tag?post=4615"}],"curies":[{"name":"wp","href":"https:\/\/api.w.org\/{rel}","templated":true}]}}