{"id":4614,"date":"2022-11-01T18:09:43","date_gmt":"2022-11-01T17:09:43","guid":{"rendered":"https:\/\/antcube.shop\/produkt\/formicarienunterlage-40x20cm\/"},"modified":"2026-04-05T19:45:30","modified_gmt":"2026-04-05T17:45:30","slug":"formicarienunterlage-40x20cm","status":"publish","type":"product","link":"https:\/\/antcube.shop\/ro\/produs\/formicarienunterlage-40x20cm\/","title":{"rendered":"Formicarium pad - 40x20cm"},"content":{"rendered":"<p><strong>Dimensiuni:<\/strong> 400 x 200 x 4mm<\/p>\n<p><strong>Material:<\/strong> spum\u0103 PE<\/p>\n<p><strong>Culoare:<\/strong> gri<\/p>\n<p><strong>Con\u021binut: <\/strong>1 buc.<\/p>\n<p><strong>Descriere:<\/strong><br \/>\nPernu\u021ba pentru formicarium este confec\u021bionat\u0103 dintr-un material de spum\u0103 moale.<br \/>\nAcesta protejeaz\u0103 formicarul, precum \u0219i piesa de mobilier pe care se afl\u0103 formicarul, de zg\u00e2rieturi.<br \/>\n\u00cen plus, pl\u0103cu\u021ba serve\u0219te ca izola\u021bie termic\u0103 pentru a compensa cele mai mici denivel\u0103ri \u0219i, de asemenea, protejeaz\u0103 \u00eempotriva vibra\u021biilor.<\/p>","protected":false},"excerpt":{"rendered":"<p>Dimensiuni: 400 x 200 x 4mm Material: Spum\u0103 PE Culoare: gri Con\u021binut: gri: 1 buc. Descriere: Tamponul pentru formicarium este fabricat dintr-un material de spum\u0103 moale. Acesta protejeaz\u0103 formicariul, precum \u0219i piesa de mobilier pe care se afl\u0103 formicariul, de zg\u00e2rieturi. \u00cen plus, pernu\u021ba serve\u0219te ca izola\u021bie termic\u0103 pentru a compensa","protected":false},"featured_media":5125,"comment_status":"open","ping_status":"closed","template":"","meta":{"_acf_changed":false,"content-type":"","_monsterinsights_skip_tracking":false,"_monsterinsights_sitenote_active":false,"_monsterinsights_sitenote_note":"","_monsterinsights_sitenote_category":0},"product_brand":[],"product_cat":[239],"product_tag":[],"class_list":{"0":"post-4614","1":"product","2":"type-product","3":"status-publish","4":"has-post-thumbnail","6":"product_cat-useful-additions","8":"first","9":"instock","10":"taxable","11":"shipping-taxable","12":"purchasable","13":"product-type-simple"},"acf":[],"aioseo_notices":[],"jetpack_sharing_enabled":true,"_links":{"self":[{"href":"https:\/\/antcube.shop\/ro\/wp-json\/wp\/v2\/product\/4614","targetHints":{"allow":["GET"]}}],"collection":[{"href":"https:\/\/antcube.shop\/ro\/wp-json\/wp\/v2\/product"}],"about":[{"href":"https:\/\/antcube.shop\/ro\/wp-json\/wp\/v2\/types\/product"}],"replies":[{"embeddable":true,"href":"https:\/\/antcube.shop\/ro\/wp-json\/wp\/v2\/comments?post=4614"}],"wp:featuredmedia":[{"embeddable":true,"href":"https:\/\/antcube.shop\/ro\/wp-json\/wp\/v2\/media\/5125"}],"wp:attachment":[{"href":"https:\/\/antcube.shop\/ro\/wp-json\/wp\/v2\/media?parent=4614"}],"wp:term":[{"taxonomy":"product_brand","embeddable":true,"href":"https:\/\/antcube.shop\/ro\/wp-json\/wp\/v2\/product_brand?post=4614"},{"taxonomy":"product_cat","embeddable":true,"href":"https:\/\/antcube.shop\/ro\/wp-json\/wp\/v2\/product_cat?post=4614"},{"taxonomy":"product_tag","embeddable":true,"href":"https:\/\/antcube.shop\/ro\/wp-json\/wp\/v2\/product_tag?post=4614"}],"curies":[{"name":"wp","href":"https:\/\/api.w.org\/{rel}","templated":true}]}}