{"id":4612,"date":"2022-11-01T18:09:13","date_gmt":"2022-11-01T17:09:13","guid":{"rendered":"https:\/\/antcube.shop\/produkt\/antcube-vivarium-30x30x30-cube\/"},"modified":"2026-04-01T11:21:08","modified_gmt":"2026-04-01T09:21:08","slug":"vivariu-plantcube-30x30x30-biochorion","status":"publish","type":"product","link":"https:\/\/antcube.shop\/ro\/produs\/vivariu-plantcube-30x30x30-biochorion\/","title":{"rendered":"PLANTCUBE - Vivariu 30x30x30 Biochorion"},"content":{"rendered":"<p><strong>OB\u021aINE\u021aI O BUCAT\u0102 DE NATUR\u0102 PENTRU CASA DVS.<\/strong><\/p>\n<p>Potrivit lui \"Krogerus\", un biocorion este \"locul dintr-un biotop \u00een care se g\u0103se\u0219te \u00een mod regulat un animal, deoarece ofer\u0103 cele mai importante, indispensabile condi\u021bii de via\u021b\u0103\"<\/p>\n<p><strong>Cuprins:<\/strong><br \/>\n1x PLANTCUBE Vivariu 30x30x30 Biochorion<br \/>\n2x dopuri pentru g\u0103uri de 10 mm<\/p>\n<p>Cub de sticl\u0103 30x30x30cm cu 2 g\u0103uri laterale de 50mm \u0219i 2 g\u0103uri laterale de 10mm<br \/>\nGaura de 50 mm (punctul central) este la 15 cm \u00een\u0103l\u021bime. Marginea inferioar\u0103 a g\u0103urii este la ~12,5 cm.<\/p>\n<p><strong>Dimensiuni:<\/strong> 300 x 300 x 300 mm; grosime sticl\u0103 4 mm<\/p>\n<p><strong>Material:<\/strong> sticl\u0103 float<\/p>\n<p><strong>Deschideri laterale:<\/strong><br \/>\n2x gaur\u0103 50mm<br \/>\n2x gaur\u0103 10mm<\/p>\n<p>Cu Vivariile noastre PLANTCUBE pute\u021bi crea propria dvs. oper\u0103 de art\u0103 vie pentru camera dvs. de zi. De asemenea, pute\u021bi \u021bine animale mici \u00eentr-un PLANTCUBE, astfel \u00eenc\u00e2t creativitatea dvs. nu are limite.<\/p>\n<p><strong>Personaliza\u021bi-v\u0103 PLANTCUBE-ul \u00een func\u021bie de nevoile dvs. sau ale plantelor \u0219i animalelor dvs:<\/strong><br \/>\nCele dou\u0103 g\u0103uri de 10 mm de pe lateral, situate la 2 cm \u00een\u0103l\u021bime (centru) de fund, sunt pentru drenarea excesului de ap\u0103. De exemplu, pute\u021bi utiliza furtunul nostru transparent de 10\/06 mm pentru a scurge apa. Cele dou\u0103 orificii de 50 mm pot fi \u00eenchise cu ajutorul dopurilor incluse sau pot servi ca ventila\u021bie suplimentar\u0103 atunci c\u00e2nd sunt echipate cu inser\u021bii de grilaj. Pute\u021bi chiar s\u0103 conecta\u021bi aici dou\u0103 instala\u021bii prin intermediul unui tub acrilic. \u00cen acest fel, dac\u0103 \u021bine\u021bi animale \u00een Vivariu, acestea se pot deplasa liber de la o instala\u021bie la alta.<\/p>\n<p><strong>Cum s\u0103 v\u0103 transforma\u021bi PLANTCUBE-ul \u00eentr-un ecosistem bioactiv?:<\/strong><br \/>\n<strong>Crea\u021bi un strat de drenaj:<\/strong><br \/>\nPentru a v\u0103 sus\u021bine plantele, trebuie s\u0103 construi\u021bi mai \u00eent\u00e2i un strat de drenaj \u00een interiorul Vivariului. V\u0103 recomand\u0103m s\u0103 folosi\u021bi 2-3 cm de granule de argil\u0103 (4-8 mm) deoarece sunt u\u0219oare. Asigura\u021bi-v\u0103 c\u0103 le sp\u0103la\u021bi sub jet de ap\u0103 \u00eenainte de a le pune \u00een interior pentru a \u00eendep\u0103rta praful.<\/p>\n<p>Pute\u021bi plasa o p\u00e2nz\u0103 de drenaj peste granulele de argil\u0103 pentru a separa drenajul de substrat.<\/p>\n<p><strong>Ce plante \u0219i ce sol s\u0103 folosi\u021bi:<\/strong><br \/>\nToate acestea depind de tipul de \"ecosistem\" pe care dori\u021bi s\u0103 \u00eel crea\u021bi. Dac\u0103 dori\u021bi s\u0103 construi\u021bi un Vivariu de\u0219ertic sau mai degrab\u0103 uscat, ve\u021bi avea nevoie de plante care se dezvolt\u0103 bine \u00een acel climat \u0219i ve\u021bi folosi solul adecvat \u00een care le place s\u0103 creasc\u0103. Pentru Vivariile tropicale este, desigur, acela\u0219i lucru. \u00cencerca\u021bi s\u0103 folosi\u021bi plante din regiuni \u0219i\/sau clim\u0103 similare, astfel \u00eenc\u00e2t toate s\u0103 se dezvolte bine \u00een acela\u0219i tip de sol \u0219i clim\u0103. Un magazin bun de plante ar trebui s\u0103 aib\u0103 \u00eentotdeauna informa\u021bii despre climatul \u0219i solul potrivite pentru plantele pe care le vinde.<\/p>\n<p><strong>Important:<\/strong> Dac\u0103 dori\u021bi s\u0103 p\u0103stra\u021bi \u00eempreun\u0103 plante \u0219i animale, nu trebuie s\u0103 utiliza\u021bi niciodat\u0103 plante despre care nu \u0219ti\u021bi dac\u0103 au intrat \u00een contact cu \u00eengr\u0103\u0219\u0103minte sau pesticide. Folosi\u021bi numai plante din magazinele de terarii sau similare, care sunt garantate a fi complet lipsite de pesticide \u0219i \u00eengr\u0103\u0219\u0103minte. \u00cen caz contrar, acestea pot duce la moartea animalelor dumneavoastr\u0103.<\/p>\n<p><strong>Introduce\u021bi o \"echip\u0103 de cur\u0103\u021bare\" pentru a v\u0103 face Vivariul Bioactiv<\/strong><br \/>\n<strong>Ce este bioactiv?<\/strong> Ce este bioactiv? Aceasta este cea mai apropiat\u0103 de o instala\u021bie autosustenabil\u0103. Este vorba despre ad\u0103ugarea amestecului de sol adecvat \u0219i a materialului organic pentru formarea microflorei, plus microfauna necesar\u0103 pentru a crea un ciclu nutritiv \u00een Vivariu.<\/p>\n<p><strong>Sfatul nostru:<\/strong> Sfatul nostru: Ad\u0103uga\u021bi \u00eentotdeauna creaturi mici, cum ar fi springtails \u0219i izopode. Acestea nu sunt doar o surs\u0103 bun\u0103 de hran\u0103 \"nesf\u00e2r\u0219it\u0103\" \u00een sine, dac\u0103 dori\u021bi s\u0103 p\u0103stra\u021bi alte animale \u00een Vivariu. Ele se hr\u0103nesc \u00een special cu mucegaiurile care s-ar putea forma din cauza umidit\u0103\u021bii ridicate \u0219i \u00eembog\u0103\u021besc solul cu substan\u021be nutritive, care la r\u00e2ndul lor permit plantelor s\u0103 creasc\u0103 s\u0103n\u0103tos.<\/p>\n<p>Ad\u0103uga\u021bi pu\u021bin c\u0103rbune \u00een sol, care ajut\u0103 microbii s\u0103 \u00eel colonizeze. Mu\u0219chiul \u0219i scoar\u021ba de plut\u0103 sau lemnul alb putrezit, \u00een plus fa\u021b\u0103 de litiera de frunze, nu numai c\u0103 au un aspect natural \u00een instala\u021bia dvs., dar v\u0103 hr\u0103nesc \u0219i \"echipa de cur\u0103\u021benie\", le ofer\u0103 ascunz\u0103tori \u0219i locuri de reproducere \u0219i sunt u\u0219or de descompus \u00een substan\u021be nutritive pentru plantele dvs.<\/p>\n<p><strong>\u00cen natur\u0103, totul este despre echilibru<\/strong><br \/>\nCu toate acestea, nu este recomandabil s\u0103 folosi\u021bi anumite specii de izopode f\u0103r\u0103 a ad\u0103uga ceva care s\u0103 le v\u00e2neze, deoarece o popula\u021bie de izopode f\u0103r\u0103 pr\u0103d\u0103tori precum furnicile, de exemplu, scap\u0103 de sub control, iar plantele din Vivariu devin rapid o surs\u0103 nedorit\u0103 de hran\u0103. \u00cen natur\u0103, totul \u021bine de echilibru.<\/p>\n<p><strong>Informa\u021bii suplimentare:<\/strong><br \/>\nSticla este t\u0103iat\u0103 \u00een conformitate cu DIN 1249 cu o toleran\u021b\u0103 de +\/- 1 mm. Pentru speciile de furnici extrem de mici, este esen\u021bial\u0103 o protec\u021bie suplimentar\u0103 \u00eempotriva spargerii.<\/p>\n<div class=\"row\"  id=\"row-668247031\">\n\n\t<div id=\"col-1188868282\" class=\"col small-12 large-12\"  >\n\t\t\t\t<div class=\"col-inner\"  >\n\t\t\t\n\t\t\t\n\t<div id=\"text-983025206\" class=\"text\">\n\t\t\n<h2>Mai jos pute\u021bi g\u0103si c\u00e2teva magazine pe care le putem recomanda \u0219i informa\u021bii suplimentare despre cum s\u0103 crea\u021bi un PLANTCUBE unic \u0219i bioactiv:<\/h2>\n\t\t\n<style>\n#text-983025206 {\n  font-size: 1rem;\n  text-align: center;\n}\n<\/style>\n\t<\/div>\n\t\n\t<div id=\"gap-1019007260\" class=\"gap-element clearfix\" style=\"display:block; height:auto;\">\n\t\t\n<style>\n#gap-1019007260 {\n  padding-top: 40px;\n}\n<\/style>\n\t<\/div>\n\t\n\t\t<\/div>\n\t\t\t\t\n<style>\n#col-1188868282 > .col-inner {\n  padding: 30px 0px 0px 0px;\n}\n<\/style>\n\t<\/div>\n\n\t\n\n\t<div id=\"col-49434248\" class=\"col medium-6 small-12 large-6\"  >\n\t\t\t\t<div class=\"col-inner\"  >\n\t\t\t\n\t\t\t\n\n\t<section class=\"section\" id=\"section_1895889432\">\n\t\t<div class=\"section-bg fill\" >\n\t\t\t<img data-recalc-dims=\"1\" loading=\"lazy\" decoding=\"async\" width=\"1020\" height=\"574\" src=\"https:\/\/i0.wp.com\/antcube.shop\/wp-content\/uploads\/2024\/10\/2560x1440_youtube-Banner-2.png?resize=1020%2C574&#038;ssl=1\" class=\"bg attachment- size-\" alt=\"\" \/>\t\t\t\t\t\t\n\t\t\t\n\n\t\t<\/div>\n\n\t\t\n\n\t\t<div class=\"section-content relative\">\n\t\t\t\n<div class=\"row align-center\"  id=\"row-1247144161\">\n\n\t<div id=\"col-1133509453\" class=\"col medium-10 small-12 large-10\"  >\n\t\t\t\t<div class=\"col-inner text-center\"  >\n\t\t\t\n\t\t\t\n<h2 class=\"uppercase\">Ghid pas cu pas pe blogul nostru<\/h2>\n<a href=\"https:\/\/antcube.shop\/en\/2024\/10\/22\/how-to-create-your-bioactive-vivarium\/\" class=\"button primary\" >\n\t\t<span>BLOG<\/span>\n\t<\/a>\n\n\t\t<\/div>\n\t\t\t\t\n<style>\n#col-1133509453 > .col-inner {\n  margin: -150px 0px 0px 0px;\n}\n@media (min-width:550px) {\n  #col-1133509453 > .col-inner {\n    margin: -200px 0px 0px 0px;\n  }\n}\n<\/style>\n\t<\/div>\n\n\t\n<\/div>\n\t\t<\/div>\n\n\t\t\n<style>\n#section_1895889432 {\n  padding-top: 60px;\n  padding-bottom: 60px;\n  min-height: 300px;\n  background-color: rgb(255,255,255);\n}\n#section_1895889432 .section-bg img {\n  object-position: 50% 0%;\n}\n<\/style>\n\t<\/section>\n\t\n\t\t<\/div>\n\t\t\t\t\t<\/div>\n\n\t\n\n\t<div id=\"col-1896662641\" class=\"col medium-6 small-12 large-6\"  >\n\t\t\t\t<div class=\"col-inner\"  >\n\t\t\t\n\t\t\t\n\n\t<section class=\"section\" id=\"section_694121245\">\n\t\t<div class=\"section-bg fill\" >\n\t\t\t<img data-recalc-dims=\"1\" loading=\"lazy\" decoding=\"async\" width=\"1020\" height=\"680\" src=\"https:\/\/i0.wp.com\/antcube.shop\/wp-content\/uploads\/2024\/10\/Collage_FULL-HD_-2-scaled.jpg?resize=1020%2C680&#038;ssl=1\" class=\"bg attachment-original size-original\" alt=\"\" \/>\t\t\t\t\t\t\n\t\t\t\n\n\t\t<\/div>\n\n\t\t\n\n\t\t<div class=\"section-content relative\">\n\t\t\t\n<div class=\"row align-center\"  id=\"row-2119846424\">\n\n\t<div id=\"col-62918563\" class=\"col medium-10 small-12 large-10\"  >\n\t\t\t\t<div class=\"col-inner text-center\"  >\n\t\t\t\n\t\t\t\n<h2 class=\"uppercase\">Informa\u021bii suplimentare despre plantcube<\/h2>\n<a href=\"https:\/\/antcube.shop\/en\/plantcube\/\" class=\"button primary\" >\n\t\t<span>plantcube<\/span>\n\t<\/a>\n\n\t\t<\/div>\n\t\t\t\t\n<style>\n#col-62918563 > .col-inner {\n  margin: -150px 0px 0px 0px;\n}\n@media (min-width:550px) {\n  #col-62918563 > .col-inner {\n    margin: -200px 0px 0px 0px;\n  }\n}\n<\/style>\n\t<\/div>\n\n\t\n<\/div>\n\t\t<\/div>\n\n\t\t\n<style>\n#section_694121245 {\n  padding-top: 60px;\n  padding-bottom: 60px;\n  min-height: 300px;\n}\n#section_694121245 .section-bg img {\n  object-position: 51% 0%;\n}\n<\/style>\n\t<\/section>\n\t\n\t\t<\/div>\n\t\t\t\t\t<\/div>\n\n\t\n<\/div>","protected":false},"excerpt":{"rendered":"<p><strong>Doar bazin din sticl\u0103<\/strong><\/p>","protected":false},"featured_media":9896,"comment_status":"open","ping_status":"closed","template":"","meta":{"_acf_changed":false,"content-type":"","_monsterinsights_skip_tracking":false,"_monsterinsights_sitenote_active":false,"_monsterinsights_sitenote_note":"","_monsterinsights_sitenote_category":0},"product_brand":[],"product_cat":[341],"product_tag":[],"class_list":{"0":"post-4612","1":"product","2":"type-product","3":"status-publish","4":"has-post-thumbnail","6":"product_cat-vivariums","8":"first","9":"instock","10":"taxable","11":"shipping-taxable","12":"purchasable","13":"product-type-simple"},"acf":[],"aioseo_notices":[],"jetpack_sharing_enabled":true,"_links":{"self":[{"href":"https:\/\/antcube.shop\/ro\/wp-json\/wp\/v2\/product\/4612","targetHints":{"allow":["GET"]}}],"collection":[{"href":"https:\/\/antcube.shop\/ro\/wp-json\/wp\/v2\/product"}],"about":[{"href":"https:\/\/antcube.shop\/ro\/wp-json\/wp\/v2\/types\/product"}],"replies":[{"embeddable":true,"href":"https:\/\/antcube.shop\/ro\/wp-json\/wp\/v2\/comments?post=4612"}],"wp:featuredmedia":[{"embeddable":true,"href":"https:\/\/antcube.shop\/ro\/wp-json\/wp\/v2\/media\/9896"}],"wp:attachment":[{"href":"https:\/\/antcube.shop\/ro\/wp-json\/wp\/v2\/media?parent=4612"}],"wp:term":[{"taxonomy":"product_brand","embeddable":true,"href":"https:\/\/antcube.shop\/ro\/wp-json\/wp\/v2\/product_brand?post=4612"},{"taxonomy":"product_cat","embeddable":true,"href":"https:\/\/antcube.shop\/ro\/wp-json\/wp\/v2\/product_cat?post=4612"},{"taxonomy":"product_tag","embeddable":true,"href":"https:\/\/antcube.shop\/ro\/wp-json\/wp\/v2\/product_tag?post=4612"}],"curies":[{"name":"wp","href":"https:\/\/api.w.org\/{rel}","templated":true}]}}