{"id":4609,"date":"2022-11-01T18:08:27","date_gmt":"2022-11-01T17:08:27","guid":{"rendered":"https:\/\/antcube.shop\/produkt\/ameisenarena-abdeckung-30x30\/"},"modified":"2026-04-02T17:28:50","modified_gmt":"2026-04-02T15:28:50","slug":"ameisenarena-abdeckung-30x30","status":"publish","type":"product","link":"https:\/\/antcube.shop\/ro\/produs\/ameisenarena-abdeckung-30x30\/","title":{"rendered":"Copert\u0103 pentru arena de furnici 30\u00d730"},"content":{"rendered":"<p><strong>Dimensiuni (LxLxA):<\/strong> 30x30x0,4 cm<\/p>\n<p><strong>Material:<\/strong> sticl\u0103 float<\/p>\n<p><strong>Culoare:<\/strong> cristalin \/ transparent<\/p>\n<p><strong>Cuprins:<\/strong><br \/>\n1x capacul arenei pentru furnici<br \/>\n1x puncte de fixare la 4 buc.<\/p>\n<p><strong>Descriere:<\/strong><br \/>\nAcoperi\u0219 din sticl\u0103 pentru arena pentru furnici, ca protec\u021bie \u00eempotriva evad\u0103rii.<\/p>\n<p><strong>Cerere:<\/strong><br \/>\nAcoperi\u0219ul din sticl\u0103 al arenei pentru furnici este a\u0219ezat pe o aren\u0103 pentru furnici \u0219i serve\u0219te, de asemenea, imediat pentru reglarea climatului.<br \/>\n\u00cen deschiderile de 50 mm pot fi introduse diverse module pentru controlul climei, de exemplu, grile de ventila\u021bie, iluminat sau umidificare.<br \/>\nPentru a \u00eempiedica furnicile s\u0103 scape prin deschideri, trebuie aplicat\u0103 o protec\u021bie \u00eempotriva evad\u0103rii (ulei, pudr\u0103 sau lac) pe partea inferioar\u0103 din jurul g\u0103urilor.<\/p>\n<p><strong>Aviz:<\/strong><br \/>\nDeoarece articolul este fabricat din sticl\u0103 \u0219i, prin urmare, este susceptibil de a se sparge, acesta trebuie manipulat cu mare aten\u021bie.<\/p>","protected":false},"excerpt":{"rendered":"<p>Dimensiuni (LxLxA): 30x30x0,4 cm Material: sticl\u0103 float Culoare: cristalin\u0103 \/ transparent\u0103 Con\u021bine: 1x capac pentru arena de furnici 1x puncte de fixare la 4 buc. Descriere: \u00cenc\u0103rc\u0103tur\u0103 de protec\u021bie pentru furnici: Capac din sticl\u0103 pentru arena pentru furnici ca protec\u021bie \u00eempotriva evad\u0103rii. Aplicare: Pentru a proteja furnicile de furnici: Capacul din sticl\u0103 pentru arena pentru furnici din sticl\u0103 este plasat pe o aren\u0103 pentru furnici \u0219i serve\u0219te, de asemenea, imediat pentru","protected":false},"featured_media":4800,"comment_status":"open","ping_status":"closed","template":"","meta":{"_acf_changed":false,"content-type":"","_monsterinsights_skip_tracking":false,"_monsterinsights_sitenote_active":false,"_monsterinsights_sitenote_note":"","_monsterinsights_sitenote_category":0},"product_brand":[],"product_cat":[91,92],"product_tag":[],"class_list":{"0":"post-4609","1":"product","2":"type-product","3":"status-publish","4":"has-post-thumbnail","6":"product_cat-formicarium-modules","7":"product_cat-arena-cover","9":"first","10":"instock","11":"taxable","12":"shipping-taxable","13":"purchasable","14":"product-type-simple"},"acf":[],"aioseo_notices":[],"jetpack_sharing_enabled":true,"_links":{"self":[{"href":"https:\/\/antcube.shop\/ro\/wp-json\/wp\/v2\/product\/4609","targetHints":{"allow":["GET"]}}],"collection":[{"href":"https:\/\/antcube.shop\/ro\/wp-json\/wp\/v2\/product"}],"about":[{"href":"https:\/\/antcube.shop\/ro\/wp-json\/wp\/v2\/types\/product"}],"replies":[{"embeddable":true,"href":"https:\/\/antcube.shop\/ro\/wp-json\/wp\/v2\/comments?post=4609"}],"wp:featuredmedia":[{"embeddable":true,"href":"https:\/\/antcube.shop\/ro\/wp-json\/wp\/v2\/media\/4800"}],"wp:attachment":[{"href":"https:\/\/antcube.shop\/ro\/wp-json\/wp\/v2\/media?parent=4609"}],"wp:term":[{"taxonomy":"product_brand","embeddable":true,"href":"https:\/\/antcube.shop\/ro\/wp-json\/wp\/v2\/product_brand?post=4609"},{"taxonomy":"product_cat","embeddable":true,"href":"https:\/\/antcube.shop\/ro\/wp-json\/wp\/v2\/product_cat?post=4609"},{"taxonomy":"product_tag","embeddable":true,"href":"https:\/\/antcube.shop\/ro\/wp-json\/wp\/v2\/product_tag?post=4609"}],"curies":[{"name":"wp","href":"https:\/\/api.w.org\/{rel}","templated":true}]}}