{"id":4607,"date":"2022-11-01T18:07:37","date_gmt":"2022-11-01T17:07:37","guid":{"rendered":"https:\/\/antcube.shop\/produkt\/formicariengranulat-1000ml-weis\/"},"modified":"2026-03-24T18:13:06","modified_gmt":"2026-03-24T17:13:06","slug":"formicarium-granule-1000ml-alb","status":"publish","type":"product","link":"https:\/\/antcube.shop\/ro\/produs\/formicarium-granule-1000ml-alb\/","title":{"rendered":"Formicarium granule 1000ml - alb"},"content":{"rendered":"<p><strong>Con\u021binut:<\/strong> 1000ml (echivalentul a ~80g)<\/p>\n<p><strong>Dimensiunea granulelor:<\/strong> 1 - 6 mm<\/p>\n<p><strong>Culoare:<\/strong> alb<\/p>\n<p><strong>Material de baz\u0103:<\/strong> amestec special de obsidian vulcanic\/perlit<\/p>\n<p><strong>Descriere:<\/strong> Materialul re\u021bine umezeala \u0219i asigur\u0103 o bun\u0103 aerisire a solului \u00een formicarium, protej\u00e2nd \u00eempotriva \u00eenec\u0103rii \u0219i putrefac\u021biei. Stratul de granule ar trebui s\u0103 fie folosit la aproximativ 1-2 cm ca strat de sol de baz\u0103 \u00eentr-o ferm\u0103.<\/p>\n<p><strong>Propriet\u0103\u021bi:<\/strong><br \/>\n- anorganic, produs mineral<br \/>\n- neutru din punct de vedere biologic \u0219i chimic<br \/>\n- stabil din punct de vedere structural<br \/>\n- stocheaz\u0103 umezeala<\/p>","protected":false},"excerpt":{"rendered":"<p>Pentru substrat neutru sau u\u0219or de nisip\/argil\u0103<\/p>","protected":false},"featured_media":5734,"comment_status":"open","ping_status":"closed","template":"","meta":{"_acf_changed":false,"content-type":"","_monsterinsights_skip_tracking":false,"_monsterinsights_sitenote_active":false,"_monsterinsights_sitenote_note":"","_monsterinsights_sitenote_category":0},"product_brand":[],"product_cat":[241],"product_tag":[],"class_list":{"0":"post-4607","1":"product","2":"type-product","3":"status-publish","4":"has-post-thumbnail","6":"product_cat-granules","8":"first","9":"instock","10":"taxable","11":"shipping-taxable","12":"purchasable","13":"product-type-simple"},"acf":[],"aioseo_notices":[],"jetpack_sharing_enabled":true,"_links":{"self":[{"href":"https:\/\/antcube.shop\/ro\/wp-json\/wp\/v2\/product\/4607","targetHints":{"allow":["GET"]}}],"collection":[{"href":"https:\/\/antcube.shop\/ro\/wp-json\/wp\/v2\/product"}],"about":[{"href":"https:\/\/antcube.shop\/ro\/wp-json\/wp\/v2\/types\/product"}],"replies":[{"embeddable":true,"href":"https:\/\/antcube.shop\/ro\/wp-json\/wp\/v2\/comments?post=4607"}],"wp:featuredmedia":[{"embeddable":true,"href":"https:\/\/antcube.shop\/ro\/wp-json\/wp\/v2\/media\/5734"}],"wp:attachment":[{"href":"https:\/\/antcube.shop\/ro\/wp-json\/wp\/v2\/media?parent=4607"}],"wp:term":[{"taxonomy":"product_brand","embeddable":true,"href":"https:\/\/antcube.shop\/ro\/wp-json\/wp\/v2\/product_brand?post=4607"},{"taxonomy":"product_cat","embeddable":true,"href":"https:\/\/antcube.shop\/ro\/wp-json\/wp\/v2\/product_cat?post=4607"},{"taxonomy":"product_tag","embeddable":true,"href":"https:\/\/antcube.shop\/ro\/wp-json\/wp\/v2\/product_tag?post=4607"}],"curies":[{"name":"wp","href":"https:\/\/api.w.org\/{rel}","templated":true}]}}