{"id":4605,"date":"2022-11-01T18:07:07","date_gmt":"2022-11-01T17:07:07","guid":{"rendered":"https:\/\/antcube.shop\/produkt\/formicariengranulat-1000ml-schwarz\/"},"modified":"2026-04-13T10:48:57","modified_gmt":"2026-04-13T08:48:57","slug":"formicariengranulat-1000ml-schwarz","status":"publish","type":"product","link":"https:\/\/antcube.shop\/ro\/produs\/formicariengranulat-1000ml-schwarz\/","title":{"rendered":"Formicarium granule 1000ml - negru"},"content":{"rendered":"<p><strong>Con\u021binut:<\/strong> 1000ml (echivalentul a ~600g)<\/p>\n<p><strong>Dimensiunea granulelor:<\/strong> 1 - 8 mm<\/p>\n<p><strong>Culoare:<\/strong> negru<\/p>\n<p><strong>Material de baz\u0103:<\/strong> amestec special de pietre vulcanice de \u00eenalt\u0103 calitate<\/p>\n<p><strong>Descriere:<\/strong> Materialul re\u021bine umezeala \u0219i asigur\u0103 o bun\u0103 aerisire a solului \u00een formicarium, protej\u00e2nd \u00eempotriva \u00eenec\u0103rii \u0219i putrefac\u021biei. Stratul de granule ar trebui s\u0103 fie folosit la aproximativ 1-2 cm ca cel mai de jos strat de sol dintr-o ferm\u0103.<\/p>\n<p><strong>Propriet\u0103\u021bi:<\/strong><br \/>\n- anorganic, produs mineral<br \/>\n- neutru din punct de vedere biologic \u0219i chimic<br \/>\n- stabil din punct de vedere structural<br \/>\n- stocheaz\u0103 umezeala<\/p>","protected":false},"excerpt":{"rendered":"<p>Pentru substrat de p\u0103dure sau de p\u0103dure tropical\u0103<\/p>","protected":false},"featured_media":5733,"comment_status":"open","ping_status":"closed","template":"","meta":{"_acf_changed":false,"content-type":"","_monsterinsights_skip_tracking":false,"_monsterinsights_sitenote_active":false,"_monsterinsights_sitenote_note":"","_monsterinsights_sitenote_category":0},"product_brand":[],"product_cat":[101,100,241],"product_tag":[],"class_list":{"0":"post-4605","1":"product","2":"type-product","3":"status-publish","4":"has-post-thumbnail","6":"product_cat-forest","7":"product_cat-rainforest","8":"product_cat-granules","10":"first","11":"instock","12":"taxable","13":"shipping-taxable","14":"purchasable","15":"product-type-simple"},"acf":[],"aioseo_notices":[],"jetpack_sharing_enabled":true,"_links":{"self":[{"href":"https:\/\/antcube.shop\/ro\/wp-json\/wp\/v2\/product\/4605","targetHints":{"allow":["GET"]}}],"collection":[{"href":"https:\/\/antcube.shop\/ro\/wp-json\/wp\/v2\/product"}],"about":[{"href":"https:\/\/antcube.shop\/ro\/wp-json\/wp\/v2\/types\/product"}],"replies":[{"embeddable":true,"href":"https:\/\/antcube.shop\/ro\/wp-json\/wp\/v2\/comments?post=4605"}],"wp:featuredmedia":[{"embeddable":true,"href":"https:\/\/antcube.shop\/ro\/wp-json\/wp\/v2\/media\/5733"}],"wp:attachment":[{"href":"https:\/\/antcube.shop\/ro\/wp-json\/wp\/v2\/media?parent=4605"}],"wp:term":[{"taxonomy":"product_brand","embeddable":true,"href":"https:\/\/antcube.shop\/ro\/wp-json\/wp\/v2\/product_brand?post=4605"},{"taxonomy":"product_cat","embeddable":true,"href":"https:\/\/antcube.shop\/ro\/wp-json\/wp\/v2\/product_cat?post=4605"},{"taxonomy":"product_tag","embeddable":true,"href":"https:\/\/antcube.shop\/ro\/wp-json\/wp\/v2\/product_tag?post=4605"}],"curies":[{"name":"wp","href":"https:\/\/api.w.org\/{rel}","templated":true}]}}