{"id":4373,"date":"2022-06-20T09:12:57","date_gmt":"2022-06-20T07:12:57","guid":{"rendered":"https:\/\/antcube.shop\/produkt\/cricket-jam\/"},"modified":"2026-04-07T13:49:23","modified_gmt":"2026-04-07T11:49:23","slug":"cricket-jam","status":"publish","type":"product","link":"https:\/\/antcube.shop\/ro\/produs\/cricket-jam\/","title":{"rendered":"Cricket Jam"},"content":{"rendered":"<p><strong>Greutate net\u0103:<\/strong> 25 g pe borcan<br \/>\npiure de greieri \u0219i greieri la aburi<\/p>\n<p>alimentare unic\u0103<\/p>\n<p><strong>Descriere:<\/strong><br \/>\nGreierii no\u0219tri albicio\u0219i sunt o modalitate u\u0219oar\u0103 de a oferi furnicilor o hran\u0103 proteic\u0103 proasp\u0103t conservat\u0103, f\u0103r\u0103 a fi nevoie s\u0103 le hr\u0103ni\u021bi cu insecte vii. Greierii inclu\u0219i (Acheta domesticus) au fost blan\u0219ati u\u0219or pentru a se asigura c\u0103 valoarea nutritiv\u0103, gustul \u0219i aroma sunt p\u0103strate. \u00cen plus, \u00eenveli\u0219ul chitinos al insectelor este \u00eenmuiat \u00een acest mod, astfel \u00eenc\u00e2t s\u0103 poat\u0103 fi digerat mai u\u0219or. Compu\u0219ii proteinelor colagenice sunt descompuse, astfel \u00eenc\u00e2t furnicile s\u0103 le poat\u0103 utiliza mai bine. Conservele de Acheta domesticus au aceea\u0219i valoare nutritiv\u0103 ca \u0219i greierii vii, dar sunt mai u\u0219or de digerat. Spre deosebire de greierii congela\u021bi sau usca\u021bi, unde se pierd aproximativ 60% de proteine, proteinele con\u021binute pot fi prelucrate p\u00e2n\u0103 la aproape 100%.<\/p>\n<p>Cricket Jam nu este potrivit pentru v\u00e2narea speciilor de furnici care necesit\u0103 hran\u0103 vie (de exemplu, Ponerines (furnici primordiale), cum ar fi Harpegnathos sau Odontomachus).<\/p>\n<p><strong>Alte avantaje:<\/strong><\/p>\n<p>Garantat f\u0103r\u0103 acarieni<\/p>\n<p>Por\u021bionabil \u0219i diluabil cu ap\u0103.<\/p>\n<p>Sterilizat \u0219i vidat<br \/>\nF\u0103r\u0103 aditivi<br \/>\nGreieri proveni\u021bi din cre\u0219terea durabil\u0103 pur biologic\u0103, hr\u0103ni\u021bi cu de\u0219euri organice<\/p>\n<p><strong>Informa\u021bii nutri\u021bionale:<\/strong><br \/>\nProtein\u0103 brut\u0103: 20%<br \/>\nGr\u0103sime brut\u0103: 7%<br \/>\nFibre brute: 22%<br \/>\nCenu\u0219\u0103: 4%<br \/>\nUmiditate: 46%<\/p>\n<p><strong>Aviz:<\/strong><br \/>\nDup\u0103 ce a fost deschis, poate fi p\u0103strat timp de aproximativ patru zile \u00een frigider. Termen de valabilitate mai lung dac\u0103 sunt congelate.<br \/>\n<strong>Aten\u021bie:<\/strong> Por\u021biona\u021bi mai \u00eent\u00e2i, apoi congela\u021bi.<\/p>","protected":false},"excerpt":{"rendered":"<p>Alimentare unic\u0103<\/p>","protected":false},"featured_media":4378,"comment_status":"open","ping_status":"closed","template":"","meta":{"_acf_changed":false,"content-type":"","_monsterinsights_skip_tracking":false,"_monsterinsights_sitenote_active":false,"_monsterinsights_sitenote_note":"","_monsterinsights_sitenote_category":0},"product_brand":[],"product_cat":[257,115,116],"product_tag":[],"class_list":{"0":"post-4373","1":"product","2":"type-product","3":"status-publish","4":"has-post-thumbnail","6":"product_cat-new-innovatve-products","7":"product_cat-food-and-feeding","8":"product_cat-food","10":"first","11":"instock","12":"taxable","13":"shipping-taxable","14":"purchasable","15":"product-type-simple"},"acf":[],"aioseo_notices":[],"jetpack_sharing_enabled":true,"_links":{"self":[{"href":"https:\/\/antcube.shop\/ro\/wp-json\/wp\/v2\/product\/4373","targetHints":{"allow":["GET"]}}],"collection":[{"href":"https:\/\/antcube.shop\/ro\/wp-json\/wp\/v2\/product"}],"about":[{"href":"https:\/\/antcube.shop\/ro\/wp-json\/wp\/v2\/types\/product"}],"replies":[{"embeddable":true,"href":"https:\/\/antcube.shop\/ro\/wp-json\/wp\/v2\/comments?post=4373"}],"wp:featuredmedia":[{"embeddable":true,"href":"https:\/\/antcube.shop\/ro\/wp-json\/wp\/v2\/media\/4378"}],"wp:attachment":[{"href":"https:\/\/antcube.shop\/ro\/wp-json\/wp\/v2\/media?parent=4373"}],"wp:term":[{"taxonomy":"product_brand","embeddable":true,"href":"https:\/\/antcube.shop\/ro\/wp-json\/wp\/v2\/product_brand?post=4373"},{"taxonomy":"product_cat","embeddable":true,"href":"https:\/\/antcube.shop\/ro\/wp-json\/wp\/v2\/product_cat?post=4373"},{"taxonomy":"product_tag","embeddable":true,"href":"https:\/\/antcube.shop\/ro\/wp-json\/wp\/v2\/product_tag?post=4373"}],"curies":[{"name":"wp","href":"https:\/\/api.w.org\/{rel}","templated":true}]}}