{"id":4372,"date":"2022-06-20T09:12:42","date_gmt":"2022-06-20T07:12:42","guid":{"rendered":"https:\/\/antcube.shop\/produkt\/ganze-blanchierte-heimchen\/"},"modified":"2026-04-15T12:17:43","modified_gmt":"2026-04-15T10:17:43","slug":"ganze-blanchierte-heimchen-2","status":"publish","type":"product","link":"https:\/\/antcube.shop\/ro\/produs\/ganze-blanchierte-heimchen-2\/","title":{"rendered":"Greieri \u00eentregi albi\u021bi"},"content":{"rendered":"<p><strong>Greutate net\u0103:<\/strong> 10g pe borcan<br \/>\ngreieri de m\u0103rime medie, blan\u0219i, \u00een buc\u0103\u021bi<\/p>\n<p>alimentare unic\u0103<\/p>\n<p><strong>Descriere:<\/strong><br \/>\nGreierii no\u0219tri albicio\u0219i sunt o modalitate u\u0219oar\u0103 de a oferi furnicilor o hran\u0103 proteic\u0103 proasp\u0103t conservat\u0103, f\u0103r\u0103 a fi nevoie s\u0103 le hr\u0103ni\u021bi cu insecte vii. Greierii inclu\u0219i (Acheta domesticus) au fost blan\u0219ati u\u0219or pentru a se asigura c\u0103 valoarea nutritiv\u0103, gustul \u0219i aroma sunt p\u0103strate. \u00cen plus, \u00eenveli\u0219ul chitinos al insectelor este \u00eenmuiat \u00een acest mod, astfel \u00eenc\u00e2t s\u0103 poat\u0103 fi digerat mai u\u0219or. Compu\u0219ii proteinelor colagenice sunt descompuse, astfel \u00eenc\u00e2t furnicile s\u0103 le poat\u0103 utiliza mai bine. Conservele de Acheta domesticus au aceea\u0219i valoare nutritiv\u0103 ca \u0219i greierii vii, dar sunt mai u\u0219or de digerat. Spre deosebire de greierii congela\u021bi sau usca\u021bi, unde se pierd aproximativ 60% de proteine, proteinele con\u021binute pot fi prelucrate p\u00e2n\u0103 la aproape 100%.<\/p>\n<p>Greierii albicio\u0219i nu sunt potrivi\u021bi pentru v\u00e2narea speciilor de furnici care necesit\u0103 hran\u0103 vie (de exemplu, ponarine (furnici primordiale), cum ar fi Harpegnathos sau Odontomachus).<\/p>\n<p><strong>Alte avantaje:<\/strong><\/p>\n<p>Garantat f\u0103r\u0103 acarieni<br \/>\nPor\u021bionabil<br \/>\nSterilizat \u0219i vidat<br \/>\nF\u0103r\u0103 aditivi<br \/>\nGreieri proveni\u021bi din cre\u0219terea ecologic\u0103 pur\u0103 \u0219i durabil\u0103, hr\u0103ni\u021bi cu de\u0219euri organice<\/p>\n<p><strong>Informa\u021bii nutri\u021bionale:<\/strong><br \/>\nProtein\u0103 brut\u0103: 20%<br \/>\nGr\u0103sime brut\u0103: 7%<br \/>\nFibre brute: 22%<br \/>\nCenu\u0219\u0103: 4%<br \/>\nUmiditate: 46%<\/p>\n<p><strong>Aviz:<\/strong><br \/>\nOdat\u0103 deschis, se p\u0103streaz\u0103 aproximativ patru zile la frigider. Termen de valabilitate mai lung dac\u0103 este congelat.<br \/>\n<strong>Aten\u021bie:<\/strong> Mai \u00eent\u00e2i se por\u021bioneaz\u0103, apoi se congeleaz\u0103. Deci, este posibil\u0103 \u0219i o singur\u0103 prelevare (IQF).<\/p>","protected":false},"excerpt":{"rendered":"<p>alimentare unic\u0103<\/p>","protected":false},"featured_media":4375,"comment_status":"open","ping_status":"closed","template":"","meta":{"_acf_changed":false,"content-type":"","_monsterinsights_skip_tracking":false,"_monsterinsights_sitenote_active":false,"_monsterinsights_sitenote_note":"","_monsterinsights_sitenote_category":0},"product_brand":[],"product_cat":[257,115,116],"product_tag":[],"class_list":{"0":"post-4372","1":"product","2":"type-product","3":"status-publish","4":"has-post-thumbnail","6":"product_cat-new-innovatve-products","7":"product_cat-food-and-feeding","8":"product_cat-food","10":"first","11":"instock","12":"taxable","13":"shipping-taxable","14":"purchasable","15":"product-type-simple"},"acf":[],"aioseo_notices":[],"jetpack_sharing_enabled":true,"_links":{"self":[{"href":"https:\/\/antcube.shop\/ro\/wp-json\/wp\/v2\/product\/4372","targetHints":{"allow":["GET"]}}],"collection":[{"href":"https:\/\/antcube.shop\/ro\/wp-json\/wp\/v2\/product"}],"about":[{"href":"https:\/\/antcube.shop\/ro\/wp-json\/wp\/v2\/types\/product"}],"replies":[{"embeddable":true,"href":"https:\/\/antcube.shop\/ro\/wp-json\/wp\/v2\/comments?post=4372"}],"wp:featuredmedia":[{"embeddable":true,"href":"https:\/\/antcube.shop\/ro\/wp-json\/wp\/v2\/media\/4375"}],"wp:attachment":[{"href":"https:\/\/antcube.shop\/ro\/wp-json\/wp\/v2\/media?parent=4372"}],"wp:term":[{"taxonomy":"product_brand","embeddable":true,"href":"https:\/\/antcube.shop\/ro\/wp-json\/wp\/v2\/product_brand?post=4372"},{"taxonomy":"product_cat","embeddable":true,"href":"https:\/\/antcube.shop\/ro\/wp-json\/wp\/v2\/product_cat?post=4372"},{"taxonomy":"product_tag","embeddable":true,"href":"https:\/\/antcube.shop\/ro\/wp-json\/wp\/v2\/product_tag?post=4372"}],"curies":[{"name":"wp","href":"https:\/\/api.w.org\/{rel}","templated":true}]}}