{"id":4343,"date":"2022-06-08T14:36:54","date_gmt":"2022-06-08T12:36:54","guid":{"rendered":"https:\/\/antcube.shop\/produkt\/naturbusch-auf-schieferplatte-gros\/"},"modified":"2025-10-19T15:15:12","modified_gmt":"2025-10-19T13:15:12","slug":"naturbusch-auf-schieferplatte-gros","status":"publish","type":"product","link":"https:\/\/antcube.shop\/ro\/produs\/naturbusch-auf-schieferplatte-gros\/","title":{"rendered":"Arbust ornamental"},"content":{"rendered":"<p>Dimensiune \/ \u00een\u0103l\u021bime 17 cm p\u00e2n\u0103 la 19 cm, diametru ~ 10 cm -12 cm, ideal pentru arenele de 30x30x30 cm \u0219i mai sus.<br \/>\nGreutatea variaz\u0103 \u00eentre 50 \u0219i 80 de grame<\/p>\n<p>Articol decorativ care const\u0103 dintr-un arbust de lemn uscat natural \u0219i o baz\u0103 din r\u0103\u0219in\u0103 sintetic\u0103 (plac\u0103 de baz\u0103).<br \/>\nAcest arbust decorativ a fost realizat manual \u00een Germania \u0219i, prin urmare, se caracterizeaz\u0103 prin durabilitate.<\/p>\n<p><strong>ATEN\u021aIE:<\/strong> V\u0103 rug\u0103m s\u0103 nu le plasa\u021bi \u00een formicarii foarte umede (peste 60% umiditate). Tufa poate \u00eencepe s\u0103 muceg\u0103iasc\u0103. Cu o ventila\u021bie foarte bun\u0103, tufa poate fi plasat\u0103 \u0219i \u00een formicarii mai umede.<\/p>\n<p>Din cauza \u00een\u0103l\u021bimii, unii arbu\u0219ti ornamentali nu rezist\u0103 singuri \u00een formicarium. \u00cen acest caz, este util s\u0103 acoperi\u021bi pu\u021bin baza cu substrat sau s\u0103 plasa\u021bi produsul aproape de ferestrele exterioare.<\/p>\n<p><span data-text-color=\"alert\"><strong>NOT\u0102 IMPORTANT\u0102 CU PRIVIRE LA ACEST ARTICOL:<\/strong><\/span><br \/>\nDeoarece acesta este un produs natural \/ unic, imaginile de aici nu sunt complet identice cu articolul pe care \u00eel ve\u021bi primi. Vor exista varia\u021bii \u00een ceea ce prive\u0219te dimensiunea, forma \u0219i culoarea mini-copilului, precum \u0219i a pl\u0103cii de baz\u0103 din ardezie de carier\u0103. Garant\u0103m doar \u00een\u0103l\u021bimea maxim\u0103 a articolului.<\/p>\n<p>Prin comandarea acestui articol, sunte\u021bi de acord \u0219i consim\u021bi\u021bi\u021bi la posibilele varia\u021bii de mai sus ale produsului \u00een ceea ce prive\u0219te dimensiunea, forma \u0219i culoarea la momentul achizi\u021biei.<\/p>","protected":false},"excerpt":{"rendered":"<p>Dimensiune: 17-19 cm \u00een\u0103l\u021bime<\/p>","protected":false},"featured_media":6380,"comment_status":"open","ping_status":"closed","template":"","meta":{"_acf_changed":false,"content-type":"","_monsterinsights_skip_tracking":false,"_monsterinsights_sitenote_active":false,"_monsterinsights_sitenote_note":"","_monsterinsights_sitenote_category":0},"product_brand":[],"product_cat":[99,101,102],"product_tag":[],"class_list":{"0":"post-4343","1":"product","2":"type-product","3":"status-publish","4":"has-post-thumbnail","6":"product_cat-desert","7":"product_cat-forest","8":"product_cat-meadow","10":"first","11":"outofstock","12":"taxable","13":"shipping-taxable","14":"purchasable","15":"product-type-simple"},"acf":[],"aioseo_notices":[],"jetpack_sharing_enabled":true,"_links":{"self":[{"href":"https:\/\/antcube.shop\/ro\/wp-json\/wp\/v2\/product\/4343","targetHints":{"allow":["GET"]}}],"collection":[{"href":"https:\/\/antcube.shop\/ro\/wp-json\/wp\/v2\/product"}],"about":[{"href":"https:\/\/antcube.shop\/ro\/wp-json\/wp\/v2\/types\/product"}],"replies":[{"embeddable":true,"href":"https:\/\/antcube.shop\/ro\/wp-json\/wp\/v2\/comments?post=4343"}],"wp:featuredmedia":[{"embeddable":true,"href":"https:\/\/antcube.shop\/ro\/wp-json\/wp\/v2\/media\/6380"}],"wp:attachment":[{"href":"https:\/\/antcube.shop\/ro\/wp-json\/wp\/v2\/media?parent=4343"}],"wp:term":[{"taxonomy":"product_brand","embeddable":true,"href":"https:\/\/antcube.shop\/ro\/wp-json\/wp\/v2\/product_brand?post=4343"},{"taxonomy":"product_cat","embeddable":true,"href":"https:\/\/antcube.shop\/ro\/wp-json\/wp\/v2\/product_cat?post=4343"},{"taxonomy":"product_tag","embeddable":true,"href":"https:\/\/antcube.shop\/ro\/wp-json\/wp\/v2\/product_tag?post=4343"}],"curies":[{"name":"wp","href":"https:\/\/api.w.org\/{rel}","templated":true}]}}