{"id":4286,"date":"2022-04-28T15:48:56","date_gmt":"2022-04-28T13:48:56","guid":{"rendered":"https:\/\/antcube.shop\/produkt\/reagenzglas-200x25-mm\/"},"modified":"2026-04-01T12:29:59","modified_gmt":"2026-04-01T10:29:59","slug":"reagenzglas-200x25-mm","status":"publish","type":"product","link":"https:\/\/antcube.shop\/ro\/produs\/reagenzglas-200x25-mm\/","title":{"rendered":"Tub de testare din sticl\u0103 200\u00d725 mm"},"content":{"rendered":"<p><b>Dimensiune:<\/b><br \/>\nLungime: 200mm<br \/>\nDiametru: 25mm (exterior)<br \/>\nGrosime 1mm<\/p>\n<p><b>Descriere:<\/b> Eprubet\u0103 din sticl\u0103 sodo-calcaroas\u0103, cu pere\u021bi gro\u0219i \u0219i margine. Poate fi folosit\u0103 ca o camer\u0103 de cuib pentru o perioad\u0103 mai lung\u0103 de timp, umpl\u00e2nd 1\/3 cu ap\u0103 \u0219i \u00eenchiz\u00e2nd cu bumbac absorbant. De asemenea, potrivit ca recipient de transport.<\/p>","protected":false},"excerpt":{"rendered":"<p>Dimensiune: Lungime: 200mm Diametru: 25mm (exterior) Grosime 1mm Descriere: Eprubet\u0103 din sticl\u0103 sodo-calcaroas\u0103, cu pere\u021bi gro\u0219i \u0219i margine. Poate fi folosit\u0103 ca o camer\u0103 de cuib pentru o perioad\u0103 mai lung\u0103 de timp prin umplerea a 1\/3 cu ap\u0103 \u0219i sigilarea cu bumbac absorbant. De asemenea, potrivit\u0103 ca recipient de transport.<\/p>","protected":false},"featured_media":4289,"comment_status":"open","ping_status":"closed","template":"","meta":{"_acf_changed":false,"content-type":"","_monsterinsights_skip_tracking":false,"_monsterinsights_sitenote_active":false,"_monsterinsights_sitenote_note":"","_monsterinsights_sitenote_category":0},"product_brand":[],"product_cat":[237],"product_tag":[],"class_list":{"0":"post-4286","1":"product","2":"type-product","3":"status-publish","4":"has-post-thumbnail","6":"product_cat-tools","8":"first","9":"instock","10":"taxable","11":"shipping-taxable","12":"purchasable","13":"product-type-simple"},"acf":[],"aioseo_notices":[],"jetpack_sharing_enabled":true,"_links":{"self":[{"href":"https:\/\/antcube.shop\/ro\/wp-json\/wp\/v2\/product\/4286","targetHints":{"allow":["GET"]}}],"collection":[{"href":"https:\/\/antcube.shop\/ro\/wp-json\/wp\/v2\/product"}],"about":[{"href":"https:\/\/antcube.shop\/ro\/wp-json\/wp\/v2\/types\/product"}],"replies":[{"embeddable":true,"href":"https:\/\/antcube.shop\/ro\/wp-json\/wp\/v2\/comments?post=4286"}],"wp:featuredmedia":[{"embeddable":true,"href":"https:\/\/antcube.shop\/ro\/wp-json\/wp\/v2\/media\/4289"}],"wp:attachment":[{"href":"https:\/\/antcube.shop\/ro\/wp-json\/wp\/v2\/media?parent=4286"}],"wp:term":[{"taxonomy":"product_brand","embeddable":true,"href":"https:\/\/antcube.shop\/ro\/wp-json\/wp\/v2\/product_brand?post=4286"},{"taxonomy":"product_cat","embeddable":true,"href":"https:\/\/antcube.shop\/ro\/wp-json\/wp\/v2\/product_cat?post=4286"},{"taxonomy":"product_tag","embeddable":true,"href":"https:\/\/antcube.shop\/ro\/wp-json\/wp\/v2\/product_tag?post=4286"}],"curies":[{"name":"wp","href":"https:\/\/api.w.org\/{rel}","templated":true}]}}