{"id":4261,"date":"2022-04-28T14:01:16","date_gmt":"2022-04-28T12:01:16","guid":{"rendered":"https:\/\/antcube.shop\/produkt\/nestrohrchen-rack-25mm\/"},"modified":"2026-01-12T12:36:20","modified_gmt":"2026-01-12T11:36:20","slug":"nestrohrchen-rack-25mm","status":"publish","type":"product","link":"https:\/\/antcube.shop\/ro\/produs\/nestrohrchen-rack-25mm\/","title":{"rendered":"Suport pentru tuburi Nest 25mm"},"content":{"rendered":"<p style=\"margin-bottom: 0cm;\"><strong>Dimensiuni:<\/strong> 25x12x4 cm<\/p>\n<p><strong>Materiale: <\/strong>PMMA, PVC<\/p>\n<p><strong>Culoare: <\/strong>cristalin, transparent, transparent, transparent<\/p>\n<p><strong>Cuprins:<\/strong><br \/>\n2x plac\u0103 de g\u0103urire<br \/>\n2x plac\u0103 de prindere<br \/>\n4x curele elastice<\/p>\n<p><strong>Not\u0103: <\/strong>Piesele sunt furnizate sub form\u0103 de kit sau de sistem plug-in. Nu este necesar\u0103 nicio lipire.<\/p>\n<p><strong>Conexiune:<\/strong><br \/>\npentru tuburi de cuib cu un diametru de 25 mm<\/p>\n<p><strong>Descriere:<\/strong> Suportul pentru tuburi de cuib este utilizat pentru depozitarea cu grij\u0103 a tuburilor de cuib de furnic\u0103. Kitul este u\u0219or de asamblat.<\/p>\n<p><strong>Cerere:<\/strong> Pentru depozitarea tuburilor de cuib. Potrivit pentru incubatorul nostru pentru furnici<\/p>\n<p><strong>Not\u0103:<\/strong> Pentru a \u00eembun\u0103t\u0103\u021bi stabilitatea la stivuire, v\u0103 recomand\u0103m utilizarea \"Inelului de etan\u0219are transparent flexibil 20-50 mm - 10 buc\", vezi recomandarea articolului.<\/p>","protected":false},"excerpt":{"rendered":"<p>pentru tuburi cuib de 25 mm<\/p>","protected":false},"featured_media":4279,"comment_status":"open","ping_status":"closed","template":"","meta":{"_acf_changed":false,"content-type":"","_monsterinsights_skip_tracking":false,"_monsterinsights_sitenote_active":false,"_monsterinsights_sitenote_note":"","_monsterinsights_sitenote_category":0},"product_brand":[],"product_cat":[237],"product_tag":[],"class_list":{"0":"post-4261","1":"product","2":"type-product","3":"status-publish","4":"has-post-thumbnail","6":"product_cat-tools","8":"first","9":"instock","10":"taxable","11":"shipping-taxable","12":"purchasable","13":"product-type-simple"},"acf":[],"aioseo_notices":[],"jetpack_sharing_enabled":true,"_links":{"self":[{"href":"https:\/\/antcube.shop\/ro\/wp-json\/wp\/v2\/product\/4261","targetHints":{"allow":["GET"]}}],"collection":[{"href":"https:\/\/antcube.shop\/ro\/wp-json\/wp\/v2\/product"}],"about":[{"href":"https:\/\/antcube.shop\/ro\/wp-json\/wp\/v2\/types\/product"}],"replies":[{"embeddable":true,"href":"https:\/\/antcube.shop\/ro\/wp-json\/wp\/v2\/comments?post=4261"}],"wp:featuredmedia":[{"embeddable":true,"href":"https:\/\/antcube.shop\/ro\/wp-json\/wp\/v2\/media\/4279"}],"wp:attachment":[{"href":"https:\/\/antcube.shop\/ro\/wp-json\/wp\/v2\/media?parent=4261"}],"wp:term":[{"taxonomy":"product_brand","embeddable":true,"href":"https:\/\/antcube.shop\/ro\/wp-json\/wp\/v2\/product_brand?post=4261"},{"taxonomy":"product_cat","embeddable":true,"href":"https:\/\/antcube.shop\/ro\/wp-json\/wp\/v2\/product_cat?post=4261"},{"taxonomy":"product_tag","embeddable":true,"href":"https:\/\/antcube.shop\/ro\/wp-json\/wp\/v2\/product_tag?post=4261"}],"curies":[{"name":"wp","href":"https:\/\/api.w.org\/{rel}","templated":true}]}}