{"id":4258,"date":"2022-04-28T14:00:36","date_gmt":"2022-04-28T12:00:36","guid":{"rendered":"https:\/\/antcube.shop\/produkt\/ameisen-inkubator\/"},"modified":"2026-04-09T15:04:51","modified_gmt":"2026-04-09T13:04:51","slug":"ameisen-inkubator","status":"publish","type":"product","link":"https:\/\/antcube.shop\/ro\/produs\/ameisen-inkubator\/","title":{"rendered":"Incubator pentru furnici"},"content":{"rendered":"<p><strong>Dimensiune:\u00a0<\/strong>Dimensiunea unit\u0103\u021bii: 40\u00d739,5\u00d748 cm ; Interior: 32\u00d722,5\u00d737 cm<\/p>\n<p><strong>Culoare:<\/strong> Negru<\/p>\n<p><strong>Specifica\u021bii tehnice:<\/strong><br \/>\nTensiune: 220-240V, 50Hz<br \/>\nPutere: 70W<br \/>\nLungimea cablului de re\u021bea: 1.60m<br \/>\nInterval de temperatur\u0103: 5\u00b0C - 40\u00b0C<\/p>\n<p><strong>Material:<\/strong> Metal, sticl\u0103<\/p>\n<p><strong>Descriere:<\/strong><br \/>\nAcest incubator pentru furnici nu este numai foarte potrivit pentru cre\u0219terea coloniilor de furnici din regiunile tropicale, ci \u0219i pentru coloniile de furnici \u00een hibernare.<br \/>\nAre un regulator de temperatur\u0103 cu afi\u0219aj digital \u0219i un raft intermediar deta\u0219abil pentru mai mult spa\u021biu. Temperatura poate fi setat\u0103 \u0219i modificat\u0103 dup\u0103 cum este necesar. Aparatul poate r\u0103ci (p\u00e2n\u0103 la aprox. 5\u00b0C) \u0219i \u00eenc\u0103lzi (p\u00e2n\u0103 la aprox. 40\u00b0C). Intervalul de temperatur\u0103 reglabil este de aprox. 5\u00b0C-40\u00b0C. Prin urmare, acesta poate fi utilizat \u0219i pentru iernarea furnicilor indigene.<\/p>\n<p><strong>Avantaje:<\/strong><br \/>\nAdesea v\u0103 confrunta\u021bi cu \u00eentrebarea cum s\u0103 depozita\u021bi furnicile pentru hibernare f\u0103r\u0103 complica\u021bii la temperatura potrivit\u0103. Frigiderul este oricum prea plin, pe balcon poate deveni prea rece pentru animale, iar \u00een pivni\u021b\u0103 este de asemenea \u00eenghesuit, sau nu ave\u021bi suficient control.<br \/>\n<strong>Iat\u0103 care este solu\u021bia:<\/strong> Pute\u021bi l\u0103sa animalele s\u0103 ierneze \u00een incubator cu suporturile noastre pentru tuburi de cuib \u00een eprubete, \u00een acest caz chiar \u0219i p\u00e2n\u0103 la 100 de colonii \u00een acela\u0219i timp, sau \u00eempreun\u0103 cu \u00eentregul ANTCUBE Formicarium. De exemplu, ANTCUBE Arena Combi al nostru, se potrive\u0219te complet \u00een interior. Dar \u0219i un set de pornire cu arena 20x20x10 \u0219i 2 cuiburi 20\u00d720 ar avea suficient spa\u021biu.<br \/>\nDe asemenea, se pot realiza astfel depozitarea \u0219i transportul cu ma\u0219ina, de exemplu \u00een timpul zborului roiului, relocarea sau transportul furnicilor t\u0103ietori de frunze deosebit de sensibile.<br \/>\nRafturile practice pentru eprubete (tuburi cuib) sunt disponibile \u00een trei dimensiuni diferite. Iat\u0103 recomandarea noastr\u0103:<\/p>\n<p><strong>Recomandare:<\/strong><br \/>\nSpa\u021biul din incubator este potrivit pentru:<br \/>\nP\u00e2n\u0103 la 24x eprubete pentru greieri\/ sau 24x cutia de colectare transparent\u0103 115x115x55<br \/>\nPentru furnicile din tuburile de cuib recomand\u0103m suporturile pentru tuburi de cuib pentru depozitare<br \/>\nSe potrivesc \u00een interior:<br \/>\n- suport pentru tuburi cuib pentru 16 mm = 12 buc\u0103\u021bi sau 120 de tuburi cuib cu diametrul de 16 mm<br \/>\n- Suport pentru tuburi de 18 mm = 12 buc\u0103\u021bi sau 120 de tuburi cu diametrul de 18 mm.<br \/>\n- Raft de tuburi pentru 25 mm = 9 buc\u0103\u021bi, respectiv 54 de tuburi cu diametrul de 25 mm<\/p>\n<p><strong>Not\u0103:<\/strong><br \/>\n- Nu instala\u021bi aparatul \u00een lumina direct\u0103 a soarelui sau l\u00e2ng\u0103 o surs\u0103 de c\u0103ldur\u0103, deoarece fluctua\u021biile de temperatur\u0103 extern\u0103 afecteaz\u0103 temperatura intern\u0103.<br \/>\n- Instala\u021bi aparatul \u00eentr-un loc uscat, unde temperatura este c\u00e2t mai constant\u0103 posibil.<br \/>\n- Ventilatoarele trebuie s\u0103 se poat\u0103 roti liber<br \/>\n- Suprafe\u021bele de aer trebuie s\u0103 r\u0103m\u00e2n\u0103 libere<br \/>\n- Verifica\u021bi periodic dac\u0103 exist\u0103 deterior\u0103ri -&gt; dac\u0103 exist\u0103, opri\u021bi imediat func\u021bionarea<br \/>\n- Incubatorul poate fi protejat dublu cu un Thermo Control II sau Thermo Control Pro II suplimentar. Pe partea din spate a aparatului este amplasat\u0103 o trecere corespunz\u0103toare.<\/p>\n<p><strong>Not\u0103: <\/strong>20.01.2025 - Actualizare produs - model nou<\/p>","protected":false},"excerpt":{"rendered":"<p>M\u0103rime: 40 x 40 cm: Dimensiunea unit\u0103\u021bii: 40\u00d739.5\u00d748 cm ; Interior: 32\u00d722.5\u00d737 cm Culoare: Negru Specifica\u021bii tehnice: Tensiune: 220-240V, 50Hz Putere: 70W Lungimea cablului de re\u021bea: 1.60m Interval de temperatur\u0103: 5\u00b0C - 40\u00b0C Material: Metal, sticl\u0103 Descriere: Acest incubator pentru furnici nu este numai foarte potrivit pentru cre\u0219terea coloniilor de furnici din regiunile tropicale, ci \u0219i pentru coloniile de furnici \u00een hibernare. Acesta are [...]","protected":false},"featured_media":11099,"comment_status":"open","ping_status":"closed","template":"","meta":{"_acf_changed":false,"content-type":"","_monsterinsights_skip_tracking":false,"_monsterinsights_sitenote_active":false,"_monsterinsights_sitenote_note":"","_monsterinsights_sitenote_category":0},"product_brand":[],"product_cat":[237],"product_tag":[],"class_list":{"0":"post-4258","1":"product","2":"type-product","3":"status-publish","4":"has-post-thumbnail","6":"product_cat-tools","8":"first","9":"instock","10":"taxable","11":"shipping-taxable","12":"purchasable","13":"product-type-simple"},"acf":[],"aioseo_notices":[],"jetpack_sharing_enabled":true,"_links":{"self":[{"href":"https:\/\/antcube.shop\/ro\/wp-json\/wp\/v2\/product\/4258","targetHints":{"allow":["GET"]}}],"collection":[{"href":"https:\/\/antcube.shop\/ro\/wp-json\/wp\/v2\/product"}],"about":[{"href":"https:\/\/antcube.shop\/ro\/wp-json\/wp\/v2\/types\/product"}],"replies":[{"embeddable":true,"href":"https:\/\/antcube.shop\/ro\/wp-json\/wp\/v2\/comments?post=4258"}],"wp:featuredmedia":[{"embeddable":true,"href":"https:\/\/antcube.shop\/ro\/wp-json\/wp\/v2\/media\/11099"}],"wp:attachment":[{"href":"https:\/\/antcube.shop\/ro\/wp-json\/wp\/v2\/media?parent=4258"}],"wp:term":[{"taxonomy":"product_brand","embeddable":true,"href":"https:\/\/antcube.shop\/ro\/wp-json\/wp\/v2\/product_brand?post=4258"},{"taxonomy":"product_cat","embeddable":true,"href":"https:\/\/antcube.shop\/ro\/wp-json\/wp\/v2\/product_cat?post=4258"},{"taxonomy":"product_tag","embeddable":true,"href":"https:\/\/antcube.shop\/ro\/wp-json\/wp\/v2\/product_tag?post=4258"}],"curies":[{"name":"wp","href":"https:\/\/api.w.org\/{rel}","templated":true}]}}