{"id":4175,"date":"2022-03-14T17:24:15","date_gmt":"2022-03-14T16:24:15","guid":{"rendered":"https:\/\/antcube.shop\/produkt\/candy-ant-snack-20g\/"},"modified":"2026-04-08T04:11:21","modified_gmt":"2026-04-08T02:11:21","slug":"bomboane-ant-snack-20g-2","status":"publish","type":"product","link":"https:\/\/antcube.shop\/ro\/produs\/bomboane-ant-snack-20g-2\/","title":{"rendered":"Candy Ant Snack - 20g"},"content":{"rendered":"<p><strong>Con\u021binut:<\/strong><br \/>\n20g<\/p>\n<p><strong>Descriere:<\/strong><br \/>\nAcesta este un produs pur natural. Gust\u0103rile noastre Candy Ant Snack, f\u0103cute din Acheta domesticus cultivate organic, acoperite cu miere organic\u0103.<br \/>\nU\u0219or de digerat. Datorit\u0103 proteinelor de \u00eenalt\u0103 calitate, este o hran\u0103 aproape complet\u0103 (\u00eenlocuie\u0219te mierea\/dulciul \u0219i proteinele) pentru majoritatea speciilor de furnici, cum ar fi Lasius sp., Camponotus sp. sau Messor sp. etc. Furnicile \u00eel ador\u0103. Nu \u00eenlocuie\u0219te apa proasp\u0103t\u0103 de care au nevoie furnicile. De asemenea, nu \u00eenlocuie\u0219te nevoia de proteine vii, cum ar fi insectele mici.<\/p>\n<p>Aceast\u0103 hran\u0103 suplimentar\u0103 este plin\u0103 de proteine puternice care con\u021bin aproximativ 50% de proteine naturale pure.<br \/>\n\u00cen plus, produsul a fost hr\u0103nit cu de\u0219euri vegetale organice f\u0103r\u0103 pesticide, ceea ce are o valoare ecologic\u0103 ridicat\u0103, deoarece la producerea sa se utilizeaz\u0103 mai pu\u021bin\u0103 energie \u0219i ap\u0103.<\/p>\n<p>Valoarea ad\u0103ugat\u0103 pentru to\u021bi iubitorii de furnici este combina\u021bia de proteine naturale \u0219i acoperirea cu miere natural\u0103. Furnicile iubesc \u0219i au nevoie de aceasta pentru o bun\u0103 dezvoltare a puietului \u0219i o cre\u0219tere s\u0103n\u0103toas\u0103 a coloniei.<\/p>\n<p><strong>Cerere:<\/strong><br \/>\nPentru hr\u0103nire, Candy Ant Snack trebuie \u00eemp\u0103r\u021bit \u00een por\u021bii mai mici sau dizolvat \u00een ap\u0103.<\/p>\n<p><strong>Con\u021bine:<\/strong><br \/>\nAcheta domesticus uscat\u0103 natural, acoperit\u0103 cu miere organic\u0103. Nu este destinat consumului uman. Numai pentru furnici.<br \/>\nRaportul aproximativ de amestec 70% Acheta domesticus \u0219i 30% miere.<\/p>\n<p><strong>Depozitare:<\/strong><br \/>\nResigilabil. V\u0103 rug\u0103m s\u0103 \u00eel p\u0103stra\u021bi \u00eentr-un loc \u00eentunecat, r\u0103coros \u0219i uscat.<\/p>\n<p><strong>Not\u0103:<\/strong><br \/>\nHran\u0103 suplimentar\u0103 pentru furnici.<br \/>\nV\u0103 rug\u0103m s\u0103 consulta\u021bi prospectul pentru compozi\u021bie, ingrediente analitice, data limit\u0103 de consum \u0219i num\u0103rul de lot.<\/p>\n<p>Linia telefonic\u0103 pentru informa\u021bii +49 30 439703870<\/p>\n<p>Inspectoratul veterinar \u0219i alimentar responsabil:<br \/>\nCabinet veterinar Steglitz<br \/>\nK\u00f6nigin-Luise-Str. 92<br \/>\n14195 Berlin<\/p>","protected":false},"excerpt":{"rendered":"<p>Alimente suplimentare<\/p>","protected":false},"featured_media":4182,"comment_status":"open","ping_status":"closed","template":"","meta":{"_acf_changed":false,"content-type":"","_monsterinsights_skip_tracking":false,"_monsterinsights_sitenote_active":false,"_monsterinsights_sitenote_note":"","_monsterinsights_sitenote_category":0},"product_brand":[],"product_cat":[115,116],"product_tag":[],"class_list":{"0":"post-4175","1":"product","2":"type-product","3":"status-publish","4":"has-post-thumbnail","6":"product_cat-food-and-feeding","7":"product_cat-food","9":"first","10":"instock","11":"taxable","12":"shipping-taxable","13":"purchasable","14":"product-type-simple"},"acf":[],"aioseo_notices":[],"jetpack_sharing_enabled":true,"_links":{"self":[{"href":"https:\/\/antcube.shop\/ro\/wp-json\/wp\/v2\/product\/4175","targetHints":{"allow":["GET"]}}],"collection":[{"href":"https:\/\/antcube.shop\/ro\/wp-json\/wp\/v2\/product"}],"about":[{"href":"https:\/\/antcube.shop\/ro\/wp-json\/wp\/v2\/types\/product"}],"replies":[{"embeddable":true,"href":"https:\/\/antcube.shop\/ro\/wp-json\/wp\/v2\/comments?post=4175"}],"wp:featuredmedia":[{"embeddable":true,"href":"https:\/\/antcube.shop\/ro\/wp-json\/wp\/v2\/media\/4182"}],"wp:attachment":[{"href":"https:\/\/antcube.shop\/ro\/wp-json\/wp\/v2\/media?parent=4175"}],"wp:term":[{"taxonomy":"product_brand","embeddable":true,"href":"https:\/\/antcube.shop\/ro\/wp-json\/wp\/v2\/product_brand?post=4175"},{"taxonomy":"product_cat","embeddable":true,"href":"https:\/\/antcube.shop\/ro\/wp-json\/wp\/v2\/product_cat?post=4175"},{"taxonomy":"product_tag","embeddable":true,"href":"https:\/\/antcube.shop\/ro\/wp-json\/wp\/v2\/product_tag?post=4175"}],"curies":[{"name":"wp","href":"https:\/\/api.w.org\/{rel}","templated":true}]}}