{"id":4165,"date":"2022-02-28T11:41:35","date_gmt":"2022-02-28T10:41:35","guid":{"rendered":"https:\/\/antcube.shop\/produkt\/fixier-punkte-8-st\/"},"modified":"2026-04-07T13:04:57","modified_gmt":"2026-04-07T11:04:57","slug":"fixier-punkte-8-st","status":"publish","type":"product","link":"https:\/\/antcube.shop\/ro\/produs\/fixier-punkte-8-st\/","title":{"rendered":"Puncte de fixare - 8 buc"},"content":{"rendered":"<p><strong>Dimensiuni (LxLxA):<\/strong> 12x12x3 mm (prin forma trapezoidal\u0103 \u00een partea superioar\u0103 10x10mm).<\/p>\n<p><strong>Material:<\/strong> poliuretan f\u0103r\u0103 plastifian\u021bi cu acrilat adeziv<\/p>\n<p><strong>Culoare:<\/strong> transparent<\/p>\n<p><strong>Cuprins:<\/strong><br \/>\n8x puncte de fixare<\/p>\n<p><strong>Descriere:<\/strong> Pentru acoperirea arenei noastre de furnici. Punctele de fixare sunt lipite de partea inferioar\u0103 a capacului pentru a \u00eempiedica alunecarea acestuia de pe aren\u0103. Punctele pot fi folosite \u0219i ca picioare pentru aren\u0103 \u0219i, de asemenea, pentru inser\u021biile din interiorul arenei de cap\u0103t pentru a le proteja de r\u0103sturnare.<\/p>","protected":false},"excerpt":{"rendered":"<p>Dimensiuni (LxLxH): 12x12x3 mm (prin forma trapezoidal\u0103 \u00een partea superioar\u0103 10x10mm). Material: poliuretan f\u0103r\u0103 plastifian\u021bi cu acrilat adeziv Culoare: transparent Con\u021binut: transparent: 8x puncte de fixare Descriere: 8x puncte de fixare: Pentru acoperirea arenei noastre pentru furnici. Punctele de fixare sunt lipite pe partea inferioar\u0103 a capacului pentru a \u00eempiedica alunecarea acestuia de pe aren\u0103. Punctele pot fi folosite \u0219i ca","protected":false},"featured_media":4178,"comment_status":"open","ping_status":"closed","template":"","meta":{"_acf_changed":false,"content-type":"","_monsterinsights_skip_tracking":false,"_monsterinsights_sitenote_active":false,"_monsterinsights_sitenote_note":"","_monsterinsights_sitenote_category":0},"product_brand":[],"product_cat":[92,237],"product_tag":[],"class_list":{"0":"post-4165","1":"product","2":"type-product","3":"status-publish","4":"has-post-thumbnail","6":"product_cat-arena-cover","7":"product_cat-tools","9":"first","10":"instock","11":"taxable","12":"shipping-taxable","13":"purchasable","14":"product-type-simple"},"acf":[],"aioseo_notices":[],"jetpack_sharing_enabled":true,"_links":{"self":[{"href":"https:\/\/antcube.shop\/ro\/wp-json\/wp\/v2\/product\/4165","targetHints":{"allow":["GET"]}}],"collection":[{"href":"https:\/\/antcube.shop\/ro\/wp-json\/wp\/v2\/product"}],"about":[{"href":"https:\/\/antcube.shop\/ro\/wp-json\/wp\/v2\/types\/product"}],"replies":[{"embeddable":true,"href":"https:\/\/antcube.shop\/ro\/wp-json\/wp\/v2\/comments?post=4165"}],"wp:featuredmedia":[{"embeddable":true,"href":"https:\/\/antcube.shop\/ro\/wp-json\/wp\/v2\/media\/4178"}],"wp:attachment":[{"href":"https:\/\/antcube.shop\/ro\/wp-json\/wp\/v2\/media?parent=4165"}],"wp:term":[{"taxonomy":"product_brand","embeddable":true,"href":"https:\/\/antcube.shop\/ro\/wp-json\/wp\/v2\/product_brand?post=4165"},{"taxonomy":"product_cat","embeddable":true,"href":"https:\/\/antcube.shop\/ro\/wp-json\/wp\/v2\/product_cat?post=4165"},{"taxonomy":"product_tag","embeddable":true,"href":"https:\/\/antcube.shop\/ro\/wp-json\/wp\/v2\/product_tag?post=4165"}],"curies":[{"name":"wp","href":"https:\/\/api.w.org\/{rel}","templated":true}]}}