{"id":4151,"date":"2022-02-14T17:00:31","date_gmt":"2022-02-14T16:00:31","guid":{"rendered":"https:\/\/antcube.shop\/produkt\/sand-0-1mm-gewaschen-1000g\/"},"modified":"2026-04-06T22:38:11","modified_gmt":"2026-04-06T20:38:11","slug":"sand-0-1mm-gewaschen-1000g","status":"publish","type":"product","link":"https:\/\/antcube.shop\/ro\/produs\/sand-0-1mm-gewaschen-1000g\/","title":{"rendered":"nisip 0-1mm sp\u0103lat 1000g"},"content":{"rendered":"<p><strong>\u00a0Con\u021binut \/ volum:<\/strong> 1000g<\/p>\n<p><strong>Con\u021binut:<\/strong> granula\u021bie: 0,1 - 1 mms; sp\u0103late; f\u0103r\u0103 culori.<\/p>\n<p><strong>Descriere:<\/strong> Nisip fin. \u00cen zona cuibului, nisipul trebuie amestecat \u00een propor\u021bie de 3:1 cu argil\u0103 pentru a crea o substan\u021b\u0103 tare \u0219i solid\u0103 \u00een care furnicile \u00ee\u0219i pot s\u0103pa tunelurile.<\/p>","protected":false},"excerpt":{"rendered":"<p>Dimensiunea granulelor: 0,1 - 1mm<\/p>","protected":false},"featured_media":4381,"comment_status":"open","ping_status":"closed","template":"","meta":{"_acf_changed":false,"content-type":"","_monsterinsights_skip_tracking":false,"_monsterinsights_sitenote_active":false,"_monsterinsights_sitenote_note":"","_monsterinsights_sitenote_category":0},"product_brand":[],"product_cat":[96],"product_tag":[],"class_list":{"0":"post-4151","1":"product","2":"type-product","3":"status-publish","4":"has-post-thumbnail","6":"product_cat-soil","8":"first","9":"instock","10":"taxable","11":"shipping-taxable","12":"purchasable","13":"product-type-simple"},"acf":[],"aioseo_notices":[],"jetpack_sharing_enabled":true,"_links":{"self":[{"href":"https:\/\/antcube.shop\/ro\/wp-json\/wp\/v2\/product\/4151","targetHints":{"allow":["GET"]}}],"collection":[{"href":"https:\/\/antcube.shop\/ro\/wp-json\/wp\/v2\/product"}],"about":[{"href":"https:\/\/antcube.shop\/ro\/wp-json\/wp\/v2\/types\/product"}],"replies":[{"embeddable":true,"href":"https:\/\/antcube.shop\/ro\/wp-json\/wp\/v2\/comments?post=4151"}],"wp:featuredmedia":[{"embeddable":true,"href":"https:\/\/antcube.shop\/ro\/wp-json\/wp\/v2\/media\/4381"}],"wp:attachment":[{"href":"https:\/\/antcube.shop\/ro\/wp-json\/wp\/v2\/media?parent=4151"}],"wp:term":[{"taxonomy":"product_brand","embeddable":true,"href":"https:\/\/antcube.shop\/ro\/wp-json\/wp\/v2\/product_brand?post=4151"},{"taxonomy":"product_cat","embeddable":true,"href":"https:\/\/antcube.shop\/ro\/wp-json\/wp\/v2\/product_cat?post=4151"},{"taxonomy":"product_tag","embeddable":true,"href":"https:\/\/antcube.shop\/ro\/wp-json\/wp\/v2\/product_tag?post=4151"}],"curies":[{"name":"wp","href":"https:\/\/api.w.org\/{rel}","templated":true}]}}