{"id":4145,"date":"2022-02-14T15:54:25","date_gmt":"2022-02-14T14:54:25","guid":{"rendered":"https:\/\/antcube.shop\/produkt\/ant-nuggets-20g\/"},"modified":"2026-04-15T23:14:13","modified_gmt":"2026-04-15T21:14:13","slug":"furnica-nuggets-20g","status":"publish","type":"product","link":"https:\/\/antcube.shop\/ro\/produs\/furnica-nuggets-20g\/","title":{"rendered":"Pepite de furnic\u0103 - 20g"},"content":{"rendered":"<p><strong>Con\u021binut:<\/strong><br \/>\n20g<\/p>\n<p><strong>Descriere:<\/strong><br \/>\nAcesta este un produs pur natural. Pepitele noastre de furnic\u0103 au fost colectate cu grij\u0103 \u00een natura s\u0103lbatic\u0103 din Bulgaria de c\u0103tre apicultori. Digestie u\u0219oar\u0103 datorit\u0103 ferment\u0103rii naturale. Datorit\u0103 proteinelor de \u00eenalt\u0103 calitate, este o hran\u0103 aproape complet\u0103 (\u00eenlocuie\u0219te mierea\/dulciul \u0219i proteinele) pentru majoritatea speciilor de furnici formicoide, cum ar fi Lasius sp., Camponotus sp. sau Messor sp. \u0219i chiar \u0219i furnicile t\u0103ietori de frunze o ador\u0103. Nu \u00eenlocuie\u0219te apa proasp\u0103t\u0103 de care au nevoie furnicile. De asemenea, nu \u00eenlocuie\u0219te nevoia de proteine vii, cum ar fi insectele mici.<\/p>\n<p><strong>Cerere:<\/strong><br \/>\nPentru hr\u0103nire, Ant Nuggets trebuie \u00eemp\u0103r\u021bite \u00een por\u021bii mai mici sau dizolvate \u00een ap\u0103.<\/p>\n<p><strong>Con\u021bine:<\/strong><br \/>\n100% polen de flori fermentat natural. Nu este destinat consumului uman. Numai pentru furnici.<\/p>\n<p><strong>Depozitare:<\/strong><br \/>\nResigilabil. V\u0103 rug\u0103m s\u0103 \u00eel p\u0103stra\u021bi \u00eentr-un loc \u00eentunecat, r\u0103coros \u0219i uscat.<\/p>\n<p><strong>Not\u0103:<\/strong><br \/>\nHran\u0103 suplimentar\u0103 pentru furnici.<br \/>\nV\u0103 rug\u0103m s\u0103 consulta\u021bi prospectul pentru compozi\u021bie, ingrediente analitice, data limit\u0103 de consum \u0219i num\u0103rul de lot.<\/p>\n<p>Linia telefonic\u0103 pentru informa\u021bii +49 30 439703870<\/p>\n<p>Inspectoratul veterinar \u0219i alimentar responsabil:<br \/>\nCabinet veterinar Steglitz<br \/>\nK\u00f6nigin-Luise-Str. 92<br \/>\n14195 Berlin<\/p>","protected":false},"excerpt":{"rendered":"<p>Alimente suplimentare<\/p>","protected":false},"featured_media":4149,"comment_status":"open","ping_status":"closed","template":"","meta":{"_acf_changed":false,"content-type":"","_monsterinsights_skip_tracking":false,"_monsterinsights_sitenote_active":false,"_monsterinsights_sitenote_note":"","_monsterinsights_sitenote_category":0},"product_brand":[],"product_cat":[115,116],"product_tag":[],"class_list":{"0":"post-4145","1":"product","2":"type-product","3":"status-publish","4":"has-post-thumbnail","6":"product_cat-food-and-feeding","7":"product_cat-food","9":"first","10":"instock","11":"taxable","12":"shipping-taxable","13":"purchasable","14":"product-type-simple"},"acf":[],"aioseo_notices":[],"jetpack_sharing_enabled":true,"_links":{"self":[{"href":"https:\/\/antcube.shop\/ro\/wp-json\/wp\/v2\/product\/4145","targetHints":{"allow":["GET"]}}],"collection":[{"href":"https:\/\/antcube.shop\/ro\/wp-json\/wp\/v2\/product"}],"about":[{"href":"https:\/\/antcube.shop\/ro\/wp-json\/wp\/v2\/types\/product"}],"replies":[{"embeddable":true,"href":"https:\/\/antcube.shop\/ro\/wp-json\/wp\/v2\/comments?post=4145"}],"wp:featuredmedia":[{"embeddable":true,"href":"https:\/\/antcube.shop\/ro\/wp-json\/wp\/v2\/media\/4149"}],"wp:attachment":[{"href":"https:\/\/antcube.shop\/ro\/wp-json\/wp\/v2\/media?parent=4145"}],"wp:term":[{"taxonomy":"product_brand","embeddable":true,"href":"https:\/\/antcube.shop\/ro\/wp-json\/wp\/v2\/product_brand?post=4145"},{"taxonomy":"product_cat","embeddable":true,"href":"https:\/\/antcube.shop\/ro\/wp-json\/wp\/v2\/product_cat?post=4145"},{"taxonomy":"product_tag","embeddable":true,"href":"https:\/\/antcube.shop\/ro\/wp-json\/wp\/v2\/product_tag?post=4145"}],"curies":[{"name":"wp","href":"https:\/\/api.w.org\/{rel}","templated":true}]}}