{"id":4144,"date":"2022-02-14T15:34:20","date_gmt":"2022-02-14T14:34:20","guid":{"rendered":"https:\/\/antcube.shop\/produkt\/bodengrund-sand-lehm-beige-1000g\/"},"modified":"2026-04-06T14:21:17","modified_gmt":"2026-04-06T12:21:17","slug":"bodengrund-sand-lehm-beige-1000g","status":"publish","type":"product","link":"https:\/\/antcube.shop\/ro\/produs\/bodengrund-sand-lehm-beige-1000g\/","title":{"rendered":"sol - amestec nisip argilos bej - 1000g"},"content":{"rendered":"<p><strong>Con\u021binut:<\/strong> 1000g<\/p>\n<p><strong>Material:<\/strong> nisip, argil\u0103<\/p>\n<p><strong>Culoare:<\/strong> bej<\/p>\n<p><strong>Raportul de amestecare:<\/strong> diggable<\/p>\n<p><strong>Descriere:<\/strong> Acest amestec gata preparat de nisip \u0219i argil\u0103 este un produs natural pur. Colora\u021bia \u0219i rezisten\u021ba sunt create de solul argilos natural, care este inofensiv pentru animale.<\/p>\n<p><strong>Cerere:<\/strong> Sol de s\u0103pat, poate fi folosit pentru cuib \u0219i zona de aren\u0103!<\/p>\n<p><strong>Not\u0103:<\/strong> deoarece acesta este un produs pur natural, pot exista u\u0219oare diferen\u021be de culoare \u0219i structur\u0103 pe care nu le putem influen\u021ba.<\/p>\n<p><strong>Important:<\/strong> V\u0103 rug\u0103m s\u0103 umezi\u021bi substratul \u00eenainte de utilizare, astfel \u00eenc\u00e2t amestecul s\u0103 se combine \u0219i s\u0103 se fixeze bine \u00een furnicar. \u00cen plus, un substrat prea uscat \u0219i pr\u0103fuit poate duce la blocarea tractului respirator al furnicilor \u0219i, \u00een cel mai r\u0103u caz, la sufocarea animalelor.<\/p>","protected":false},"excerpt":{"rendered":"<p>Substrat natural - s\u0103pabil<\/p>","protected":false},"featured_media":5727,"comment_status":"open","ping_status":"closed","template":"","meta":{"_acf_changed":false,"content-type":"","_monsterinsights_skip_tracking":false,"_monsterinsights_sitenote_active":false,"_monsterinsights_sitenote_note":"","_monsterinsights_sitenote_category":0},"product_brand":[],"product_cat":[96],"product_tag":[],"class_list":{"0":"post-4144","1":"product","2":"type-product","3":"status-publish","4":"has-post-thumbnail","6":"product_cat-soil","8":"first","9":"instock","10":"taxable","11":"shipping-taxable","12":"purchasable","13":"product-type-simple"},"acf":[],"aioseo_notices":[],"jetpack_sharing_enabled":true,"_links":{"self":[{"href":"https:\/\/antcube.shop\/ro\/wp-json\/wp\/v2\/product\/4144","targetHints":{"allow":["GET"]}}],"collection":[{"href":"https:\/\/antcube.shop\/ro\/wp-json\/wp\/v2\/product"}],"about":[{"href":"https:\/\/antcube.shop\/ro\/wp-json\/wp\/v2\/types\/product"}],"replies":[{"embeddable":true,"href":"https:\/\/antcube.shop\/ro\/wp-json\/wp\/v2\/comments?post=4144"}],"wp:featuredmedia":[{"embeddable":true,"href":"https:\/\/antcube.shop\/ro\/wp-json\/wp\/v2\/media\/5727"}],"wp:attachment":[{"href":"https:\/\/antcube.shop\/ro\/wp-json\/wp\/v2\/media?parent=4144"}],"wp:term":[{"taxonomy":"product_brand","embeddable":true,"href":"https:\/\/antcube.shop\/ro\/wp-json\/wp\/v2\/product_brand?post=4144"},{"taxonomy":"product_cat","embeddable":true,"href":"https:\/\/antcube.shop\/ro\/wp-json\/wp\/v2\/product_cat?post=4144"},{"taxonomy":"product_tag","embeddable":true,"href":"https:\/\/antcube.shop\/ro\/wp-json\/wp\/v2\/product_tag?post=4144"}],"curies":[{"name":"wp","href":"https:\/\/api.w.org\/{rel}","templated":true}]}}