{"id":4047,"date":"2021-11-30T15:12:53","date_gmt":"2021-11-30T14:12:53","guid":{"rendered":"https:\/\/antcube.shop\/produkt\/enamel-mug\/"},"modified":"2024-12-12T12:25:27","modified_gmt":"2024-12-12T11:25:27","slug":"email-mug","status":"publish","type":"product","link":"https:\/\/antcube.shop\/ro\/produs\/email-mug\/","title":{"rendered":"Can\u0103 din email"},"content":{"rendered":"<p>Fiecare rulota\u0219 fericit are nevoie de o can\u0103 de rulota\u0219 unic\u0103. Este u\u0219oar\u0103, durabil\u0103 \u0219i multifunc\u021bional\u0103. Folosi\u021bi-o pentru b\u0103utura preferat\u0103 sau pentru o mas\u0103 cald\u0103 \u0219i ata\u0219a\u021bi-o la rucsac pentru acces u\u0219or \u00een timpul unei drume\u021bii.<\/p>\n<p>- Material: Email<br \/>\n- Dimensiuni: \u00een\u0103l\u021bime 3.14\u2033 (8 cm), diametru 3.25\u2033 (8.25 cm)<br \/>\n- Acoperire alb\u0103 cu o margine argintie<br \/>\n- Se spal\u0103 doar manual<br \/>\n- Produs gol provenit din China<\/p>\n<p><strong>Aten\u021bie! Nu \u00eenc\u0103lzi\u021bi lichidele sau alimentele direct \u00een can\u0103 - poate deteriora acoperirea.<\/strong><\/p>","protected":false},"excerpt":{"rendered":"<p>Fiecare rulota\u0219 fericit are nevoie de o can\u0103 de rulota\u0219 unic\u0103. Este u\u0219oar\u0103, durabil\u0103 \u0219i multifunc\u021bional\u0103. Folosi\u021bi-o pentru b\u0103utura preferat\u0103 sau pentru o mas\u0103 cald\u0103 \u0219i ata\u0219a\u021bi-o la rucsac pentru acces u\u0219or \u00een timpul unei drume\u021bii. - Material: Email - Dimensiuni: \u00een\u0103l\u021bime 3,14\u2033 (8 cm), diametru 3,25\u2033(8,25 cm) - Acoperire alb\u0103 cu o margine argintie - [...]","protected":false},"featured_media":4048,"comment_status":"open","ping_status":"closed","template":"","meta":{"_acf_changed":false,"content-type":"","_monsterinsights_skip_tracking":false,"_monsterinsights_sitenote_active":false,"_monsterinsights_sitenote_note":"","_monsterinsights_sitenote_category":0},"product_brand":[],"product_cat":[245],"product_tag":[],"class_list":{"0":"post-4047","1":"product","2":"type-product","3":"status-publish","4":"has-post-thumbnail","6":"product_cat-merchandise","8":"first","9":"instock","10":"taxable","11":"shipping-taxable","12":"purchasable","13":"product-type-simple"},"acf":[],"aioseo_notices":[],"jetpack_sharing_enabled":true,"_links":{"self":[{"href":"https:\/\/antcube.shop\/ro\/wp-json\/wp\/v2\/product\/4047","targetHints":{"allow":["GET"]}}],"collection":[{"href":"https:\/\/antcube.shop\/ro\/wp-json\/wp\/v2\/product"}],"about":[{"href":"https:\/\/antcube.shop\/ro\/wp-json\/wp\/v2\/types\/product"}],"replies":[{"embeddable":true,"href":"https:\/\/antcube.shop\/ro\/wp-json\/wp\/v2\/comments?post=4047"}],"wp:featuredmedia":[{"embeddable":true,"href":"https:\/\/antcube.shop\/ro\/wp-json\/wp\/v2\/media\/4048"}],"wp:attachment":[{"href":"https:\/\/antcube.shop\/ro\/wp-json\/wp\/v2\/media?parent=4047"}],"wp:term":[{"taxonomy":"product_brand","embeddable":true,"href":"https:\/\/antcube.shop\/ro\/wp-json\/wp\/v2\/product_brand?post=4047"},{"taxonomy":"product_cat","embeddable":true,"href":"https:\/\/antcube.shop\/ro\/wp-json\/wp\/v2\/product_cat?post=4047"},{"taxonomy":"product_tag","embeddable":true,"href":"https:\/\/antcube.shop\/ro\/wp-json\/wp\/v2\/product_tag?post=4047"}],"curies":[{"name":"wp","href":"https:\/\/api.w.org\/{rel}","templated":true}]}}