{"id":4002,"date":"2021-11-30T13:36:03","date_gmt":"2021-11-30T12:36:03","guid":{"rendered":"https:\/\/antcube.shop\/produkt\/cuffed-beanie\/"},"modified":"2024-12-12T12:25:36","modified_gmt":"2024-12-12T11:25:36","slug":"manseta-cu-mansete","status":"publish","type":"product","link":"https:\/\/antcube.shop\/ro\/produs\/manseta-cu-mansete\/","title":{"rendered":"C\u0103lc\u00e2i cu man\u0219ete Beanie"},"content":{"rendered":"<p>O c\u0103ciul\u0103 confortabil\u0103, care se potrive\u0219te perfect. Nu este doar o pies\u0103 care \u00eenc\u0103lze\u0219te capul, ci \u0219i un accesoriu de baz\u0103 \u00een garderoba oricui.<\/p>\n<p>- 100% Turbo Acrilic<br \/>\n- 12\u2033 (30 cm) \u00een lungime<br \/>\n- Hipoalergenic<br \/>\n- Stil unisex<br \/>\n- Se poate sp\u0103la manual<br \/>\n- Produs gol provenit din Vietnam sau Bangladesh<\/p>","protected":false},"excerpt":{"rendered":"<p>O c\u0103ciul\u0103 confortabil\u0103, care se potrive\u0219te perfect. Nu este doar o pies\u0103 care \u00eenc\u0103lze\u0219te capul, ci \u0219i un accesoriu de baz\u0103 \u00een garderoba oricui. - 100% Turbo Acrilic Turbo Acrilic - 12\u2033 (30 cm) lungime - Hipoalergenic - Stil unisex - Se poate sp\u0103la manual - Produs alb provenit din Vietnam sau Bangladesh.<\/p>","protected":false},"featured_media":4004,"comment_status":"open","ping_status":"closed","template":"","meta":{"_acf_changed":false,"content-type":"","_monsterinsights_skip_tracking":false,"_monsterinsights_sitenote_active":false,"_monsterinsights_sitenote_note":"","_monsterinsights_sitenote_category":0},"product_brand":[],"product_cat":[245],"product_tag":[],"class_list":{"0":"post-4002","1":"product","2":"type-product","3":"status-publish","4":"has-post-thumbnail","6":"product_cat-merchandise","8":"first","9":"instock","10":"taxable","11":"shipping-taxable","12":"purchasable","13":"product-type-simple"},"acf":[],"aioseo_notices":[],"jetpack_sharing_enabled":true,"_links":{"self":[{"href":"https:\/\/antcube.shop\/ro\/wp-json\/wp\/v2\/product\/4002","targetHints":{"allow":["GET"]}}],"collection":[{"href":"https:\/\/antcube.shop\/ro\/wp-json\/wp\/v2\/product"}],"about":[{"href":"https:\/\/antcube.shop\/ro\/wp-json\/wp\/v2\/types\/product"}],"replies":[{"embeddable":true,"href":"https:\/\/antcube.shop\/ro\/wp-json\/wp\/v2\/comments?post=4002"}],"wp:featuredmedia":[{"embeddable":true,"href":"https:\/\/antcube.shop\/ro\/wp-json\/wp\/v2\/media\/4004"}],"wp:attachment":[{"href":"https:\/\/antcube.shop\/ro\/wp-json\/wp\/v2\/media?parent=4002"}],"wp:term":[{"taxonomy":"product_brand","embeddable":true,"href":"https:\/\/antcube.shop\/ro\/wp-json\/wp\/v2\/product_brand?post=4002"},{"taxonomy":"product_cat","embeddable":true,"href":"https:\/\/antcube.shop\/ro\/wp-json\/wp\/v2\/product_cat?post=4002"},{"taxonomy":"product_tag","embeddable":true,"href":"https:\/\/antcube.shop\/ro\/wp-json\/wp\/v2\/product_tag?post=4002"}],"curies":[{"name":"wp","href":"https:\/\/api.w.org\/{rel}","templated":true}]}}