{"id":3957,"date":"2021-11-30T13:32:38","date_gmt":"2021-11-30T12:32:38","guid":{"rendered":"https:\/\/antcube.shop\/produkt\/mens-high-top-canvas-shoes\/"},"modified":"2024-12-12T12:25:45","modified_gmt":"2024-12-12T11:25:45","slug":"mens-high-top-canvas-shoes","status":"publish","type":"product","link":"https:\/\/antcube.shop\/ro\/produs\/mens-high-top-canvas-shoes\/","title":{"rendered":"Pantofi b\u0103rb\u0103te\u0219ti din p\u00e2nz\u0103 cu v\u00e2rf \u00eenalt"},"content":{"rendered":"<p>\u00cent\u0103re\u0219te-\u021bi jocul de \u00eenc\u0103l\u021b\u0103minte cu pantofii High Top Canvas Shoes. Ace\u0219ti pantofi handmade, la mod\u0103, \u00ee\u021bi vor condimenta \u021binuta. Ia-i pe ai t\u0103i acum!<\/p>\n<p>- 100% poliester, partea superioar\u0103 din p\u00e2nz\u0103<br \/>\n- Talp\u0103 de cauciuc din etilen-acetat de vinil (EVA)<br \/>\n- C\u0103ptu\u0219eal\u0103 respirabil\u0103, talp\u0103 moale<br \/>\n- Cap de piele artificial\u0103<br \/>\n- \u0218ireturi albe<br \/>\n- Guler c\u0103ptu\u0219it, \u0219iret \u00een fa\u021b\u0103<br \/>\n- Produs gol provenit din China<\/p>\n<p><strong>Important:<\/strong> Acest produs este disponibil \u00een urm\u0103toarele \u021b\u0103ri: Statele Unite ale Americii, Canada, Australia, Noua Zeeland\u0103 \u0219i Japonia. Dac\u0103 adresa dvs. de livrare se afl\u0103 \u00een afara acestor \u021b\u0103ri, v\u0103 rug\u0103m s\u0103 alege\u021bi un alt produs.<\/p>\n<p><strong>Renun\u021bare la r\u0103spundere:<\/strong> La deschiderea cutiei, pantofii vor avea un miros de lipici. Mirosul va disp\u0103rea la c\u00e2teva zile dup\u0103 ce pantofii sunt despacheta\u021bi.<\/p>","protected":false},"excerpt":{"rendered":"<p>\u00cent\u0103re\u0219te-\u021bi jocul de \u00eenc\u0103l\u021b\u0103minte cu pantofii High Top Canvas Shoes. Ace\u0219ti pantofi handmade, la mod\u0103, \u00ee\u021bi vor condimenta cu siguran\u021b\u0103 \u021binuta. Ia-i pe ai t\u0103i acum! - 100% poliester, partea superioar\u0103 din p\u00e2nz\u0103 - Talp\u0103 de cauciuc din etilen-vinil acetat (EVA) - C\u0103ptu\u0219eal\u0103 respirabil\u0103, talp\u0103 moale - V\u00e2rful din piele artificial\u0103 - \u0218ireturi albe - Guler c\u0103ptu\u0219it, \u0219iret \u00een fa\u021b\u0103 cu \u0219iret","protected":false},"featured_media":3975,"comment_status":"open","ping_status":"closed","template":"","meta":{"_acf_changed":false,"content-type":"","_monsterinsights_skip_tracking":false,"_monsterinsights_sitenote_active":false,"_monsterinsights_sitenote_note":"","_monsterinsights_sitenote_category":0},"product_brand":[],"product_cat":[245],"product_tag":[],"class_list":{"0":"post-3957","1":"product","2":"type-product","3":"status-publish","4":"has-post-thumbnail","6":"product_cat-merchandise","8":"first","9":"instock","10":"taxable","11":"shipping-taxable","12":"purchasable","13":"product-type-variable"},"acf":[],"aioseo_notices":[],"jetpack_sharing_enabled":true,"_links":{"self":[{"href":"https:\/\/antcube.shop\/ro\/wp-json\/wp\/v2\/product\/3957","targetHints":{"allow":["GET"]}}],"collection":[{"href":"https:\/\/antcube.shop\/ro\/wp-json\/wp\/v2\/product"}],"about":[{"href":"https:\/\/antcube.shop\/ro\/wp-json\/wp\/v2\/types\/product"}],"replies":[{"embeddable":true,"href":"https:\/\/antcube.shop\/ro\/wp-json\/wp\/v2\/comments?post=3957"}],"wp:featuredmedia":[{"embeddable":true,"href":"https:\/\/antcube.shop\/ro\/wp-json\/wp\/v2\/media\/3975"}],"wp:attachment":[{"href":"https:\/\/antcube.shop\/ro\/wp-json\/wp\/v2\/media?parent=3957"}],"wp:term":[{"taxonomy":"product_brand","embeddable":true,"href":"https:\/\/antcube.shop\/ro\/wp-json\/wp\/v2\/product_brand?post=3957"},{"taxonomy":"product_cat","embeddable":true,"href":"https:\/\/antcube.shop\/ro\/wp-json\/wp\/v2\/product_cat?post=3957"},{"taxonomy":"product_tag","embeddable":true,"href":"https:\/\/antcube.shop\/ro\/wp-json\/wp\/v2\/product_tag?post=3957"}],"curies":[{"name":"wp","href":"https:\/\/api.w.org\/{rel}","templated":true}]}}