{"id":3953,"date":"2021-11-30T13:30:21","date_gmt":"2021-11-30T12:30:21","guid":{"rendered":"https:\/\/antcube.shop\/produkt\/stainless-steel-water-bottle\/"},"modified":"2024-12-12T12:25:54","modified_gmt":"2024-12-12T11:25:54","slug":"inox-butelii-de-apa","status":"publish","type":"product","link":"https:\/\/antcube.shop\/ro\/produs\/inox-butelii-de-apa\/","title":{"rendered":"Sticl\u0103 de ap\u0103 din o\u021bel inoxidabil"},"content":{"rendered":"<p>Aceast\u0103 sticl\u0103 de ap\u0103 din o\u021bel inoxidabil cu pere\u021bi dubli, de 17 uncii, este perfect\u0103 pentru ie\u0219irile zilnice. V\u0103 va men\u021bine b\u0103utura aleas\u0103 cald\u0103 sau rece timp de ore \u00eentregi. De asemenea, este prev\u0103zut\u0103 cu un capac rezistent la mirosuri \u0219i scurgeri. Arunca\u021bi-o \u00een suportul pentru pahare din ma\u0219in\u0103 \u00een drum spre serviciu, lua\u021bi-o cu dvs. \u00een drume\u021bii sau arunca\u021bi-o \u00een geant\u0103 pentru orice moment \u00een care vi se face sete.<\/p>\n<p>- O\u021bel inoxidabil de \u00eenalt\u0103 calitate<br \/>\n- 17 oz (500 ml)<br \/>\n- Dimensiuni: 10,5\u2033 \u00d7 2,85\u2033 (27 \u00d7 7 cm)<br \/>\n- Balon cu vid<br \/>\n- Construc\u021bie cu pere\u021bi dubli<br \/>\n- Forma unui popice de bowling<br \/>\n- Capac inodor \u0219i rezistent la scurgeri<br \/>\n- Izolat pentru lichide calde \u0219i reci (men\u021bine lichidul cald sau rece timp de 6 ore)<br \/>\n- Acoperire patentat\u0103 ORCA pentru culori vibrante<br \/>\n- Se spal\u0103 doar manual (nu se recomand\u0103 ma\u0219ina de sp\u0103lat vase din cauza sigiliului de vid)<br \/>\n- Produs gol provenit din China<\/p>\n<p>Avertisment: P\u0103strarea apei \u00een sticl\u0103 pentru mai mult de 24 de ore este neigienic\u0103 \u0219i poate avea ca rezultat un miros nepl\u0103cut.<\/p>","protected":false},"excerpt":{"rendered":"<p>Aceast\u0103 sticl\u0103 de ap\u0103 din o\u021bel inoxidabil cu pere\u021bi dubli, de 17 uncii, este perfect\u0103 pentru ie\u0219irile zilnice. V\u0103 va men\u021bine b\u0103utura aleas\u0103 cald\u0103 sau rece timp de ore \u00eentregi. De asemenea, este prev\u0103zut\u0103 cu un capac rezistent la mirosuri \u0219i scurgeri. Arunca\u021bi-o \u00een suportul de pahare al ma\u0219inii \u00een drum spre serviciu, lua\u021bi-o cu dvs. \u00een drume\u021bii sau arunca\u021bi-o \u00een [...]","protected":false},"featured_media":3954,"comment_status":"open","ping_status":"closed","template":"","meta":{"_acf_changed":false,"content-type":"","_monsterinsights_skip_tracking":false,"_monsterinsights_sitenote_active":false,"_monsterinsights_sitenote_note":"","_monsterinsights_sitenote_category":0},"product_brand":[],"product_cat":[245],"product_tag":[],"class_list":{"0":"post-3953","1":"product","2":"type-product","3":"status-publish","4":"has-post-thumbnail","6":"product_cat-merchandise","8":"first","9":"instock","10":"taxable","11":"shipping-taxable","12":"purchasable","13":"product-type-simple"},"acf":[],"aioseo_notices":[],"jetpack_sharing_enabled":true,"_links":{"self":[{"href":"https:\/\/antcube.shop\/ro\/wp-json\/wp\/v2\/product\/3953","targetHints":{"allow":["GET"]}}],"collection":[{"href":"https:\/\/antcube.shop\/ro\/wp-json\/wp\/v2\/product"}],"about":[{"href":"https:\/\/antcube.shop\/ro\/wp-json\/wp\/v2\/types\/product"}],"replies":[{"embeddable":true,"href":"https:\/\/antcube.shop\/ro\/wp-json\/wp\/v2\/comments?post=3953"}],"wp:featuredmedia":[{"embeddable":true,"href":"https:\/\/antcube.shop\/ro\/wp-json\/wp\/v2\/media\/3954"}],"wp:attachment":[{"href":"https:\/\/antcube.shop\/ro\/wp-json\/wp\/v2\/media?parent=3953"}],"wp:term":[{"taxonomy":"product_brand","embeddable":true,"href":"https:\/\/antcube.shop\/ro\/wp-json\/wp\/v2\/product_brand?post=3953"},{"taxonomy":"product_cat","embeddable":true,"href":"https:\/\/antcube.shop\/ro\/wp-json\/wp\/v2\/product_cat?post=3953"},{"taxonomy":"product_tag","embeddable":true,"href":"https:\/\/antcube.shop\/ro\/wp-json\/wp\/v2\/product_tag?post=3953"}],"curies":[{"name":"wp","href":"https:\/\/api.w.org\/{rel}","templated":true}]}}