{"id":3872,"date":"2021-11-23T18:18:38","date_gmt":"2021-11-23T17:18:38","guid":{"rendered":"https:\/\/antcube.shop\/produkt\/ameisen-spiralturm-s-20\/"},"modified":"2026-02-20T09:42:14","modified_gmt":"2026-02-20T08:42:14","slug":"ameisen-spiralturm-s-20","status":"publish","type":"product","link":"https:\/\/antcube.shop\/ro\/produs\/ameisen-spiralturm-s-20\/","title":{"rendered":"Turnul spiralat de furnici S - 20"},"content":{"rendered":"<div><strong>Dimensiuni<\/strong>: 19x19x20cm; <strong>S<\/strong> pentru furtun 10\/06 mm<\/div>\n<div><\/div>\n<div><strong>Material<\/strong>: PMMA, PVC<\/div>\n<div><\/div>\n<div><strong>Culoare<\/strong>: cristalin, transparent, translucid<\/div>\n<div><\/div>\n<div><strong>Cuprins<\/strong>:<\/div>\n<div>2x plac\u0103 de fund \/ capac<\/div>\n<div>2x acces la furtun pentru furtun de 10\/06 mm<\/div>\n<div>Coloan\u0103 de furtun 4x pentru furtun de 10\/06 mm<\/div>\n<div>10x \u0219tifturi de prindere<\/div>\n<div>5 m furtun 10\/06 mm<\/div>\n<div><strong>Not\u0103<\/strong>: Piesele sunt furnizate sub form\u0103 de kit sau de sistem plug-in. Nu este necesar\u0103 nicio lipire.<\/div>\n<div><\/div>\n<div><strong>Conexiune<\/strong>:<\/div>\n<div>2x furtun 10\/06 mm<\/div>\n<div><\/div>\n<div><strong>Descriere<\/strong>: Turnul spiralat pentru furnici este folosit pentru a acoperi \u00een\u0103l\u021bimea dintre aren\u0103 \u0219i ferma de furnici \u0219i, \u00een plus, ofer\u0103 animalelor o distan\u021b\u0103 mare de mers pe o suprafa\u021b\u0103 compact\u0103. Distan\u021ba de mers suplimentar\u0103 simuleaz\u0103 drumurile pe care furnicile trebuie s\u0103 le parcurg\u0103 \u00een natur\u0103 p\u00e2n\u0103 la sursele lor de hran\u0103 \u0219i poate avea un efect pozitiv asupra dezvolt\u0103rii \u0219i comportamentului coloniei de furnici.<\/div>\n<div><\/div>\n<div><strong>Aplica\u021bie<\/strong>: pentru dimensiunea fermelor de furnici <strong>S<\/strong><\/div>","protected":false},"excerpt":{"rendered":"<p>Racord: furtun 10\/06 mm<br \/>\nDimensiune <strong>S<\/strong><\/p>","protected":false},"featured_media":3882,"comment_status":"open","ping_status":"closed","template":"","meta":{"_acf_changed":false,"content-type":"","_monsterinsights_skip_tracking":false,"_monsterinsights_sitenote_active":false,"_monsterinsights_sitenote_note":"","_monsterinsights_sitenote_category":0},"product_brand":[],"product_cat":[119,256],"product_tag":[],"class_list":{"0":"post-3872","1":"product","2":"type-product","3":"status-publish","4":"has-post-thumbnail","6":"product_cat-formicarium-components","7":"product_cat-spiral-tower","9":"first","10":"instock","11":"taxable","12":"shipping-taxable","13":"purchasable","14":"product-type-simple"},"acf":[],"aioseo_notices":[],"jetpack_sharing_enabled":true,"_links":{"self":[{"href":"https:\/\/antcube.shop\/ro\/wp-json\/wp\/v2\/product\/3872","targetHints":{"allow":["GET"]}}],"collection":[{"href":"https:\/\/antcube.shop\/ro\/wp-json\/wp\/v2\/product"}],"about":[{"href":"https:\/\/antcube.shop\/ro\/wp-json\/wp\/v2\/types\/product"}],"replies":[{"embeddable":true,"href":"https:\/\/antcube.shop\/ro\/wp-json\/wp\/v2\/comments?post=3872"}],"wp:featuredmedia":[{"embeddable":true,"href":"https:\/\/antcube.shop\/ro\/wp-json\/wp\/v2\/media\/3882"}],"wp:attachment":[{"href":"https:\/\/antcube.shop\/ro\/wp-json\/wp\/v2\/media?parent=3872"}],"wp:term":[{"taxonomy":"product_brand","embeddable":true,"href":"https:\/\/antcube.shop\/ro\/wp-json\/wp\/v2\/product_brand?post=3872"},{"taxonomy":"product_cat","embeddable":true,"href":"https:\/\/antcube.shop\/ro\/wp-json\/wp\/v2\/product_cat?post=3872"},{"taxonomy":"product_tag","embeddable":true,"href":"https:\/\/antcube.shop\/ro\/wp-json\/wp\/v2\/product_tag?post=3872"}],"curies":[{"name":"wp","href":"https:\/\/api.w.org\/{rel}","templated":true}]}}