{"id":3625,"date":"2021-11-19T12:53:34","date_gmt":"2021-11-19T11:53:34","guid":{"rendered":"https:\/\/antcube.shop\/produkt\/snapback-hat\/"},"modified":"2024-12-12T12:26:44","modified_gmt":"2024-12-12T11:26:44","slug":"sapca-cu-sapca-de-tip-snapback","status":"publish","type":"product","link":"https:\/\/antcube.shop\/ro\/produs\/sapca-cu-sapca-de-tip-snapback\/","title":{"rendered":"Snapback Hat"},"content":{"rendered":"<p>Aceast\u0103 p\u0103l\u0103rie este structurat\u0103 cu o potrivire clasic\u0103, cu boruri plate \u0219i cu cataram\u0103 complet\u0103. \u00cenchiderea reglabil\u0103 cu clichet o face o p\u0103l\u0103rie confortabil\u0103, de m\u0103rime unic\u0103 pentru majoritatea.<\/p>\n<p>- 80% acrilic, 20% l\u00e2n\u0103<br \/>\n- Verde Camo este 60% bumbac, 40% poliester<br \/>\n- Structurat, cu 6 panouri, cu profil \u00eenalt<br \/>\n- 6 ochiuri brodate<br \/>\n- \u00cenchidere cu clichet din plastic<br \/>\n- Subvizor verde<br \/>\n- Circumferin\u021ba capului: 21\u215d\u2033-23\u215d\u2033 (54,9 cm-60 cm)<br \/>\n- Produs gol provenit din Vietnam sau Bangladesh<\/p>\n<p>&nbsp;<\/p>\n<p>Livrarea \u0219i produc\u021bia de produse din categoria M\u0103rfuri este asigurat\u0103 de partenerul nostru PRINTFUL. Prin comandarea unuia dintre aceste produse, accepta\u021bi Termenii \u0219i condi\u021biile, Politica de confiden\u021bialitate \u0219i Politica de returnare a PRINTFUL.<\/p>\n<p><a href=\"https:\/\/www.printful.com\/policies\/terms-of-service\">G\u0103si\u021bi Termenii \u0219i condi\u021biile PRINTFUL aici.<\/a><\/p>\n<p><a href=\"https:\/\/www.printful.com\/policies\/returns\">G\u0103si\u021bi politica de returnare a PRINTFUL aici.<\/a><\/p>\n<p><a href=\"https:\/\/www.printful.com\/policies\/privacy\">G\u0103si\u021bi Politica de confiden\u021bialitate a PRINTFUL aici.<\/a><\/p>","protected":false},"excerpt":{"rendered":"<p>Aceast\u0103 p\u0103l\u0103rie este structurat\u0103 cu o potrivire clasic\u0103, cu boruri plate \u0219i cu cataram\u0103 complet\u0103. \u00cenchiderea reglabil\u0103 cu clichet o face o p\u0103l\u0103rie confortabil\u0103, de m\u0103rime unic\u0103 pentru majoritatea. - Acrilic 80%, l\u00e2n\u0103 20% - Green Camo este bumbac 60%, poliester 40% - Structurat\u0103, cu 6 panouri, profil \u00eenalt - 6 ochiuri brodate - \u00cenchidere cu clichet din plastic - Subvizor verde - Circumferin\u021ba capului: 21\u215d\u2033-23\u215d\u2033.","protected":false},"featured_media":3627,"comment_status":"open","ping_status":"closed","template":"","meta":{"_acf_changed":false,"content-type":"","_monsterinsights_skip_tracking":false,"_monsterinsights_sitenote_active":false,"_monsterinsights_sitenote_note":"","_monsterinsights_sitenote_category":0},"product_brand":[],"product_cat":[245],"product_tag":[],"class_list":{"0":"post-3625","1":"product","2":"type-product","3":"status-publish","4":"has-post-thumbnail","6":"product_cat-merchandise","8":"first","9":"instock","10":"taxable","11":"shipping-taxable","12":"purchasable","13":"product-type-simple"},"acf":[],"aioseo_notices":[],"jetpack_sharing_enabled":true,"_links":{"self":[{"href":"https:\/\/antcube.shop\/ro\/wp-json\/wp\/v2\/product\/3625","targetHints":{"allow":["GET"]}}],"collection":[{"href":"https:\/\/antcube.shop\/ro\/wp-json\/wp\/v2\/product"}],"about":[{"href":"https:\/\/antcube.shop\/ro\/wp-json\/wp\/v2\/types\/product"}],"replies":[{"embeddable":true,"href":"https:\/\/antcube.shop\/ro\/wp-json\/wp\/v2\/comments?post=3625"}],"wp:featuredmedia":[{"embeddable":true,"href":"https:\/\/antcube.shop\/ro\/wp-json\/wp\/v2\/media\/3627"}],"wp:attachment":[{"href":"https:\/\/antcube.shop\/ro\/wp-json\/wp\/v2\/media?parent=3625"}],"wp:term":[{"taxonomy":"product_brand","embeddable":true,"href":"https:\/\/antcube.shop\/ro\/wp-json\/wp\/v2\/product_brand?post=3625"},{"taxonomy":"product_cat","embeddable":true,"href":"https:\/\/antcube.shop\/ro\/wp-json\/wp\/v2\/product_cat?post=3625"},{"taxonomy":"product_tag","embeddable":true,"href":"https:\/\/antcube.shop\/ro\/wp-json\/wp\/v2\/product_tag?post=3625"}],"curies":[{"name":"wp","href":"https:\/\/api.w.org\/{rel}","templated":true}]}}