{"id":3611,"date":"2021-11-19T12:49:31","date_gmt":"2021-11-19T11:49:31","guid":{"rendered":"https:\/\/antcube.shop\/produkt\/dad-hat\/"},"modified":"2024-12-12T12:26:53","modified_gmt":"2024-12-12T11:26:53","slug":"palarie-de-tata","status":"publish","type":"product","link":"https:\/\/antcube.shop\/ro\/produs\/palarie-de-tata\/","title":{"rendered":"Tata p\u0103l\u0103rie"},"content":{"rendered":"<p>P\u0103l\u0103riile pentru ta\u021bi nu sunt doar pentru ta\u021bi. Aceasta are un profil redus, cu o curea reglabil\u0103 \u0219i vizier\u0103 curbat\u0103.<\/p>\n<p>- 100% chino bumbac twill<br \/>- Culoarea verde Camo este 35% chino bumbac twill, 65% poliester.<br \/>- Nerestructurat, cu 6 panouri, cu profil redus<br \/>- 6 ochiuri brodate<br \/>- Coroan\u0103 de 3 \u215b\" (7,6 cm)<br \/>- Curea reglabil\u0103 cu cataram\u0103 antic\u0103<br \/>- Produs gol provenit din Vietnam sau Bangladesh<\/p>\n<p>\u00a0<\/p>\n<p>Livrarea \u0219i produc\u021bia de produse din categoria M\u0103rfuri este asigurat\u0103 de partenerul nostru PRINTFUL. Prin comandarea unuia dintre aceste produse, accepta\u021bi Termenii \u0219i condi\u021biile, Politica de confiden\u021bialitate \u0219i Politica de returnare a PRINTFUL.\u00a0<\/p>\n<p><a href=\"https:\/\/www.printful.com\/policies\/terms-of-service\">G\u0103si\u021bi Termenii \u0219i condi\u021biile PRINTFUL aici.<\/a><\/p>\n<p><a href=\"https:\/\/www.printful.com\/policies\/returns\">G\u0103si\u021bi politica de returnare a PRINTFUL aici.<\/a><\/p>\n<p><a href=\"https:\/\/www.printful.com\/policies\/privacy\">G\u0103si\u021bi Politica de confiden\u021bialitate a PRINTFUL aici.<\/a><\/p>","protected":false},"excerpt":{"rendered":"<p>P\u0103l\u0103riile pentru ta\u021bi nu sunt doar pentru ta\u021bi. Aceasta are un profil redus, cu o curea reglabil\u0103 \u0219i vizier\u0103 curbat\u0103. - 100% chino bumbac twill- Culoarea Green Camo este 35% chino bumbac twill, 65% poliester- Nerestructurat\u0103, cu 6 panouri, profil redus- 6 ochiuri brodate- Coroan\u0103 de 3 \u215b\" (7,6 cm)- Curea reglabil\u0103 cu cataram\u0103 antic\u0103- Produs brut provenit din Vietnam","protected":false},"featured_media":3613,"comment_status":"open","ping_status":"closed","template":"","meta":{"_acf_changed":false,"content-type":"","_monsterinsights_skip_tracking":false,"_monsterinsights_sitenote_active":false,"_monsterinsights_sitenote_note":"","_monsterinsights_sitenote_category":0},"product_brand":[],"product_cat":[245],"product_tag":[],"class_list":{"0":"post-3611","1":"product","2":"type-product","3":"status-publish","4":"has-post-thumbnail","6":"product_cat-merchandise","8":"first","9":"instock","10":"taxable","11":"shipping-taxable","12":"purchasable","13":"product-type-simple"},"acf":[],"aioseo_notices":[],"jetpack_sharing_enabled":true,"_links":{"self":[{"href":"https:\/\/antcube.shop\/ro\/wp-json\/wp\/v2\/product\/3611","targetHints":{"allow":["GET"]}}],"collection":[{"href":"https:\/\/antcube.shop\/ro\/wp-json\/wp\/v2\/product"}],"about":[{"href":"https:\/\/antcube.shop\/ro\/wp-json\/wp\/v2\/types\/product"}],"replies":[{"embeddable":true,"href":"https:\/\/antcube.shop\/ro\/wp-json\/wp\/v2\/comments?post=3611"}],"wp:featuredmedia":[{"embeddable":true,"href":"https:\/\/antcube.shop\/ro\/wp-json\/wp\/v2\/media\/3613"}],"wp:attachment":[{"href":"https:\/\/antcube.shop\/ro\/wp-json\/wp\/v2\/media?parent=3611"}],"wp:term":[{"taxonomy":"product_brand","embeddable":true,"href":"https:\/\/antcube.shop\/ro\/wp-json\/wp\/v2\/product_brand?post=3611"},{"taxonomy":"product_cat","embeddable":true,"href":"https:\/\/antcube.shop\/ro\/wp-json\/wp\/v2\/product_cat?post=3611"},{"taxonomy":"product_tag","embeddable":true,"href":"https:\/\/antcube.shop\/ro\/wp-json\/wp\/v2\/product_tag?post=3611"}],"curies":[{"name":"wp","href":"https:\/\/api.w.org\/{rel}","templated":true}]}}