{"id":3599,"date":"2021-11-19T12:47:56","date_gmt":"2021-11-19T11:47:56","guid":{"rendered":"https:\/\/antcube.shop\/produkt\/premium-eco-hoodie\/"},"modified":"2024-12-12T12:27:02","modified_gmt":"2024-12-12T11:27:02","slug":"premium-eco-hoodie","status":"publish","type":"product","link":"https:\/\/antcube.shop\/ro\/produs\/premium-eco-hoodie\/","title":{"rendered":"Hanorac eco premium"},"content":{"rendered":"<p>Face\u021bi cuno\u0219tin\u021b\u0103 cu hanoracul ecologic premium realizat din materiale organice \u0219i reciclate. Cu croiala sa confortabil\u0103, buzunarul din fa\u021b\u0103 \u0219i gluga cu dou\u0103 straturi, hanoracul cu glug\u0103 este o pies\u0103 clasic\u0103 de streetwear care poate fi asortat\u0103 cu mai multe look-uri diferite.<\/p>\n<p>- 85% bumbac organic, 15% poliester reciclat<br \/>\n- Benti\u021b\u0103: 97% bumbac organic, 3% elastan<br \/>\n- \u021aes\u0103tur\u0103 fleece periat \u00een interior<br \/>\n- Potrivire confortabil\u0103 unisex<br \/>\n- Glug\u0103 cu strat dublu<br \/>\n- Cordon de tragere plat cu ochiuri metalice pentru o senza\u021bie premium<br \/>\n- Kangaroo buzunar<br \/>\n- Patch de etichet\u0103 interioar\u0103\/exterioar\u0103 pentru branding<br \/>\n- Etichet\u0103 de \u00eengrijire deta\u0219abil\u0103<\/p>\n<p>&nbsp;<\/p>\n<p>Livrarea \u0219i produc\u021bia de produse din categoria M\u0103rfuri este asigurat\u0103 de partenerul nostru PRINTFUL. Prin comandarea unuia dintre aceste produse, accepta\u021bi Termenii \u0219i condi\u021biile, Politica de confiden\u021bialitate \u0219i Politica de returnare a PRINTFUL.<\/p>\n<p><a href=\"https:\/\/www.printful.com\/policies\/terms-of-service\">G\u0103si\u021bi Termenii \u0219i condi\u021biile PRINTFUL aici.<\/a><\/p>\n<p><a href=\"https:\/\/www.printful.com\/policies\/returns\">G\u0103si\u021bi politica de returnare a PRINTFUL aici.<\/a><\/p>\n<p><a href=\"https:\/\/www.printful.com\/policies\/privacy\">G\u0103si\u021bi Politica de confiden\u021bialitate a PRINTFUL aici.<\/a><\/p>","protected":false},"excerpt":{"rendered":"<p>Face\u021bi cuno\u0219tin\u021b\u0103 cu hanoracul ecologic premium realizat din materiale organice \u0219i reciclate. Cu croiala sa confortabil\u0103, buzunarul din fa\u021b\u0103 \u0219i gluga cu dou\u0103 straturi, hanoracul cu glug\u0103 este o pies\u0103 clasic\u0103 de streetwear care poate fi asortat\u0103 cu mai multe look-uri diferite. - Bumbac organic 85%, poliester reciclat 15% - Cosete: bumbac organic 97%, elastan 3% - \u021aes\u0103tur\u0103 fleece periat \u00een interior","protected":false},"featured_media":3607,"comment_status":"open","ping_status":"closed","template":"","meta":{"_acf_changed":false,"content-type":"","_monsterinsights_skip_tracking":false,"_monsterinsights_sitenote_active":false,"_monsterinsights_sitenote_note":"","_monsterinsights_sitenote_category":0},"product_brand":[],"product_cat":[245],"product_tag":[],"class_list":{"0":"post-3599","1":"product","2":"type-product","3":"status-publish","4":"has-post-thumbnail","6":"product_cat-merchandise","8":"first","9":"instock","10":"taxable","11":"shipping-taxable","12":"purchasable","13":"product-type-variable"},"acf":[],"aioseo_notices":[],"jetpack_sharing_enabled":true,"_links":{"self":[{"href":"https:\/\/antcube.shop\/ro\/wp-json\/wp\/v2\/product\/3599","targetHints":{"allow":["GET"]}}],"collection":[{"href":"https:\/\/antcube.shop\/ro\/wp-json\/wp\/v2\/product"}],"about":[{"href":"https:\/\/antcube.shop\/ro\/wp-json\/wp\/v2\/types\/product"}],"replies":[{"embeddable":true,"href":"https:\/\/antcube.shop\/ro\/wp-json\/wp\/v2\/comments?post=3599"}],"wp:featuredmedia":[{"embeddable":true,"href":"https:\/\/antcube.shop\/ro\/wp-json\/wp\/v2\/media\/3607"}],"wp:attachment":[{"href":"https:\/\/antcube.shop\/ro\/wp-json\/wp\/v2\/media?parent=3599"}],"wp:term":[{"taxonomy":"product_brand","embeddable":true,"href":"https:\/\/antcube.shop\/ro\/wp-json\/wp\/v2\/product_brand?post=3599"},{"taxonomy":"product_cat","embeddable":true,"href":"https:\/\/antcube.shop\/ro\/wp-json\/wp\/v2\/product_cat?post=3599"},{"taxonomy":"product_tag","embeddable":true,"href":"https:\/\/antcube.shop\/ro\/wp-json\/wp\/v2\/product_tag?post=3599"}],"curies":[{"name":"wp","href":"https:\/\/api.w.org\/{rel}","templated":true}]}}