{"id":3575,"date":"2021-11-19T12:45:26","date_gmt":"2021-11-19T11:45:26","guid":{"rendered":"https:\/\/antcube.shop\/produkt\/unisex-organic-cotton-t-shirt\/"},"modified":"2024-12-12T12:27:10","modified_gmt":"2024-12-12T11:27:10","slug":"tricou-unisex-din-bumbac-ecologic","status":"publish","type":"product","link":"https:\/\/antcube.shop\/ro\/produs\/tricou-unisex-din-bumbac-ecologic\/","title":{"rendered":"Tricou unisex din bumbac organic"},"content":{"rendered":"<p>Confec\u021bionat din bumbac organic 100%, acest tricou unisex este un must-have total. Este de \u00eenalt\u0103 calitate, super confortabil \u0219i, mai ales, ecologic.<\/p>\n<p>- 100% bumbac organic cu inele filate<br \/>\n- Greutatea \u021bes\u0103turii: 5,3 oz\/yd\u00b2 (180 g\/m\u00b2)<br \/>\n- Tricou simplu<br \/>\n- Se potrive\u0219te mediu<br \/>\n- Man\u0219oane cu inser\u021bie<br \/>\n- 1 \u00d7 1 nervur\u0103 la guler<br \/>\n- Cus\u0103tur\u0103 larg\u0103 cu dou\u0103 ace pe m\u00e2neci \u0219i pe tivurile inferioare<br \/>\n- Band\u0103 de g\u00e2t din \u021bes\u0103tur\u0103 (\u00een interior, pe partea din spate a g\u00e2tului)<br \/>\n- Produs gol provenit din China sau Bangladesh<\/p>\n<p>&nbsp;<\/p>\n<p>Livrarea \u0219i produc\u021bia de produse din categoria M\u0103rfuri este asigurat\u0103 de partenerul nostru PRINTFUL. Prin comandarea unuia dintre aceste produse, accepta\u021bi Termenii \u0219i condi\u021biile, Politica de confiden\u021bialitate \u0219i Politica de returnare a PRINTFUL.<\/p>\n<p><a href=\"https:\/\/www.printful.com\/policies\/terms-of-service\">G\u0103si\u021bi Termenii \u0219i condi\u021biile PRINTFUL aici.<\/a><\/p>\n<p><a href=\"https:\/\/www.printful.com\/policies\/returns\">G\u0103si\u021bi politica de returnare a PRINTFUL aici.<\/a><\/p>\n<p><a href=\"https:\/\/www.printful.com\/policies\/privacy\">G\u0103si\u021bi Politica de confiden\u021bialitate a PRINTFUL aici.<\/a><\/p>","protected":false},"excerpt":{"rendered":"<p>Confec\u021bionat din bumbac organic inelar 100%, acest tricou unisex este un must-have total. Este de \u00eenalt\u0103 calitate, super confortabil \u0219i, mai ales, ecologic. - 100% bumbac organic ring-spun - Greutate \u021bes\u0103tur\u0103: 5,3 oz\/yd\u00b2 (180 g\/m\u00b2) - Jersey simplu - Croial\u0103 medie - M\u00e2neci cu inser\u021bie - C\u00e2rlige 1 \u00d7 1 la guler - Cus\u0103tur\u0103 larg\u0103 cu dou\u0103 ace pe","protected":false},"featured_media":3582,"comment_status":"open","ping_status":"closed","template":"","meta":{"_acf_changed":false,"content-type":"","_monsterinsights_skip_tracking":false,"_monsterinsights_sitenote_active":false,"_monsterinsights_sitenote_note":"","_monsterinsights_sitenote_category":0},"product_brand":[],"product_cat":[245],"product_tag":[],"class_list":{"0":"post-3575","1":"product","2":"type-product","3":"status-publish","4":"has-post-thumbnail","6":"product_cat-merchandise","8":"first","9":"instock","10":"taxable","11":"shipping-taxable","12":"purchasable","13":"product-type-variable"},"acf":[],"aioseo_notices":[],"jetpack_sharing_enabled":true,"_links":{"self":[{"href":"https:\/\/antcube.shop\/ro\/wp-json\/wp\/v2\/product\/3575","targetHints":{"allow":["GET"]}}],"collection":[{"href":"https:\/\/antcube.shop\/ro\/wp-json\/wp\/v2\/product"}],"about":[{"href":"https:\/\/antcube.shop\/ro\/wp-json\/wp\/v2\/types\/product"}],"replies":[{"embeddable":true,"href":"https:\/\/antcube.shop\/ro\/wp-json\/wp\/v2\/comments?post=3575"}],"wp:featuredmedia":[{"embeddable":true,"href":"https:\/\/antcube.shop\/ro\/wp-json\/wp\/v2\/media\/3582"}],"wp:attachment":[{"href":"https:\/\/antcube.shop\/ro\/wp-json\/wp\/v2\/media?parent=3575"}],"wp:term":[{"taxonomy":"product_brand","embeddable":true,"href":"https:\/\/antcube.shop\/ro\/wp-json\/wp\/v2\/product_brand?post=3575"},{"taxonomy":"product_cat","embeddable":true,"href":"https:\/\/antcube.shop\/ro\/wp-json\/wp\/v2\/product_cat?post=3575"},{"taxonomy":"product_tag","embeddable":true,"href":"https:\/\/antcube.shop\/ro\/wp-json\/wp\/v2\/product_tag?post=3575"}],"curies":[{"name":"wp","href":"https:\/\/api.w.org\/{rel}","templated":true}]}}