{"id":3566,"date":"2021-11-19T12:43:48","date_gmt":"2021-11-19T11:43:48","guid":{"rendered":"https:\/\/antcube.shop\/produkt\/youth-short-sleeve-t-shirt\/"},"modified":"2024-12-12T12:27:18","modified_gmt":"2024-12-12T11:27:18","slug":"tineret-cu-maneci-scurte-t-shirt","status":"publish","type":"product","link":"https:\/\/antcube.shop\/ro\/produs\/tineret-cu-maneci-scurte-t-shirt\/","title":{"rendered":"Tricoul cu m\u00e2nec\u0103 scurt\u0103 pentru tineret"},"content":{"rendered":"<p>Acesta este tricoul pe care \u00eel c\u0103uta\u021bi \u0219i va deveni unul dintre preferatele din garderoba oric\u0103rui t\u00e2n\u0103r. Este u\u0219or, moale \u0219i vine cu un design unic.<\/p>\n<p>- 100% bumbac piept\u0103nat \u0219i filat cu inele<br \/>\n- Culorile Heather sunt 52% piept\u0103nat \u0219i inel de bumbac filat, 48% poliester.<br \/>\n- Athletic Heather este 90% piept\u0103nat \u0219i inel de bumbac filat, 10% poliester<br \/>\n- Greutatea \u021bes\u0103turii: 4,2 oz\/yd\u00b2 (142 g\/m2)<br \/>\n- Tesatura pre-retractat\u0103<br \/>\n- 32 de c\u00e2nt\u0103re\u021bi<br \/>\n- Se potrive\u0219te unisex relaxat<br \/>\n- Construc\u021bie cu cus\u0103turi laterale<br \/>\n- Produs gol provenit din Nicaragua, SUA sau Honduras<\/p>\n<p>&nbsp;<\/p>\n<p>Livrarea \u0219i produc\u021bia de produse din categoria M\u0103rfuri este asigurat\u0103 de partenerul nostru PRINTFUL. Prin comandarea unuia dintre aceste produse, accepta\u021bi Termenii \u0219i condi\u021biile, Politica de confiden\u021bialitate \u0219i Politica de returnare a PRINTFUL.<\/p>\n<p><a href=\"https:\/\/www.printful.com\/policies\/terms-of-service\">G\u0103si\u021bi Termenii \u0219i condi\u021biile PRINTFUL aici.<\/a><\/p>\n<p><a href=\"https:\/\/www.printful.com\/policies\/returns\">G\u0103si\u021bi politica de returnare a PRINTFUL aici.<\/a><\/p>\n<p><a href=\"https:\/\/www.printful.com\/policies\/privacy\">G\u0103si\u021bi Politica de confiden\u021bialitate a PRINTFUL aici.<\/a><\/p>","protected":false},"excerpt":{"rendered":"<p>This is the tee that you&#8217;ve been looking for, and it&#8217;s bound to become a favorite in any youngster&#8217;s wardrobe. It&#8217;s light, soft, and comes with a unique design. \u2022 100% combed and ring-spun cotton \u2022 Heather colors are 52% combed and ring-spun cotton, 48% polyester \u2022 Athletic Heather is 90% combed and ring-spun cotton, [&#8230;]","protected":false},"featured_media":3573,"comment_status":"open","ping_status":"closed","template":"","meta":{"_acf_changed":false,"content-type":"","_monsterinsights_skip_tracking":false,"_monsterinsights_sitenote_active":false,"_monsterinsights_sitenote_note":"","_monsterinsights_sitenote_category":0},"product_brand":[],"product_cat":[245],"product_tag":[],"class_list":{"0":"post-3566","1":"product","2":"type-product","3":"status-publish","4":"has-post-thumbnail","6":"product_cat-merchandise","8":"first","9":"instock","10":"taxable","11":"shipping-taxable","12":"purchasable","13":"product-type-variable"},"acf":[],"aioseo_notices":[],"jetpack_sharing_enabled":true,"_links":{"self":[{"href":"https:\/\/antcube.shop\/ro\/wp-json\/wp\/v2\/product\/3566","targetHints":{"allow":["GET"]}}],"collection":[{"href":"https:\/\/antcube.shop\/ro\/wp-json\/wp\/v2\/product"}],"about":[{"href":"https:\/\/antcube.shop\/ro\/wp-json\/wp\/v2\/types\/product"}],"replies":[{"embeddable":true,"href":"https:\/\/antcube.shop\/ro\/wp-json\/wp\/v2\/comments?post=3566"}],"wp:featuredmedia":[{"embeddable":true,"href":"https:\/\/antcube.shop\/ro\/wp-json\/wp\/v2\/media\/3573"}],"wp:attachment":[{"href":"https:\/\/antcube.shop\/ro\/wp-json\/wp\/v2\/media?parent=3566"}],"wp:term":[{"taxonomy":"product_brand","embeddable":true,"href":"https:\/\/antcube.shop\/ro\/wp-json\/wp\/v2\/product_brand?post=3566"},{"taxonomy":"product_cat","embeddable":true,"href":"https:\/\/antcube.shop\/ro\/wp-json\/wp\/v2\/product_cat?post=3566"},{"taxonomy":"product_tag","embeddable":true,"href":"https:\/\/antcube.shop\/ro\/wp-json\/wp\/v2\/product_tag?post=3566"}],"curies":[{"name":"wp","href":"https:\/\/api.w.org\/{rel}","templated":true}]}}