{"id":3443,"date":"2021-11-18T15:53:00","date_gmt":"2021-11-18T14:53:00","guid":{"rendered":"https:\/\/antcube.shop\/produkt\/mens-heavyweight-tee\/"},"modified":"2024-12-12T12:27:24","modified_gmt":"2024-12-12T11:27:24","slug":"barbati-greutate-grea-tee","status":"publish","type":"product","link":"https:\/\/antcube.shop\/ro\/produs\/barbati-greutate-grea-tee\/","title":{"rendered":"Tricou de bumbac premium pentru b\u0103rba\u021bi"},"content":{"rendered":"<p>Tricoul premium pentru b\u0103rba\u021bi din bumbac 100% te va ajuta s\u0103 ob\u021bii un look mai structurat. Se a\u0219eaz\u0103 frumos, p\u0103streaz\u0103 linii ascu\u021bite pe margini \u0219i se potrive\u0219te perfect cu \u021binutele streetwear stratificate.<br \/>\n- 100% bumbac<br \/>\n- 90% bumbac, 10% poliester<br \/>\n- Greutatea \u021bes\u0103turii: 5,0-5,3 oz\/yd\u00b2 (170-180 g\/m\u00b2)<br \/>\n- Fire cu cap\u0103t deschis<br \/>\n- \u021aes\u0103tur\u0103 tubular\u0103<br \/>\n- G\u00e2t \u0219i umeri cu band\u0103 adeziv\u0103<br \/>\n- Dubl\u0103 cus\u0103tur\u0103 la m\u00e2neci \u0219i la tivul inferior<br \/>\n- Produs alb provenit din Honduras, Nicaragua, Haiti, Republica Dominican\u0103, Bangladesh, Mexic.<\/p>\n<p>&nbsp;<\/p>\n<p>Livrarea \u0219i produc\u021bia de produse din categoria M\u0103rfuri este asigurat\u0103 de partenerul nostru PRINTFUL. Prin comandarea unuia dintre aceste produse, accepta\u021bi Termenii \u0219i condi\u021biile, Politica de confiden\u021bialitate \u0219i Politica de returnare a PRINTFUL.<\/p>\n<p><a href=\"https:\/\/www.printful.com\/policies\/terms-of-service\">G\u0103si\u021bi Termenii \u0219i condi\u021biile PRINTFUL aici.<\/a><\/p>\n<p><a href=\"https:\/\/www.printful.com\/policies\/returns\">G\u0103si\u021bi politica de returnare a PRINTFUL aici.<\/a><\/p>\n<p><a href=\"https:\/\/www.printful.com\/policies\/privacy\">G\u0103si\u021bi Politica de confiden\u021bialitate a PRINTFUL aici.<\/a><\/p>","protected":false},"excerpt":{"rendered":"<p>Tricoul premium pentru b\u0103rba\u021bi din bumbac 100% te va ajuta s\u0103 ob\u021bii un look mai structurat. Se a\u0219eaz\u0103 frumos, p\u0103streaz\u0103 linii ascu\u021bite pe margini \u0219i se potrive\u0219te perfect cu \u021binutele streetwear stratificate. - 100% bumbac - 90% bumbac, 10% poliester - Greutatea \u021bes\u0103turii: 5,0-5,3 oz\/yd\u00b2 (170-180 g\/m\u00b2) - Fir deschis - \u021aes\u0103tur\u0103 tubular\u0103 - G\u00e2t \u0219i","protected":false},"featured_media":3451,"comment_status":"open","ping_status":"closed","template":"","meta":{"_acf_changed":false,"content-type":"","_monsterinsights_skip_tracking":false,"_monsterinsights_sitenote_active":false,"_monsterinsights_sitenote_note":"","_monsterinsights_sitenote_category":0},"product_brand":[],"product_cat":[245],"product_tag":[],"class_list":{"0":"post-3443","1":"product","2":"type-product","3":"status-publish","4":"has-post-thumbnail","6":"product_cat-merchandise","8":"first","9":"instock","10":"taxable","11":"shipping-taxable","12":"purchasable","13":"product-type-variable"},"acf":[],"aioseo_notices":[],"jetpack_sharing_enabled":true,"_links":{"self":[{"href":"https:\/\/antcube.shop\/ro\/wp-json\/wp\/v2\/product\/3443","targetHints":{"allow":["GET"]}}],"collection":[{"href":"https:\/\/antcube.shop\/ro\/wp-json\/wp\/v2\/product"}],"about":[{"href":"https:\/\/antcube.shop\/ro\/wp-json\/wp\/v2\/types\/product"}],"replies":[{"embeddable":true,"href":"https:\/\/antcube.shop\/ro\/wp-json\/wp\/v2\/comments?post=3443"}],"wp:featuredmedia":[{"embeddable":true,"href":"https:\/\/antcube.shop\/ro\/wp-json\/wp\/v2\/media\/3451"}],"wp:attachment":[{"href":"https:\/\/antcube.shop\/ro\/wp-json\/wp\/v2\/media?parent=3443"}],"wp:term":[{"taxonomy":"product_brand","embeddable":true,"href":"https:\/\/antcube.shop\/ro\/wp-json\/wp\/v2\/product_brand?post=3443"},{"taxonomy":"product_cat","embeddable":true,"href":"https:\/\/antcube.shop\/ro\/wp-json\/wp\/v2\/product_cat?post=3443"},{"taxonomy":"product_tag","embeddable":true,"href":"https:\/\/antcube.shop\/ro\/wp-json\/wp\/v2\/product_tag?post=3443"}],"curies":[{"name":"wp","href":"https:\/\/api.w.org\/{rel}","templated":true}]}}