{"id":3174,"date":"2021-11-08T12:21:44","date_gmt":"2021-11-08T11:21:44","guid":{"rendered":"https:\/\/antcube.shop\/produkt\/ytongnest-40x20-mit-arena\/"},"modified":"2026-04-01T09:56:00","modified_gmt":"2026-04-01T07:56:00","slug":"ytongnest-40x20-mit-arena","status":"publish","type":"product","link":"https:\/\/antcube.shop\/ro\/produs\/ytongnest-40x20-mit-arena\/","title":{"rendered":"Ytongnest - 40\u00d720 cu Arena"},"content":{"rendered":"<p><strong>Material:<\/strong> beton celular, sticl\u0103, plastic PMMA \u0219i PVC<\/p>\n<p><strong>Conexiune:<\/strong> 1x deschidere de 14 mm; 1x deschidere de 27 mm<\/p>\n<p><strong>Con\u021binut:<\/strong><br \/>\n1x bloc de beton celular 40x20x5 cm cu camere de 20 mm ad\u00e2ncime.<br \/>\n1x plac\u0103 de sticl\u0103 de 40\u00d720 cm cu o deschidere de 50 mm \u0219i o aren\u0103 de 20\u00d720 cm<br \/>\n1x cadru pentru arena de furnici 20\u00d720<br \/>\n1x capacul arenei pentru furnici 20\u00d720<br \/>\n1x inel de 50 mm cu deschidere de 27 mm<br \/>\n1x dop de formicarium 13mm<br \/>\n2x Formicarium plug 27mm<br \/>\n2x Formicarium plug 50mm<\/p>\n<p><strong>Descriere:<\/strong><br \/>\nYtong este un nume de marc\u0103, materialul \u00een sine se nume\u0219te beton celular.<br \/>\nDatorit\u0103 propriet\u0103\u021bii de re\u021binere a apei, materialul este foarte potrivit pentru p\u0103strarea furnicilor. Acesta poate fi utilizat pentru a p\u0103stra un num\u0103r mare de specii de scorburi, at\u00e2t din habitate uscate, c\u00e2t \u0219i din habitate umede. \u00cen func\u021bie de specia de furnici, se recomand\u0103 s\u0103 se acopere fundul camerelor cu substrat. Unele specii se simt mai confortabil \u00een acest fel \u0219i, de exemplu, speciile de furnici Ponerinae au nevoie de sol pentru ca larvele lor s\u0103 se pupeze corespunz\u0103tor. Deoarece acest cuib include deja o aren\u0103, poate fi folosit ca o instala\u021bie complet\u0103 de formicarium.<\/p>\n<p><strong>Sfat:<\/strong><br \/>\nPentru a preveni ca apa s\u0103 se scurg\u0103 din Ytong dup\u0103 ce a umezit zona cuibului \u0219i s\u0103 se adune pe suprafa\u021ba mobilierului de dedesubt, sau ca materialul aspru s\u0103 zg\u00e2rie suprafe\u021bele, v\u0103 recomand\u0103m s\u0103 comanda\u021bi una dintre c\u0103zile de sticl\u0103 potrivite pentru cuiburile noastre Ytong. Acestea sunt impermeabile \u0219i astfel protejeaz\u0103 \u00een mod eficient suprafe\u021bele dedesubt de deteriorarea provocat\u0103 de ap\u0103 \u0219i zg\u00e2rieturi.<\/p>\n<p><strong>Utilizare:<\/strong><br \/>\nPentru speciile de furnici de dimensiuni <b>M<\/b> <b>&#8211;\u00a0<\/b><b>L<\/b>.<br \/>\nBetonul celular este un material foarte fragil \u0219i casant. Prin urmare, din cauza procesului de fabrica\u021bie, este imposibil s\u0103 se evite ca col\u021burile \u0219i marginile s\u0103 prezinte u\u0219oare rupturi \u0219i denivel\u0103ri. Din acest motiv, cuiburile Ytong nu sunt potrivite pentru speciile de furnici foarte mici de dimensiuni <b>S<\/b>, deoarece aceste specii ar putea izbucni cu u\u0219urin\u021b\u0103 aici.<\/p>","protected":false},"excerpt":{"rendered":"<p>Conexiune: 1x14mm 1x27mm<br \/>\nDimensiune: <strong><span style=\"color: #339966;\">M<\/span><\/strong><strong> &#8211; <span style=\"color: #0000ff;\">L<\/span><\/strong><\/p>","protected":false},"featured_media":3011,"comment_status":"open","ping_status":"closed","template":"","meta":{"_acf_changed":false,"content-type":"","_monsterinsights_skip_tracking":false,"_monsterinsights_sitenote_active":false,"_monsterinsights_sitenote_note":"","_monsterinsights_sitenote_category":0},"product_brand":[],"product_cat":[85,86],"product_tag":[],"class_list":{"0":"post-3174","1":"product","2":"type-product","3":"status-publish","4":"has-post-thumbnail","6":"product_cat-ant-arenas","7":"product_cat-formicariums","9":"first","10":"instock","11":"taxable","12":"shipping-taxable","13":"purchasable","14":"product-type-simple"},"acf":[],"aioseo_notices":[],"jetpack_sharing_enabled":true,"_links":{"self":[{"href":"https:\/\/antcube.shop\/ro\/wp-json\/wp\/v2\/product\/3174","targetHints":{"allow":["GET"]}}],"collection":[{"href":"https:\/\/antcube.shop\/ro\/wp-json\/wp\/v2\/product"}],"about":[{"href":"https:\/\/antcube.shop\/ro\/wp-json\/wp\/v2\/types\/product"}],"replies":[{"embeddable":true,"href":"https:\/\/antcube.shop\/ro\/wp-json\/wp\/v2\/comments?post=3174"}],"wp:featuredmedia":[{"embeddable":true,"href":"https:\/\/antcube.shop\/ro\/wp-json\/wp\/v2\/media\/3011"}],"wp:attachment":[{"href":"https:\/\/antcube.shop\/ro\/wp-json\/wp\/v2\/media?parent=3174"}],"wp:term":[{"taxonomy":"product_brand","embeddable":true,"href":"https:\/\/antcube.shop\/ro\/wp-json\/wp\/v2\/product_brand?post=3174"},{"taxonomy":"product_cat","embeddable":true,"href":"https:\/\/antcube.shop\/ro\/wp-json\/wp\/v2\/product_cat?post=3174"},{"taxonomy":"product_tag","embeddable":true,"href":"https:\/\/antcube.shop\/ro\/wp-json\/wp\/v2\/product_tag?post=3174"}],"curies":[{"name":"wp","href":"https:\/\/api.w.org\/{rel}","templated":true}]}}