{"id":3169,"date":"2021-11-08T10:47:59","date_gmt":"2021-11-08T09:47:59","guid":{"rendered":"https:\/\/antcube.shop\/produkt\/fuhrungsleisten-l-20-2-st\/"},"modified":"2026-04-13T10:48:59","modified_gmt":"2026-04-13T08:48:59","slug":"fuhrungsleisten-l-20-2-st","status":"publish","type":"product","link":"https:\/\/antcube.shop\/ro\/produs\/fuhrungsleisten-l-20-2-st\/","title":{"rendered":"\u0218ine de ghidare L 20 - 2 buc."},"content":{"rendered":"<p><strong>Dimensiuni:<\/strong> 4x20x160mm<\/p>\n<p><strong>Con\u021binut:<\/strong> 2x \u0219in\u0103 de ghidare<\/p>\n<p><strong>Material:<\/strong> PMMA<\/p>\n<p><strong>Culoare:<\/strong> clar, transparent<\/p>\n<p><strong>Descriere:<\/strong> \u0218inele de ghidare permit introducerea exact\u0103 a inser\u021biilor de cuib \/ pl\u0103cilor de cuib \u00een arenele combinate sau \u00een fermele de perete cu l\u0103\u021bimea de cuib L sau 20 mm.<\/p>","protected":false},"excerpt":{"rendered":"<p>Pentru cuiburi de plut\u0103 \u0219i gips\/plastin\u0103 atunci c\u00e2nd sunt plasate \u00eentr-un ANTCUBE combi<\/p>","protected":false},"featured_media":2994,"comment_status":"open","ping_status":"closed","template":"","meta":{"_acf_changed":false,"content-type":"","_monsterinsights_skip_tracking":false,"_monsterinsights_sitenote_active":false,"_monsterinsights_sitenote_note":"","_monsterinsights_sitenote_category":0},"product_brand":[],"product_cat":[119,239],"product_tag":[],"class_list":{"0":"post-3169","1":"product","2":"type-product","3":"status-publish","4":"has-post-thumbnail","6":"product_cat-formicarium-components","7":"product_cat-useful-additions","9":"first","10":"instock","11":"taxable","12":"shipping-taxable","13":"purchasable","14":"product-type-simple"},"acf":[],"aioseo_notices":[],"jetpack_sharing_enabled":true,"_links":{"self":[{"href":"https:\/\/antcube.shop\/ro\/wp-json\/wp\/v2\/product\/3169","targetHints":{"allow":["GET"]}}],"collection":[{"href":"https:\/\/antcube.shop\/ro\/wp-json\/wp\/v2\/product"}],"about":[{"href":"https:\/\/antcube.shop\/ro\/wp-json\/wp\/v2\/types\/product"}],"replies":[{"embeddable":true,"href":"https:\/\/antcube.shop\/ro\/wp-json\/wp\/v2\/comments?post=3169"}],"wp:featuredmedia":[{"embeddable":true,"href":"https:\/\/antcube.shop\/ro\/wp-json\/wp\/v2\/media\/2994"}],"wp:attachment":[{"href":"https:\/\/antcube.shop\/ro\/wp-json\/wp\/v2\/media?parent=3169"}],"wp:term":[{"taxonomy":"product_brand","embeddable":true,"href":"https:\/\/antcube.shop\/ro\/wp-json\/wp\/v2\/product_brand?post=3169"},{"taxonomy":"product_cat","embeddable":true,"href":"https:\/\/antcube.shop\/ro\/wp-json\/wp\/v2\/product_cat?post=3169"},{"taxonomy":"product_tag","embeddable":true,"href":"https:\/\/antcube.shop\/ro\/wp-json\/wp\/v2\/product_tag?post=3169"}],"curies":[{"name":"wp","href":"https:\/\/api.w.org\/{rel}","templated":true}]}}