{"id":3167,"date":"2021-11-08T10:47:42","date_gmt":"2021-11-08T09:47:42","guid":{"rendered":"https:\/\/antcube.shop\/produkt\/glaswanne-40x20\/"},"modified":"2026-04-01T09:55:46","modified_gmt":"2026-04-01T07:55:46","slug":"glaswanne-40x20","status":"publish","type":"product","link":"https:\/\/antcube.shop\/ro\/produs\/glaswanne-40x20\/","title":{"rendered":"Cada de sticl\u0103 40\u00d720"},"content":{"rendered":"<p><strong>Dimensiuni:<\/strong> 42 x 22 x 2 cm<br \/>\n<strong>Dimensiuni interioare:<\/strong> 41 x 21 x 1,6 cm<\/p>\n<p><strong>Cuprins:<\/strong><br \/>\n1x cad\u0103 42x22x2 cm din sticl\u0103 float de 4 mm.<\/p>\n<p><strong>Descriere:<\/strong><br \/>\nCuva de sticl\u0103 nu are g\u0103uri, este lipit\u0103 impermeabil \u0219i, prin urmare, poate fi umplut\u0103 cu ap\u0103. A fost conceput\u0103 pentru cuiburile noastre Ytong pentru furnici. Acestea pot fi udate \u0219i mutate cu u\u0219urin\u021b\u0103, f\u0103r\u0103 ca apa s\u0103 ajung\u0103 pe suprafa\u021ba subiacent\u0103 (mas\u0103, dulap etc.) sau f\u0103r\u0103 ca Ytong-ul aspru s\u0103 zg\u00e2rie suprafe\u021bele subiacente. Op\u021bional, diverse cuiburi pot fi plasate central, ca o insul\u0103.<\/p>\n<p>&nbsp;<\/p>","protected":false},"excerpt":{"rendered":"<p>Cada de sticl\u0103 pentru cuibul nostru Ytong cu arena 40\u00d720<\/p>","protected":false},"featured_media":3007,"comment_status":"open","ping_status":"closed","template":"","meta":{"_acf_changed":false,"content-type":"","_monsterinsights_skip_tracking":false,"_monsterinsights_sitenote_active":false,"_monsterinsights_sitenote_note":"","_monsterinsights_sitenote_category":0},"product_brand":[],"product_cat":[119,239],"product_tag":[],"class_list":{"0":"post-3167","1":"product","2":"type-product","3":"status-publish","4":"has-post-thumbnail","6":"product_cat-formicarium-components","7":"product_cat-useful-additions","9":"first","10":"instock","11":"taxable","12":"shipping-taxable","13":"purchasable","14":"product-type-simple"},"acf":[],"aioseo_notices":[],"jetpack_sharing_enabled":true,"_links":{"self":[{"href":"https:\/\/antcube.shop\/ro\/wp-json\/wp\/v2\/product\/3167","targetHints":{"allow":["GET"]}}],"collection":[{"href":"https:\/\/antcube.shop\/ro\/wp-json\/wp\/v2\/product"}],"about":[{"href":"https:\/\/antcube.shop\/ro\/wp-json\/wp\/v2\/types\/product"}],"replies":[{"embeddable":true,"href":"https:\/\/antcube.shop\/ro\/wp-json\/wp\/v2\/comments?post=3167"}],"wp:featuredmedia":[{"embeddable":true,"href":"https:\/\/antcube.shop\/ro\/wp-json\/wp\/v2\/media\/3007"}],"wp:attachment":[{"href":"https:\/\/antcube.shop\/ro\/wp-json\/wp\/v2\/media?parent=3167"}],"wp:term":[{"taxonomy":"product_brand","embeddable":true,"href":"https:\/\/antcube.shop\/ro\/wp-json\/wp\/v2\/product_brand?post=3167"},{"taxonomy":"product_cat","embeddable":true,"href":"https:\/\/antcube.shop\/ro\/wp-json\/wp\/v2\/product_cat?post=3167"},{"taxonomy":"product_tag","embeddable":true,"href":"https:\/\/antcube.shop\/ro\/wp-json\/wp\/v2\/product_tag?post=3167"}],"curies":[{"name":"wp","href":"https:\/\/api.w.org\/{rel}","templated":true}]}}