{"id":3162,"date":"2021-11-08T10:46:52","date_gmt":"2021-11-08T09:46:52","guid":{"rendered":"https:\/\/antcube.shop\/produkt\/antcube-eck-plattform-8x8-magnet\/"},"modified":"2026-04-09T14:38:28","modified_gmt":"2026-04-09T12:38:28","slug":"antcube-eck-plata-forma-de-platou-8x8-magnet","status":"publish","type":"product","link":"https:\/\/antcube.shop\/ro\/produs\/antcube-eck-plata-forma-de-platou-8x8-magnet\/","title":{"rendered":"Platforma de col\u021b ANTCUBE 8\u00d78 - magnetic"},"content":{"rendered":"<p><strong>Dimensiuni:<\/strong> 80 x 80 x 22 mm<\/p>\n<p><strong>Material:<\/strong> sticl\u0103 acrilic\u0103<\/p>\n<p><strong>Culoare:<\/strong> transparent<\/p>\n<p><strong>Con\u021binut:<\/strong> 1 buc. (3 p\u0103r\u021bi)<\/p>\n<p><strong>Descriere:<\/strong><br \/>\nPlatforma de col\u021b ANTCUBE 8\u00d78 - magnetic\u0103 poate fi fixat\u0103 \u00een orice formicarium cu ajutorul magne\u021bilor. Este potrivit\u0103 \u00een special \u00een formicarele noastre ANTCUBE mai \u00eenalte pentru a plasa pe ea hr\u0103nitori, boluri sau ad\u0103p\u0103tori.<br \/>\nPlatforma de col\u021b ANTCUBE Corner Platform 8\u00d78 - Magnetic poate fi mutat\u0103 la \u00een\u0103l\u021bimea sau ad\u00e2ncimea dorit\u0103 prin ata\u0219area din exterior cu ajutorul magne\u021bilor.<\/p>\n<p><strong>Aviz:<\/strong><br \/>\nDin cauza procesului de fabrica\u021bie, este posibil s\u0103 existe cr\u0103p\u0103turi u\u0219oare sau medii pe piesele magnetice.<\/p>\n<p>&nbsp;<\/p>","protected":false},"excerpt":{"rendered":"<p>Dimensiuni: 80 x 80 x 22 mm Material: sticl\u0103 acrilic\u0103 Culoare: transparent\u0103 Con\u021binut: 1 buc. (3 piese) Descriere: 1 buc: Platforma de col\u021b ANTCUBE 8x8 - magnetic poate fi fixat\u0103 \u00een orice formicarium cu ajutorul magne\u021bilor. Este potrivit\u0103 \u00een special \u00een formicarele noastre ANTCUBE mai \u00eenalte pentru a plasa pe ea hr\u0103nitori, boluri sau ad\u0103p\u0103tori. Site-ul","protected":false},"featured_media":3140,"comment_status":"open","ping_status":"closed","template":"","meta":{"_acf_changed":false,"content-type":"","_monsterinsights_skip_tracking":false,"_monsterinsights_sitenote_active":false,"_monsterinsights_sitenote_note":"","_monsterinsights_sitenote_category":0},"product_brand":[],"product_cat":[119,239],"product_tag":[],"class_list":{"0":"post-3162","1":"product","2":"type-product","3":"status-publish","4":"has-post-thumbnail","6":"product_cat-formicarium-components","7":"product_cat-useful-additions","9":"first","10":"instock","11":"taxable","12":"shipping-taxable","13":"purchasable","14":"product-type-simple"},"acf":[],"aioseo_notices":[],"jetpack_sharing_enabled":true,"_links":{"self":[{"href":"https:\/\/antcube.shop\/ro\/wp-json\/wp\/v2\/product\/3162","targetHints":{"allow":["GET"]}}],"collection":[{"href":"https:\/\/antcube.shop\/ro\/wp-json\/wp\/v2\/product"}],"about":[{"href":"https:\/\/antcube.shop\/ro\/wp-json\/wp\/v2\/types\/product"}],"replies":[{"embeddable":true,"href":"https:\/\/antcube.shop\/ro\/wp-json\/wp\/v2\/comments?post=3162"}],"wp:featuredmedia":[{"embeddable":true,"href":"https:\/\/antcube.shop\/ro\/wp-json\/wp\/v2\/media\/3140"}],"wp:attachment":[{"href":"https:\/\/antcube.shop\/ro\/wp-json\/wp\/v2\/media?parent=3162"}],"wp:term":[{"taxonomy":"product_brand","embeddable":true,"href":"https:\/\/antcube.shop\/ro\/wp-json\/wp\/v2\/product_brand?post=3162"},{"taxonomy":"product_cat","embeddable":true,"href":"https:\/\/antcube.shop\/ro\/wp-json\/wp\/v2\/product_cat?post=3162"},{"taxonomy":"product_tag","embeddable":true,"href":"https:\/\/antcube.shop\/ro\/wp-json\/wp\/v2\/product_tag?post=3162"}],"curies":[{"name":"wp","href":"https:\/\/api.w.org\/{rel}","templated":true}]}}