{"id":3161,"date":"2021-11-08T10:46:44","date_gmt":"2021-11-08T09:46:44","guid":{"rendered":"https:\/\/antcube.shop\/produkt\/malvenbluten-100g-getrocknet\/"},"modified":"2026-04-29T12:18:21","modified_gmt":"2026-04-29T10:18:21","slug":"malvenbluten-100g-getrocknet","status":"publish","type":"product","link":"https:\/\/antcube.shop\/ro\/produs\/malvenbluten-100g-getrocknet\/","title":{"rendered":"Flori de nalb\u0103 100g - uscate"},"content":{"rendered":"<p><strong>Cuprins:<\/strong><br \/>\n100 g de flori uscate de nalb\u0103<\/p>\n<p><strong>Descriere:<\/strong><br \/>\nFlorile de r\u0103chit\u0103 ca loc de reproducere pentru speciile de furnici care se hr\u0103nesc cu ciuperci. Este un produs pur natural.<\/p>\n<p><strong>Utilizare:<\/strong><br \/>\nFlori de salcie = pentru speciile de furnici care se \u00eenmul\u021besc cu ciuperci.<br \/>\nFlorile uscate nu fac dec\u00e2t s\u0103 serveasc\u0103 drept teren de reproducere pentru ciuperca furnicilor t\u0103ietori de frunze (se recomand\u0103 oferirea \u00een acela\u0219i timp a frunzelor proaspete ca hidratant).<br \/>\nPur \u0219i simplu pune\u021bi florile care urmeaz\u0103 s\u0103 fie hr\u0103nite \u00eentr-o camer\u0103 de hran\u0103 uscat\u0103.<\/p>\n<p><strong>Depozitare:<\/strong><br \/>\n\u00centr-un mediu uscat<\/p>\n<p><strong>Con\u021bine:<\/strong><br \/>\n100% flori uscate de nalb\u0103<\/p>","protected":false},"excerpt":{"rendered":"<p>Con\u021binut: 100g flori de nalb\u0103 uscate Descriere: Flori de malva ca loc de reproducere pentru speciile de furnici care se hr\u0103nesc cu ciuperci. Este un produs pur natural. Utilizare: Flori de malva = pentru speciile de furnici reproduc\u0103toare de ciuperci. Florile uscate servesc doar ca teren de reproducere pentru ciuperca furnicilor t\u0103ietoare de frunze (oferind frunze proaspete ca hidratant \u00een acela\u0219i timp [...]","protected":false},"featured_media":5483,"comment_status":"open","ping_status":"closed","template":"","meta":{"_acf_changed":false,"content-type":"","_monsterinsights_skip_tracking":false,"_monsterinsights_sitenote_active":false,"_monsterinsights_sitenote_note":"","_monsterinsights_sitenote_category":0},"product_brand":[],"product_cat":[115,116],"product_tag":[],"class_list":{"0":"post-3161","1":"product","2":"type-product","3":"status-publish","4":"has-post-thumbnail","6":"product_cat-food-and-feeding","7":"product_cat-food","9":"first","10":"instock","11":"taxable","12":"shipping-taxable","13":"purchasable","14":"product-type-simple"},"acf":[],"aioseo_notices":[],"jetpack_sharing_enabled":true,"_links":{"self":[{"href":"https:\/\/antcube.shop\/ro\/wp-json\/wp\/v2\/product\/3161","targetHints":{"allow":["GET"]}}],"collection":[{"href":"https:\/\/antcube.shop\/ro\/wp-json\/wp\/v2\/product"}],"about":[{"href":"https:\/\/antcube.shop\/ro\/wp-json\/wp\/v2\/types\/product"}],"replies":[{"embeddable":true,"href":"https:\/\/antcube.shop\/ro\/wp-json\/wp\/v2\/comments?post=3161"}],"wp:featuredmedia":[{"embeddable":true,"href":"https:\/\/antcube.shop\/ro\/wp-json\/wp\/v2\/media\/5483"}],"wp:attachment":[{"href":"https:\/\/antcube.shop\/ro\/wp-json\/wp\/v2\/media?parent=3161"}],"wp:term":[{"taxonomy":"product_brand","embeddable":true,"href":"https:\/\/antcube.shop\/ro\/wp-json\/wp\/v2\/product_brand?post=3161"},{"taxonomy":"product_cat","embeddable":true,"href":"https:\/\/antcube.shop\/ro\/wp-json\/wp\/v2\/product_cat?post=3161"},{"taxonomy":"product_tag","embeddable":true,"href":"https:\/\/antcube.shop\/ro\/wp-json\/wp\/v2\/product_tag?post=3161"}],"curies":[{"name":"wp","href":"https:\/\/api.w.org\/{rel}","templated":true}]}}