{"id":3159,"date":"2021-11-08T10:46:28","date_gmt":"2021-11-08T09:46:28","guid":{"rendered":"https:\/\/antcube.shop\/produkt\/rosenblutenblatter-100g-getrocknet\/"},"modified":"2026-04-02T09:54:04","modified_gmt":"2026-04-02T07:54:04","slug":"rosenblutenblatter-100g-getrocknet","status":"publish","type":"product","link":"https:\/\/antcube.shop\/ro\/produs\/rosenblutenblatter-100g-getrocknet\/","title":{"rendered":"Petale de trandafir 100g - uscate"},"content":{"rendered":"<p><strong>Cuprins:<\/strong><br \/>\n100 g de petale de trandafir uscate<\/p>\n<p><strong>Descriere:<\/strong><br \/>\nPetale de trandafir ca mediu de reproducere pentru speciile de furnici care se hr\u0103nesc cu ciuperci. Este un produs pur natural.<\/p>\n<p><strong>Utilizare:<\/strong><br \/>\nPetale de trandafir = pentru speciile de furnici care se \u00eenmul\u021besc cu ciuperci.<br \/>\nPetalele uscate nu fac dec\u00e2t s\u0103 serveasc\u0103 drept teren de reproducere pentru ciuperca furnicilor t\u0103ietori de frunze (se recomand\u0103 s\u0103 oferi\u021bi \u00een acela\u0219i timp frunze proaspete ca hidratant).<br \/>\nPur \u0219i simplu pune\u021bi petalele care urmeaz\u0103 s\u0103 fie hr\u0103nite \u00eentr-o camer\u0103 de hran\u0103 uscat\u0103.<\/p>\n<p><strong>Depozitare:<\/strong><br \/>\n\u00centr-un mediu uscat<\/p>\n<p><strong>Con\u021bine:<\/strong><br \/>\n100% petale de trandafir uscate<\/p>","protected":false},"excerpt":{"rendered":"<p>Contents: 100g dried rose petals Description: Rose petals as a breeding ground for fungus-breeding ant species. It is a purely natural product. Usage: Rose petals = for fungus breeding ant species. The dry petals only serve as a breeding ground for the fungus of leafcutter ants (offering fresh leafs as a moisturizer at the same [&#8230;]","protected":false},"featured_media":5485,"comment_status":"open","ping_status":"closed","template":"","meta":{"_acf_changed":false,"content-type":"","_monsterinsights_skip_tracking":false,"_monsterinsights_sitenote_active":false,"_monsterinsights_sitenote_note":"","_monsterinsights_sitenote_category":0},"product_brand":[],"product_cat":[115,116],"product_tag":[],"class_list":{"0":"post-3159","1":"product","2":"type-product","3":"status-publish","4":"has-post-thumbnail","6":"product_cat-food-and-feeding","7":"product_cat-food","9":"first","10":"instock","11":"taxable","12":"shipping-taxable","13":"purchasable","14":"product-type-simple"},"acf":[],"aioseo_notices":[],"jetpack_sharing_enabled":true,"_links":{"self":[{"href":"https:\/\/antcube.shop\/ro\/wp-json\/wp\/v2\/product\/3159","targetHints":{"allow":["GET"]}}],"collection":[{"href":"https:\/\/antcube.shop\/ro\/wp-json\/wp\/v2\/product"}],"about":[{"href":"https:\/\/antcube.shop\/ro\/wp-json\/wp\/v2\/types\/product"}],"replies":[{"embeddable":true,"href":"https:\/\/antcube.shop\/ro\/wp-json\/wp\/v2\/comments?post=3159"}],"wp:featuredmedia":[{"embeddable":true,"href":"https:\/\/antcube.shop\/ro\/wp-json\/wp\/v2\/media\/5485"}],"wp:attachment":[{"href":"https:\/\/antcube.shop\/ro\/wp-json\/wp\/v2\/media?parent=3159"}],"wp:term":[{"taxonomy":"product_brand","embeddable":true,"href":"https:\/\/antcube.shop\/ro\/wp-json\/wp\/v2\/product_brand?post=3159"},{"taxonomy":"product_cat","embeddable":true,"href":"https:\/\/antcube.shop\/ro\/wp-json\/wp\/v2\/product_cat?post=3159"},{"taxonomy":"product_tag","embeddable":true,"href":"https:\/\/antcube.shop\/ro\/wp-json\/wp\/v2\/product_tag?post=3159"}],"curies":[{"name":"wp","href":"https:\/\/api.w.org\/{rel}","templated":true}]}}