{"id":3155,"date":"2021-11-08T10:46:04","date_gmt":"2021-11-08T09:46:04","guid":{"rendered":"https:\/\/antcube.shop\/produkt\/kornerfutter-media-in-2ml-futterrohrchen-10-st\/"},"modified":"2026-03-31T18:19:14","modified_gmt":"2026-03-31T16:19:14","slug":"kornerfutter-media-in-2ml-futterrohrchen-10-st","status":"publish","type":"product","link":"https:\/\/antcube.shop\/ro\/produs\/kornerfutter-media-in-2ml-futterrohrchen-10-st\/","title":{"rendered":"Hran\u0103 pentru cereale Media \u00een tuburi de alimentare de 2 ml - 10 buc."},"content":{"rendered":"<p><strong>Con\u021binut:<\/strong> 10x 2 ml<\/p>\n<p><strong>Descriere:<\/strong> boabe\/semin\u021be de dimensiuni medii pentru colonii mai mari de specii de furnici colectoare de boabe, cum ar fi genul Messor, care con\u021bin deja lucr\u0103toare medii.<\/p>\n<p><strong>Cerere:<\/strong> Tubul de hr\u0103nire poate fi plasat ca un \u00eentreg \u00een formicariu; alternativ, se pot ad\u0103uga cantit\u0103\u021bi mai mici \u00eentr-un bol de hr\u0103nire, \u00een func\u021bie de necesit\u0103\u021bi\/\u00een func\u021bie de m\u0103rimea coloniei. Cerealele sunt acceptate \u00een primul r\u00e2nd de speciile care colecteaz\u0103 cereale, cum ar fi speciile din genul Messor sau, de asemenea, Pheidole.<\/p>\n<p><strong>Aviz:<\/strong><br \/>\nInforma\u021bii privind utilizarea tuburilor de hr\u0103nire pot fi g\u0103site aici: Link<br \/>\nHran\u0103 suplimentar\u0103 pentru furnicile granivore.<br \/>\nV\u0103 rug\u0103m s\u0103 consulta\u021bi prospectul pentru compozi\u021bia, componentele analitice, data limit\u0103 de consum \u0219i num\u0103rul de lot.<\/p>\n<p>Linia telefonic\u0103 pentru informa\u021bii +49 30 439703870<\/p>\n<p>Autoritatea veterinar\u0103 \u0219i de supraveghere alimentar\u0103 responsabil\u0103:<br \/>\nCabinet veterinar Steglitz<br \/>\nK\u00f6nigin-Luise-Str. 92<br \/>\n14195 Berlin<\/p>","protected":false},"excerpt":{"rendered":"<p>Alimente suplimentare<\/p>","protected":false},"featured_media":3150,"comment_status":"open","ping_status":"closed","template":"","meta":{"_acf_changed":false,"content-type":"","_monsterinsights_skip_tracking":false,"_monsterinsights_sitenote_active":false,"_monsterinsights_sitenote_note":"","_monsterinsights_sitenote_category":0},"product_brand":[],"product_cat":[115,116],"product_tag":[],"class_list":{"0":"post-3155","1":"product","2":"type-product","3":"status-publish","4":"has-post-thumbnail","6":"product_cat-food-and-feeding","7":"product_cat-food","9":"first","10":"instock","11":"taxable","12":"shipping-taxable","13":"purchasable","14":"product-type-simple"},"acf":[],"aioseo_notices":[],"jetpack_sharing_enabled":true,"_links":{"self":[{"href":"https:\/\/antcube.shop\/ro\/wp-json\/wp\/v2\/product\/3155","targetHints":{"allow":["GET"]}}],"collection":[{"href":"https:\/\/antcube.shop\/ro\/wp-json\/wp\/v2\/product"}],"about":[{"href":"https:\/\/antcube.shop\/ro\/wp-json\/wp\/v2\/types\/product"}],"replies":[{"embeddable":true,"href":"https:\/\/antcube.shop\/ro\/wp-json\/wp\/v2\/comments?post=3155"}],"wp:featuredmedia":[{"embeddable":true,"href":"https:\/\/antcube.shop\/ro\/wp-json\/wp\/v2\/media\/3150"}],"wp:attachment":[{"href":"https:\/\/antcube.shop\/ro\/wp-json\/wp\/v2\/media?parent=3155"}],"wp:term":[{"taxonomy":"product_brand","embeddable":true,"href":"https:\/\/antcube.shop\/ro\/wp-json\/wp\/v2\/product_brand?post=3155"},{"taxonomy":"product_cat","embeddable":true,"href":"https:\/\/antcube.shop\/ro\/wp-json\/wp\/v2\/product_cat?post=3155"},{"taxonomy":"product_tag","embeddable":true,"href":"https:\/\/antcube.shop\/ro\/wp-json\/wp\/v2\/product_tag?post=3155"}],"curies":[{"name":"wp","href":"https:\/\/api.w.org\/{rel}","templated":true}]}}