{"id":3152,"date":"2021-11-08T10:45:38","date_gmt":"2021-11-08T09:45:38","guid":{"rendered":"https:\/\/antcube.shop\/produkt\/antcube-ameisenfarm-xl-20x20-stehend\/"},"modified":"2026-04-10T09:16:05","modified_gmt":"2026-04-10T07:16:05","slug":"antcube-ameisenfarm-xl-20x20-stehend","status":"publish","type":"product","link":"https:\/\/antcube.shop\/ro\/produs\/antcube-ameisenfarm-xl-20x20-stehend\/","title":{"rendered":"ANTCUBE - Antfarm - XL - 20\u00d720 - \u00een picioare"},"content":{"rendered":"<p><strong>Dimensiuni (LxLxA):<\/strong><br \/>\nexterior: 190x58x199 mm<br \/>\ninterior: 184x50x190 mm<\/p>\n<p><strong>Material:<\/strong><br \/>\nSticl\u0103 flotant\u0103, plastic<\/p>\n<p><strong>Culoare:<\/strong><br \/>\nfoarte clar<\/p>\n<p><strong>Con\u021binut:<\/strong><br \/>\n1x ANTCUBE furnicar de furnici - distan\u021ba dintre pl\u0103ci de 52 mm.<br \/>\n1x Capac de ferm\u0103 de furnici XL 20\u00d76<br \/>\n2x fi\u0219\u0103 4mm<\/p>\n<p><strong>Conexiune:<\/strong><br \/>\nPe ambele p\u0103r\u021bi ve\u021bi g\u0103si o gaur\u0103 de 27 mm, astfel \u00eenc\u00e2t aceast\u0103 ferm\u0103 poate fi conectat\u0103 cu un furtun de 28 mm sau cu \"conectorul nostru de rezervor cu furtun pentru g\u0103uri de 27 mm\".<br \/>\n2 g\u0103uri de 4 mm cu dopuri de 4 mm.<\/p>\n<p><strong>Descriere:<\/strong><br \/>\nAcest furnicar complet transparent este potrivit pentru <strong>XL<\/strong> dimensiunea speciilor de furnici.<\/p>\n<p><strong>Note privind produc\u021bia<\/strong><br \/>\nSticla este t\u0103iat\u0103 \u00een conformitate cu DIN 1249 cu o toleran\u021b\u0103 de +\/- 1 mm. Pentru speciile de furnici extrem de mici este esen\u021bial\u0103 o protec\u021bie suplimentar\u0103 \u00eempotriva spargerii.<\/p>\n<p><strong>Not\u0103 privind ferma<\/strong><br \/>\nV\u0103 rug\u0103m s\u0103 \u021bine\u021bi cont de urm\u0103toarele atunci c\u00e2nd ata\u0219a\u021bi furtunurile:<br \/>\n\u00cen cazul \u00een care tubulatura se potrive\u0219te foarte greu pe buc\u0219a conectorului, buc\u0219a trebuie s\u0103 fie frecat\u0103 u\u0219or cu o pic\u0103tur\u0103 din uleiul sau pulberea noastr\u0103 de protec\u021bie \u00eempotriva spargerii. Furtunul trebuie apoi \u00eempins pe buc\u0219\u0103 prin mi\u0219c\u0103ri de r\u0103sucire sau \u00een\u0219urubare, f\u0103r\u0103 a \u00eenc\u0103rca buc\u0219a cu mi\u0219c\u0103ri de sus \u00een jos.<\/p>","protected":false},"excerpt":{"rendered":"<p>Dimensiune: <span style=\"font-size: small;\"><span style=\"font-family: Arial;\"><strong>XL<\/strong><\/span><\/span><\/p>","protected":false},"featured_media":3129,"comment_status":"open","ping_status":"closed","template":"","meta":{"_acf_changed":false,"content-type":"","_monsterinsights_skip_tracking":false,"_monsterinsights_sitenote_active":false,"_monsterinsights_sitenote_note":"","_monsterinsights_sitenote_category":0},"product_brand":[],"product_cat":[80,84],"product_tag":[],"class_list":{"0":"post-3152","1":"product","2":"type-product","3":"status-publish","4":"has-post-thumbnail","6":"product_cat-antfarms","7":"product_cat-antfarms-xl","9":"first","10":"instock","11":"taxable","12":"shipping-taxable","13":"purchasable","14":"product-type-simple"},"acf":[],"aioseo_notices":[],"jetpack_sharing_enabled":true,"_links":{"self":[{"href":"https:\/\/antcube.shop\/ro\/wp-json\/wp\/v2\/product\/3152","targetHints":{"allow":["GET"]}}],"collection":[{"href":"https:\/\/antcube.shop\/ro\/wp-json\/wp\/v2\/product"}],"about":[{"href":"https:\/\/antcube.shop\/ro\/wp-json\/wp\/v2\/types\/product"}],"replies":[{"embeddable":true,"href":"https:\/\/antcube.shop\/ro\/wp-json\/wp\/v2\/comments?post=3152"}],"wp:featuredmedia":[{"embeddable":true,"href":"https:\/\/antcube.shop\/ro\/wp-json\/wp\/v2\/media\/3129"}],"wp:attachment":[{"href":"https:\/\/antcube.shop\/ro\/wp-json\/wp\/v2\/media?parent=3152"}],"wp:term":[{"taxonomy":"product_brand","embeddable":true,"href":"https:\/\/antcube.shop\/ro\/wp-json\/wp\/v2\/product_brand?post=3152"},{"taxonomy":"product_cat","embeddable":true,"href":"https:\/\/antcube.shop\/ro\/wp-json\/wp\/v2\/product_cat?post=3152"},{"taxonomy":"product_tag","embeddable":true,"href":"https:\/\/antcube.shop\/ro\/wp-json\/wp\/v2\/product_tag?post=3152"}],"curies":[{"name":"wp","href":"https:\/\/api.w.org\/{rel}","templated":true}]}}